{"id":148954,"date":"2025-09-09T08:09:53","date_gmt":"2025-09-09T08:09:53","guid":{"rendered":"https:\/\/horecacenter.com\/?post_type=product&#038;p=148954"},"modified":"2026-01-03T06:53:20","modified_gmt":"2026-01-03T06:53:20","slug":"banquette-de-cafe-restaurant-et-horeca-troje-velours-rose","status":"publish","type":"product","link":"https:\/\/horecacenter.com\/fr\/produit\/banquette-de-cafe-restaurant-et-horeca-troje-velours-rose\/","title":{"rendered":"Banquette de Restaurant &#8211; TROJE &#8211; Velours Rose"},"content":{"rendered":"<p><span style=\"color: #000000;\">Notre collection Vintage offre un look \u00e9l\u00e9gant et robuste.<\/span><br \/>\n<span style=\"color: #000000;\">Gr\u00e2ce \u00e0 ses pieds \u00e9troits et ses lignes distinctes, cette collection offre l&rsquo;atmosph\u00e8re et le confort n\u00e9cessaires dans votre int\u00e9rieur.<\/span><\/p>\n<p><span style=\"color: #000000;\">La conception d&rsquo;un projet est cruciale. Nos conseillers professionnels sont \u00e0 l&rsquo;\u00e9coute de vos souhaits et attentes pour vous aider au mieux dans la conception de votre int\u00e9rieur.<\/span><br \/>\n<span style=\"color: #000000;\">Les mod\u00e8les de showroom vous aident \u00e0 trouver l&rsquo;inspiration pour l&rsquo;int\u00e9rieur.<\/span><br \/>\n<span style=\"color: #000000;\">Nos conseillers se feront un plaisir de vous donner le temps de discuter de tout dans les moindres d\u00e9tails. Veuillez prendre rendez-vous au +32 3685 73 03.<\/span><\/p>\n<p><span style=\"color: #000000;\">Attention ! Les dimensions des banquettes sont susceptibles de varier de 1 \u00e0 2 cm selon le mat\u00e9riel utilis\u00e9.<\/span><\/p>\n","protected":false},"excerpt":{"rendered":"<p>Notre collection Vintage offre un look \u00e9l\u00e9gant et robuste. Gr\u00e2ce \u00e0 ses pieds \u00e9troits et ses lignes distinctes, cette collection<\/p>\n","protected":false},"featured_media":150586,"comment_status":"closed","ping_status":"closed","template":"","meta":[],"product_brand":[],"product_cat":[10468],"product_tag":[10535,10540,10610,10663,10664,10665,10927],"class_list":{"0":"post-148954","1":"product","2":"type-product","3":"status-publish","4":"has-post-thumbnail","6":"product_cat-banquette-avec-pieds-en-metal-dore","7":"product_tag-horeca-m-bel","8":"product_tag-horeca-furniture","9":"product_tag-meubles-horeca","10":"product_tag-meubles-de-restaurant","11":"product_tag-restaurant-furniture","12":"product_tag-restaurant-m-bel","13":"product_tag-restaurant-inrichting","14":"pa_product-color-color-rose-fr","15":"pa_product-frame-color-or-frame-color-fr","16":"pa_product-more-colors-oui-fr","17":"pa_product-seat-height-cm-45-seat-height-cm-fr","18":"pa_product-seats-2-seats-fr","19":"pa_product-upholstery-upholstery-velours-fr","20":"pa_product-usage-usage-interieur-fr","22":"first","23":"onbackorder","24":"sale","25":"taxable","26":"shipping-taxable","27":"purchasable","28":"product-type-simple"},"_links":{"self":[{"href":"https:\/\/horecacenter.com\/fr\/wp-json\/wp\/v2\/product\/148954","targetHints":{"allow":["GET"]}}],"collection":[{"href":"https:\/\/horecacenter.com\/fr\/wp-json\/wp\/v2\/product"}],"about":[{"href":"https:\/\/horecacenter.com\/fr\/wp-json\/wp\/v2\/types\/product"}],"replies":[{"embeddable":true,"href":"https:\/\/horecacenter.com\/fr\/wp-json\/wp\/v2\/comments?post=148954"}],"version-history":[{"count":1,"href":"https:\/\/horecacenter.com\/fr\/wp-json\/wp\/v2\/product\/148954\/revisions"}],"predecessor-version":[{"id":175242,"href":"https:\/\/horecacenter.com\/fr\/wp-json\/wp\/v2\/product\/148954\/revisions\/175242"}],"wp:featuredmedia":[{"embeddable":true,"href":"https:\/\/horecacenter.com\/fr\/wp-json\/wp\/v2\/media\/150586"}],"wp:attachment":[{"href":"https:\/\/horecacenter.com\/fr\/wp-json\/wp\/v2\/media?parent=148954"}],"wp:term":[{"taxonomy":"product_brand","embeddable":true,"href":"https:\/\/horecacenter.com\/fr\/wp-json\/wp\/v2\/product_brand?post=148954"},{"taxonomy":"product_cat","embeddable":true,"href":"https:\/\/horecacenter.com\/fr\/wp-json\/wp\/v2\/product_cat?post=148954"},{"taxonomy":"product_tag","embeddable":true,"href":"https:\/\/horecacenter.com\/fr\/wp-json\/wp\/v2\/product_tag?post=148954"}],"curies":[{"name":"wp","href":"https:\/\/api.w.org\/{rel}","templated":true}]}}