{"id":149020,"date":"2025-09-09T10:07:30","date_gmt":"2025-09-09T10:07:30","guid":{"rendered":"https:\/\/horecacenter.com\/?post_type=product&#038;p=149020"},"modified":"2026-01-19T14:39:55","modified_gmt":"2026-01-19T14:39:55","slug":"banquette-de-cafe-restaurant-et-horeca-queen-simili-cuir-vintage-noir","status":"publish","type":"product","link":"https:\/\/horecacenter.com\/fr\/produit\/banquette-de-cafe-restaurant-et-horeca-queen-simili-cuir-vintage-noir\/","title":{"rendered":"Banquette de Restaurant &#8211; QUEEN &#8211; Simili Cuir Noir"},"content":{"rendered":"<p><span style=\"color: #000000;\">Cette collection peut \u00e9galement \u00eatre produite dans des tailles allant jusqu&rsquo;\u00e0 200 cm, avec un large choix de tissus et de couleurs.<\/span><\/p>\n<p><span style=\"color: #000000;\">Attention ! Les dimensions des banquettes sont susceptibles de varier de 1 \u00e0 2 cm selon le mat\u00e9riel utilis\u00e9.<\/span><\/p>\n","protected":false},"excerpt":{"rendered":"<p>Cette collection peut \u00e9galement \u00eatre produite dans des tailles allant jusqu&rsquo;\u00e0 200 cm, avec un large choix de tissus et<\/p>\n","protected":false},"featured_media":150719,"comment_status":"closed","ping_status":"closed","template":"","meta":[],"product_brand":[],"product_cat":[15866,9860],"product_tag":[10533,10535,10540,10610,10663,10664,10665,10927],"class_list":{"0":"post-149020","1":"product","2":"type-product","3":"status-publish","4":"has-post-thumbnail","6":"product_cat-banque-queen","7":"product_cat-nouveau","8":"product_tag-horeca-meubelen","9":"product_tag-horeca-m-bel","10":"product_tag-horeca-furniture","11":"product_tag-meubles-horeca","12":"product_tag-meubles-de-restaurant","13":"product_tag-restaurant-furniture","14":"product_tag-restaurant-m-bel","15":"product_tag-restaurant-inrichting","16":"pa_product-color-color-noir-fr","17":"pa_product-frame-color-wenge-frame-color-fr","18":"pa_product-more-colors-oui-fr","19":"pa_product-seat-height-cm-48-seat-height-cm-fr","20":"pa_product-seats-2-seats-fr","21":"pa_product-upholstery-upholstery-simili-cuir-fr","22":"pa_product-usage-usage-interieur-fr","24":"first","25":"onbackorder","26":"sale","27":"taxable","28":"shipping-taxable","29":"purchasable","30":"product-type-simple"},"_links":{"self":[{"href":"https:\/\/horecacenter.com\/fr\/wp-json\/wp\/v2\/product\/149020","targetHints":{"allow":["GET"]}}],"collection":[{"href":"https:\/\/horecacenter.com\/fr\/wp-json\/wp\/v2\/product"}],"about":[{"href":"https:\/\/horecacenter.com\/fr\/wp-json\/wp\/v2\/types\/product"}],"replies":[{"embeddable":true,"href":"https:\/\/horecacenter.com\/fr\/wp-json\/wp\/v2\/comments?post=149020"}],"version-history":[{"count":2,"href":"https:\/\/horecacenter.com\/fr\/wp-json\/wp\/v2\/product\/149020\/revisions"}],"predecessor-version":[{"id":177713,"href":"https:\/\/horecacenter.com\/fr\/wp-json\/wp\/v2\/product\/149020\/revisions\/177713"}],"wp:featuredmedia":[{"embeddable":true,"href":"https:\/\/horecacenter.com\/fr\/wp-json\/wp\/v2\/media\/150719"}],"wp:attachment":[{"href":"https:\/\/horecacenter.com\/fr\/wp-json\/wp\/v2\/media?parent=149020"}],"wp:term":[{"taxonomy":"product_brand","embeddable":true,"href":"https:\/\/horecacenter.com\/fr\/wp-json\/wp\/v2\/product_brand?post=149020"},{"taxonomy":"product_cat","embeddable":true,"href":"https:\/\/horecacenter.com\/fr\/wp-json\/wp\/v2\/product_cat?post=149020"},{"taxonomy":"product_tag","embeddable":true,"href":"https:\/\/horecacenter.com\/fr\/wp-json\/wp\/v2\/product_tag?post=149020"}],"curies":[{"name":"wp","href":"https:\/\/api.w.org\/{rel}","templated":true}]}}