{"id":149170,"date":"2025-09-10T07:51:45","date_gmt":"2025-09-10T07:51:45","guid":{"rendered":"https:\/\/horecacenter.com\/?post_type=product&#038;p=149170"},"modified":"2026-04-07T12:15:45","modified_gmt":"2026-04-07T12:15:45","slug":"banquette-de-cafe-restaurant-et-horeca-themis-microfibre-brun","status":"publish","type":"product","link":"https:\/\/horecacenter.com\/fr\/produit\/banquette-de-cafe-restaurant-et-horeca-themis-microfibre-brun\/","title":{"rendered":"Banquette de Restaurant &#8211; THEMIS &#8211; Microfibre Brun"},"content":{"rendered":"<p><span style=\"color: #000000;\">Notre collection Vintage offre un look \u00e9l\u00e9gant et robuste.<\/span><br \/>\n<span style=\"color: #000000;\">Gr\u00e2ce \u00e0 ses pieds \u00e9troits et ses lignes distinctes, cette collection offre l&rsquo;atmosph\u00e8re et le confort n\u00e9cessaires dans votre int\u00e9rieur.<\/span><br \/>\n<span style=\"color: #000000;\"><em>Cette collection Luxury Vintage est \u00e9galement disponible sur-mesure jusqu&rsquo;\u00e0 200 cm, ainsi qu&rsquo;avec le choix de tissus et coloris. Suppl\u00e9ment de 50% pour les commandes sur mesure.<\/em><\/span><\/p>\n<p><span style=\"color: #000000;\">La conception d&rsquo;un projet est crucial. Nos conseillers professionnels sont \u00e0 l&rsquo;\u00e9coute de vos souhaits et attentes pour vous aider au mieux dans la conception de votre int\u00e9rieur.<\/span><br \/>\n<span style=\"color: #000000;\">Les mod\u00e8les de showroom vous aident \u00e0 trouver l&rsquo;inspiration pour l&rsquo;int\u00e9rieur.<\/span><br \/>\n<span style=\"color: #000000;\">Nos conseillers se feront un plaisir de vous donner le temps de discuter de tout dans les moindres d\u00e9tails. Veuillez prendre rendez-vous au <a href=\"tel:+32 3 685 73 03\">+32 3 685 73 03<\/a>.<\/span><\/p>\n<p><span style=\"color: #000000;\">Attention ! Les dimensions des banquettes sont susceptibles de varier de 1 \u00e0 2 cm selon le mat\u00e9riel utilis\u00e9.<\/span><\/p>\n","protected":false},"excerpt":{"rendered":"<p>Notre collection Vintage offre un look \u00e9l\u00e9gant et robuste. Gr\u00e2ce \u00e0 ses pieds \u00e9troits et ses lignes distinctes, cette collection<\/p>\n","protected":false},"featured_media":184905,"comment_status":"closed","ping_status":"closed","template":"","meta":[],"product_brand":[],"product_cat":[15842,10168],"product_tag":[10664,10665,10927,10533,10535,10540,10610,10663],"class_list":{"0":"post-149170","1":"product","2":"type-product","3":"status-publish","4":"has-post-thumbnail","6":"product_cat-banquettes-themis","7":"product_cat-vintage-banquettes","8":"product_tag-restaurant-furniture","9":"product_tag-restaurant-m-bel","10":"product_tag-restaurant-inrichting","11":"product_tag-horeca-meubelen","12":"product_tag-horeca-m-bel","13":"product_tag-horeca-furniture","14":"product_tag-meubles-horeca","15":"product_tag-meubles-de-restaurant","16":"pa_dimension-120cm-fr","17":"pa_dimension-140cm-fr","18":"pa_dimension-150cm-fr","19":"pa_dimension-160cm-fr","20":"pa_dimension-180cm-fr","21":"pa_dimension-200cm-fr","22":"pa_product-color-color-brun-fr","23":"pa_product-frame-color-noir-framecolor-fr","24":"pa_product-more-colors-oui-fr","25":"pa_product-seats-2-seats-fr","26":"pa_product-upholstery-upholstery-microfibre-fr","27":"pa_product-usage-usage-interieur-fr","29":"first","30":"onbackorder","31":"sale","32":"taxable","33":"shipping-taxable","34":"purchasable","35":"product-type-variable","36":"hc-var-dimension"},"_links":{"self":[{"href":"https:\/\/horecacenter.com\/fr\/wp-json\/wp\/v2\/product\/149170","targetHints":{"allow":["GET"]}}],"collection":[{"href":"https:\/\/horecacenter.com\/fr\/wp-json\/wp\/v2\/product"}],"about":[{"href":"https:\/\/horecacenter.com\/fr\/wp-json\/wp\/v2\/types\/product"}],"replies":[{"embeddable":true,"href":"https:\/\/horecacenter.com\/fr\/wp-json\/wp\/v2\/comments?post=149170"}],"version-history":[{"count":2,"href":"https:\/\/horecacenter.com\/fr\/wp-json\/wp\/v2\/product\/149170\/revisions"}],"predecessor-version":[{"id":185045,"href":"https:\/\/horecacenter.com\/fr\/wp-json\/wp\/v2\/product\/149170\/revisions\/185045"}],"wp:featuredmedia":[{"embeddable":true,"href":"https:\/\/horecacenter.com\/fr\/wp-json\/wp\/v2\/media\/184905"}],"wp:attachment":[{"href":"https:\/\/horecacenter.com\/fr\/wp-json\/wp\/v2\/media?parent=149170"}],"wp:term":[{"taxonomy":"product_brand","embeddable":true,"href":"https:\/\/horecacenter.com\/fr\/wp-json\/wp\/v2\/product_brand?post=149170"},{"taxonomy":"product_cat","embeddable":true,"href":"https:\/\/horecacenter.com\/fr\/wp-json\/wp\/v2\/product_cat?post=149170"},{"taxonomy":"product_tag","embeddable":true,"href":"https:\/\/horecacenter.com\/fr\/wp-json\/wp\/v2\/product_tag?post=149170"}],"curies":[{"name":"wp","href":"https:\/\/api.w.org\/{rel}","templated":true}]}}