{"id":149186,"date":"2025-09-10T08:35:32","date_gmt":"2025-09-10T08:35:32","guid":{"rendered":"https:\/\/horecacenter.com\/?post_type=product&#038;p=149186"},"modified":"2026-04-07T11:27:42","modified_gmt":"2026-04-07T11:27:42","slug":"banquette-de-cafe-restaurant-et-horeca-american-simili-cuir-noir","status":"publish","type":"product","link":"https:\/\/horecacenter.com\/fr\/produit\/banquette-de-cafe-restaurant-et-horeca-american-simili-cuir-noir\/","title":{"rendered":"Banquette de Restaurant &#8211; AMERICAN &#8211; Simili Cuir Noir"},"content":{"rendered":"<p><span style=\"color: #000000;\">Le canap\u00e9 Am\u00e9ricain old-school a une fine bordure qui offre un contraste. De plus, il est \u00e9galement facile \u00e0 entretenir. Il convient \u00e0 tous les \u00e9tablissements de restauration et avec sa largeur de 120 cm il peut accueillir deux personnes.<\/span><\/p>\n<p><span style=\"color: #000000;\">Attention ! The dimensions of the benches are likely to vary by 1 to 2 cm depending on the material used.<\/span><\/p>\n","protected":false},"excerpt":{"rendered":"<p>Le canap\u00e9 Am\u00e9ricain old-school a une fine bordure qui offre un contraste. De plus, il est \u00e9galement facile \u00e0 entretenir.<\/p>\n","protected":false},"featured_media":72428,"comment_status":"closed","ping_status":"closed","template":"","meta":[],"product_brand":[],"product_cat":[9792],"product_tag":[10927,10535,10540,10610,10660,10664,10665],"class_list":{"0":"post-149186","1":"product","2":"type-product","3":"status-publish","4":"has-post-thumbnail","6":"product_cat-american-banquettes","7":"product_tag-restaurant-inrichting","8":"product_tag-horeca-m-bel","9":"product_tag-horeca-furniture","10":"product_tag-meubles-horeca","11":"product_tag-restaurant-meubelen","12":"product_tag-restaurant-furniture","13":"product_tag-restaurant-m-bel","14":"pa_product-color-color-noir-fr","15":"pa_product-color-color-rouge-fr","16":"pa_product-frame-color-wenge-frame-color-fr","17":"pa_product-more-colors-oui-fr","18":"pa_product-seat-height-cm-44-seat-height-cm-fr","19":"pa_product-seats-2-seats-fr","20":"pa_product-upholstery-upholstery-simili-cuir-fr","21":"pa_product-usage-usage-interieur-fr","23":"first","24":"instock","25":"sale","26":"taxable","27":"shipping-taxable","28":"purchasable","29":"product-type-simple"},"_links":{"self":[{"href":"https:\/\/horecacenter.com\/fr\/wp-json\/wp\/v2\/product\/149186","targetHints":{"allow":["GET"]}}],"collection":[{"href":"https:\/\/horecacenter.com\/fr\/wp-json\/wp\/v2\/product"}],"about":[{"href":"https:\/\/horecacenter.com\/fr\/wp-json\/wp\/v2\/types\/product"}],"replies":[{"embeddable":true,"href":"https:\/\/horecacenter.com\/fr\/wp-json\/wp\/v2\/comments?post=149186"}],"version-history":[{"count":1,"href":"https:\/\/horecacenter.com\/fr\/wp-json\/wp\/v2\/product\/149186\/revisions"}],"predecessor-version":[{"id":175199,"href":"https:\/\/horecacenter.com\/fr\/wp-json\/wp\/v2\/product\/149186\/revisions\/175199"}],"wp:featuredmedia":[{"embeddable":true,"href":"https:\/\/horecacenter.com\/fr\/wp-json\/wp\/v2\/media\/72428"}],"wp:attachment":[{"href":"https:\/\/horecacenter.com\/fr\/wp-json\/wp\/v2\/media?parent=149186"}],"wp:term":[{"taxonomy":"product_brand","embeddable":true,"href":"https:\/\/horecacenter.com\/fr\/wp-json\/wp\/v2\/product_brand?post=149186"},{"taxonomy":"product_cat","embeddable":true,"href":"https:\/\/horecacenter.com\/fr\/wp-json\/wp\/v2\/product_cat?post=149186"},{"taxonomy":"product_tag","embeddable":true,"href":"https:\/\/horecacenter.com\/fr\/wp-json\/wp\/v2\/product_tag?post=149186"}],"curies":[{"name":"wp","href":"https:\/\/api.w.org\/{rel}","templated":true}]}}