{"id":149211,"date":"2025-09-11T07:36:34","date_gmt":"2025-09-11T07:36:34","guid":{"rendered":"https:\/\/horecacenter.com\/?post_type=product&#038;p=149211"},"modified":"2026-01-03T06:52:02","modified_gmt":"2026-01-03T06:52:02","slug":"banquette-dangle-de-cafe-restaurant-et-horeca-napoli-simili-cuir-noir","status":"publish","type":"product","link":"https:\/\/horecacenter.com\/fr\/produit\/banquette-dangle-de-cafe-restaurant-et-horeca-napoli-simili-cuir-noir\/","title":{"rendered":"Banquette d&rsquo;Angle de Restaurant &#8211; NAPOLI &#8211; Simili Cuir Noir"},"content":{"rendered":"<p><span style=\"color: #000000;\">Napoli est un classique de premi\u00e8re qualit\u00e9 ! Ce canap\u00e9 est fait de cuir de haute qualit\u00e9 avec une apparence luxueuse. Convient pour un int\u00e9rieur \u00e9l\u00e9gant.Recouvert de cuir artificiel Santiago facile d&rsquo;entretien. Il convient \u00e0 tous les \u00e9tablissements de restauration. Fourni avec une base en MDF noir et un clou de glissement en plastique standard en bas.<\/span><\/p>\n<p><span style=\"color: #000000;\">Ce produit est \u00e9galement disponible sur-mesure jusqu&rsquo;\u00e0 200 cm, ainsi qu&rsquo;avec le choix de tissus et coloris.<\/span><\/p>\n<p><span style=\"color: #000000;\">Attention ! Les dimensions des banquettes sont susceptibles de varier de 1 \u00e0 2 cm selon le mat\u00e9riel utilis\u00e9.<\/span><\/p>\n","protected":false},"excerpt":{"rendered":"<p>Napoli est un classique de premi\u00e8re qualit\u00e9 ! Ce canap\u00e9 est fait de cuir de haute qualit\u00e9 avec une apparence<\/p>\n","protected":false},"featured_media":149208,"comment_status":"closed","ping_status":"closed","template":"","meta":[],"product_brand":[],"product_cat":[10056],"product_tag":[10535,10540,10610,13064],"class_list":{"0":"post-149211","1":"product","2":"type-product","3":"status-publish","4":"has-post-thumbnail","6":"product_cat-napoli-banquettes","7":"product_tag-horeca-m-bel","8":"product_tag-horeca-furniture","9":"product_tag-meubles-horeca","10":"product_tag-cafe-inrichting","11":"pa_product-color-color-noir-fr","12":"pa_product-frame-color-wenge-frame-color-fr","13":"pa_product-more-colors-oui-fr","14":"pa_product-seat-height-cm-49-seat-height-cm-fr","15":"pa_product-seats-1-seats-fr","16":"pa_product-upholstery-upholstery-simili-cuir-fr","17":"pa_product-usage-usage-interieur-fr","19":"first","20":"onbackorder","21":"sale","22":"taxable","23":"shipping-taxable","24":"purchasable","25":"product-type-simple"},"_links":{"self":[{"href":"https:\/\/horecacenter.com\/fr\/wp-json\/wp\/v2\/product\/149211","targetHints":{"allow":["GET"]}}],"collection":[{"href":"https:\/\/horecacenter.com\/fr\/wp-json\/wp\/v2\/product"}],"about":[{"href":"https:\/\/horecacenter.com\/fr\/wp-json\/wp\/v2\/types\/product"}],"replies":[{"embeddable":true,"href":"https:\/\/horecacenter.com\/fr\/wp-json\/wp\/v2\/comments?post=149211"}],"version-history":[{"count":1,"href":"https:\/\/horecacenter.com\/fr\/wp-json\/wp\/v2\/product\/149211\/revisions"}],"predecessor-version":[{"id":175196,"href":"https:\/\/horecacenter.com\/fr\/wp-json\/wp\/v2\/product\/149211\/revisions\/175196"}],"wp:featuredmedia":[{"embeddable":true,"href":"https:\/\/horecacenter.com\/fr\/wp-json\/wp\/v2\/media\/149208"}],"wp:attachment":[{"href":"https:\/\/horecacenter.com\/fr\/wp-json\/wp\/v2\/media?parent=149211"}],"wp:term":[{"taxonomy":"product_brand","embeddable":true,"href":"https:\/\/horecacenter.com\/fr\/wp-json\/wp\/v2\/product_brand?post=149211"},{"taxonomy":"product_cat","embeddable":true,"href":"https:\/\/horecacenter.com\/fr\/wp-json\/wp\/v2\/product_cat?post=149211"},{"taxonomy":"product_tag","embeddable":true,"href":"https:\/\/horecacenter.com\/fr\/wp-json\/wp\/v2\/product_tag?post=149211"}],"curies":[{"name":"wp","href":"https:\/\/api.w.org\/{rel}","templated":true}]}}