{"id":150841,"date":"2025-09-26T13:13:39","date_gmt":"2025-09-26T13:13:39","guid":{"rendered":"https:\/\/horecacenter.com\/?post_type=product&#038;p=150841"},"modified":"2026-01-03T06:46:23","modified_gmt":"2026-01-03T06:46:23","slug":"banquette-de-cafe-restaurant-et-horeca-snooker-microfibre-brun","status":"publish","type":"product","link":"https:\/\/horecacenter.com\/fr\/produit\/banquette-de-cafe-restaurant-et-horeca-snooker-microfibre-brun\/","title":{"rendered":"Banquette de Restaurant &#8211; SNOOKER &#8211; Microfibre Brun"},"content":{"rendered":"<p><span style=\"color: #000000;\">Ce canap\u00e9 en microfibre \u00e9l\u00e9gant avec un cadre en MDF de couleur weng\u00e9 et un dossier haut offre un confort in\u00e9gal\u00e9. L&rsquo;assise en demi-lune cr\u00e9e une forme invitante et unique, parfaite pour les \u00e9tablissements de restauration cherchant luxe et \u00e9l\u00e9gance. Id\u00e9al pour offrir aux clients une exp\u00e9rience d&rsquo;assise confortable et remarquable !<\/span><\/p>\n<p><span style=\"color: #000000;\">Attention ! Les dimensions des banquettes sont susceptibles de varier de 1 \u00e0 2 cm selon le mat\u00e9riel utilis\u00e9.<\/span><\/p>\n","protected":false},"excerpt":{"rendered":"<p>Ce canap\u00e9 en microfibre \u00e9l\u00e9gant avec un cadre en MDF de couleur weng\u00e9 et un dossier haut offre un confort<\/p>\n","protected":false},"featured_media":150897,"comment_status":"closed","ping_status":"closed","template":"","meta":[],"product_brand":[],"product_cat":[10288],"product_tag":[10665,13000,10663,10664],"class_list":{"0":"post-150841","1":"product","2":"type-product","3":"status-publish","4":"has-post-thumbnail","6":"product_cat-banquette-snooker","7":"product_tag-restaurant-m-bel","8":"product_tag-restaurant-meubels","9":"product_tag-meubles-de-restaurant","10":"product_tag-restaurant-furniture","11":"pa_product-color-color-brun-fr","12":"pa_product-frame-color-wenge-frame-color-fr","13":"pa_product-more-colors-oui-fr","14":"pa_product-seat-height-cm-51-seat-height-cm-fr","15":"pa_product-seats-5-seats-fr","16":"pa_product-upholstery-upholstery-microfibre-fr","17":"pa_product-usage-usage-interieur-fr","19":"first","20":"onbackorder","21":"sale","22":"taxable","23":"shipping-taxable","24":"purchasable","25":"product-type-simple"},"_links":{"self":[{"href":"https:\/\/horecacenter.com\/fr\/wp-json\/wp\/v2\/product\/150841","targetHints":{"allow":["GET"]}}],"collection":[{"href":"https:\/\/horecacenter.com\/fr\/wp-json\/wp\/v2\/product"}],"about":[{"href":"https:\/\/horecacenter.com\/fr\/wp-json\/wp\/v2\/types\/product"}],"replies":[{"embeddable":true,"href":"https:\/\/horecacenter.com\/fr\/wp-json\/wp\/v2\/comments?post=150841"}],"version-history":[{"count":1,"href":"https:\/\/horecacenter.com\/fr\/wp-json\/wp\/v2\/product\/150841\/revisions"}],"predecessor-version":[{"id":175133,"href":"https:\/\/horecacenter.com\/fr\/wp-json\/wp\/v2\/product\/150841\/revisions\/175133"}],"wp:featuredmedia":[{"embeddable":true,"href":"https:\/\/horecacenter.com\/fr\/wp-json\/wp\/v2\/media\/150897"}],"wp:attachment":[{"href":"https:\/\/horecacenter.com\/fr\/wp-json\/wp\/v2\/media?parent=150841"}],"wp:term":[{"taxonomy":"product_brand","embeddable":true,"href":"https:\/\/horecacenter.com\/fr\/wp-json\/wp\/v2\/product_brand?post=150841"},{"taxonomy":"product_cat","embeddable":true,"href":"https:\/\/horecacenter.com\/fr\/wp-json\/wp\/v2\/product_cat?post=150841"},{"taxonomy":"product_tag","embeddable":true,"href":"https:\/\/horecacenter.com\/fr\/wp-json\/wp\/v2\/product_tag?post=150841"}],"curies":[{"name":"wp","href":"https:\/\/api.w.org\/{rel}","templated":true}]}}