{"id":161298,"date":"2025-10-30T09:55:35","date_gmt":"2025-10-30T09:55:35","guid":{"rendered":"https:\/\/horecacenter.com\/?post_type=product&#038;p=161298"},"modified":"2026-03-05T08:49:54","modified_gmt":"2026-03-05T08:49:54","slug":"chaise-de-restaurant-hercules-simili-cuir","status":"publish","type":"product","link":"https:\/\/horecacenter.com\/fr\/produit\/chaise-de-restaurant-hercules-simili-cuir\/","title":{"rendered":"Chaise de Restaurant &#8211; HERCULES &#8211; Simili Cuir Bordeaux"},"content":{"rendered":"<p>Cette chaise horeca est rev\u00eatue de <strong>simili cuir bordeaux<\/strong> de haute qualit\u00e9 con\u00e7u pour un usage intensif dans les restaurants, caf\u00e9s et h\u00f4tels. Le mat\u00e9riau combine \u00e9l\u00e9gance, durabilit\u00e9 et facilit\u00e9 d\u2019entretien.<\/p>\n<p><strong>Chaise Horeca Moderne et Confortable<\/strong><\/p>\n<p>La <strong>Chaise Horeca HERCULES \u2013 Simili cuir Bordeaux<\/strong> associe un design moderne \u00e0 un confort id\u00e9al pour les environnements professionnels. L\u2019assise ergonomique et le dossier soutiennent les clients pendant les repas prolong\u00e9s. Les coutures verticales dans le dossier apportent une touche \u00e9l\u00e9gante aux restaurants, brasseries et h\u00f4tels contemporains. Le pi\u00e8tement m\u00e9tallique noir assure stabilit\u00e9 et robustesse. Pour pr\u00e9server la qualit\u00e9 du similicuir, nettoyez la surface avec un chiffon doux l\u00e9g\u00e8rement humide. Les taches peuvent \u00eatre retir\u00e9es avec une solution savonneuse douce. Vous ouvrez un restaurant ou modernisez votre int\u00e9rieur ? Contactez-nous par <strong>T\u00e9l\u00e9phone<\/strong>, <strong>WhatsApp<\/strong> ou <strong>e-mail<\/strong> ou visitez notre showroom pour un conseil professionnel.<\/p>\n<p><span style=\"color: #000000;\"><strong>Informations suppl\u00e9mentaires :<\/strong><\/span><\/p>\n<ul>\n<li><span style=\"color: #000000;\">Les chaises ne sont pas assembl\u00e9es et sont toujours emball\u00e9es par 2 dans des bo\u00eetes en carton.<\/span><\/li>\n<li><span style=\"color: #000000;\">L&rsquo;assise est fix\u00e9e au cadre \u00e0 l&rsquo;aide de 4 vis.<\/span><\/li>\n<li><span style=\"color: #000000;\">Le mat\u00e9riel n\u00e9cessaire pour l&rsquo;assemblage est inclus dans la bo\u00eete.<\/span><\/li>\n<li><span style=\"color: #000000;\">Les chaises sont faciles \u00e0 assembler.<\/span><\/li>\n<\/ul>\n","protected":false},"excerpt":{"rendered":"<p>Cette chaise horeca est rev\u00eatue de simili cuir bordeaux de haute qualit\u00e9 con\u00e7u pour un usage intensif dans les restaurants,<\/p>\n","protected":false},"featured_media":161295,"comment_status":"closed","ping_status":"closed","template":"","meta":[],"product_brand":[],"product_cat":[17652,17393,17396,9860,10512],"product_tag":[10588,10592,10610,10651,10535,10540,10580,10584],"class_list":{"0":"post-161298","1":"product","2":"type-product","3":"status-publish","4":"has-post-thumbnail","6":"product_cat-outlet-fr","7":"product_cat-chaises-en-metal-simili-cuir","8":"product_cat-chaises-en-metal-simili-cuir-industrielles","9":"product_cat-nouveau","10":"product_cat-bientot-disponible","11":"product_tag-restaurant-chairs","12":"product_tag-restaurantst-hle","13":"product_tag-meubles-horeca","14":"product_tag-horeca-inrichting","15":"product_tag-horeca-m-bel","16":"product_tag-horeca-furniture","17":"product_tag-restaurant-stoelen","18":"product_tag-chaises-de-restaurant","19":"pa_armrest-armrest-non-fr","20":"pa_frame-non-empilable-frame-fr","21":"pa_product-color-color-bordeaux-fr","22":"pa_product-frame-color-noir-framecolor-fr","23":"pa_product-material-cadre-en-metal-material-fr","24":"pa_product-more-colors-oui-fr","25":"pa_product-seat-height-cm-46-seat-height-cm-fr","26":"pa_product-seat-width-cm-49-seat-width-cm-fr","27":"pa_product-seats-1-seats-fr","28":"pa_product-upholstery-upholstery-simili-cuir-fr","29":"pa_product-usage-usage-interieur-fr","31":"first","32":"instock","33":"sale","34":"taxable","35":"shipping-taxable","36":"purchasable","37":"product-type-simple"},"_links":{"self":[{"href":"https:\/\/horecacenter.com\/fr\/wp-json\/wp\/v2\/product\/161298","targetHints":{"allow":["GET"]}}],"collection":[{"href":"https:\/\/horecacenter.com\/fr\/wp-json\/wp\/v2\/product"}],"about":[{"href":"https:\/\/horecacenter.com\/fr\/wp-json\/wp\/v2\/types\/product"}],"replies":[{"embeddable":true,"href":"https:\/\/horecacenter.com\/fr\/wp-json\/wp\/v2\/comments?post=161298"}],"version-history":[{"count":2,"href":"https:\/\/horecacenter.com\/fr\/wp-json\/wp\/v2\/product\/161298\/revisions"}],"predecessor-version":[{"id":186166,"href":"https:\/\/horecacenter.com\/fr\/wp-json\/wp\/v2\/product\/161298\/revisions\/186166"}],"wp:featuredmedia":[{"embeddable":true,"href":"https:\/\/horecacenter.com\/fr\/wp-json\/wp\/v2\/media\/161295"}],"wp:attachment":[{"href":"https:\/\/horecacenter.com\/fr\/wp-json\/wp\/v2\/media?parent=161298"}],"wp:term":[{"taxonomy":"product_brand","embeddable":true,"href":"https:\/\/horecacenter.com\/fr\/wp-json\/wp\/v2\/product_brand?post=161298"},{"taxonomy":"product_cat","embeddable":true,"href":"https:\/\/horecacenter.com\/fr\/wp-json\/wp\/v2\/product_cat?post=161298"},{"taxonomy":"product_tag","embeddable":true,"href":"https:\/\/horecacenter.com\/fr\/wp-json\/wp\/v2\/product_tag?post=161298"}],"curies":[{"name":"wp","href":"https:\/\/api.w.org\/{rel}","templated":true}]}}