{"id":161672,"date":"2025-11-06T10:20:34","date_gmt":"2025-11-06T10:20:34","guid":{"rendered":"https:\/\/horecacenter.com\/?post_type=product&#038;p=161672"},"modified":"2026-03-06T12:31:26","modified_gmt":"2026-03-06T12:31:26","slug":"chaise-de-restaurant-tes-diamond-microfibre-vintage-or","status":"publish","type":"product","link":"https:\/\/horecacenter.com\/fr\/produit\/chaise-de-restaurant-tes-diamond-microfibre-vintage-or\/","title":{"rendered":"Chaise de Restaurant &#8211; TES DIAMOND &#8211; Microfibre  Or"},"content":{"rendered":"<p>Cette chaise horeca est recouverte de <strong>microfibre vintage dor\u00e9e<\/strong>, un tissu durable qui combine l\u2019apparence chaleureuse du cuir avec la r\u00e9sistance des mat\u00e9riaux modernes. La microfibre est id\u00e9ale pour une utilisation intensive.<\/p>\n<p><strong>Chaise Horeca \u00c9l\u00e9gante avec Couture Diamond<\/strong><\/p>\n<p>La <strong>Chaise Horeca TES DIAMOND \u2013 Microfibre Vintage Or<\/strong> associe un design moderne \u00e0 une assise ergonomique. Les coutures diamond sur le dossier apportent une touche raffin\u00e9e. La couleur dor\u00e9e cr\u00e9e une ambiance chaleureuse et \u00e9l\u00e9gante dans les restaurants, brasseries et h\u00f4tels. Le pi\u00e8tement m\u00e9tallique noir ajoute une finition contemporaine. Pour l\u2019entretien, nettoyez la microfibre avec une brosse douce ou un chiffon l\u00e9g\u00e8rement humide. \u00c9vitez les produits agressifs afin de pr\u00e9server la texture du tissu. Vous ouvrez un restaurant ou r\u00e9novez votre \u00e9tablissement ? Contactez-nous par <strong>T\u00e9l\u00e9phone<\/strong>, <strong>WhatsApp<\/strong> ou <strong>e-mail<\/strong> ou visitez notre showroom.<\/p>\n<p><span style=\"color: #000000;\"><strong>Informations suppl\u00e9mentaires :<\/strong><\/span><\/p>\n<ul>\n<li><span style=\"color: #000000;\">Les chaises ne sont pas assembl\u00e9es et sont toujours emball\u00e9es par 2 dans des bo\u00eetes en carton.<\/span><\/li>\n<li><span style=\"color: #000000;\">L&rsquo;assise est fix\u00e9e au cadre \u00e0 l&rsquo;aide de 4 vis.<\/span><\/li>\n<li><span style=\"color: #000000;\">Le mat\u00e9riel n\u00e9cessaire pour l&rsquo;assemblage est inclus dans la bo\u00eete.<\/span><\/li>\n<li><span style=\"color: #000000;\">Les chaises sont faciles \u00e0 assembler.<\/span><\/li>\n<\/ul>\n","protected":false},"excerpt":{"rendered":"<p>Cette chaise horeca est recouverte de microfibre vintage dor\u00e9e, un tissu durable qui combine l\u2019apparence chaleureuse du cuir avec la<\/p>\n","protected":false},"featured_media":144948,"comment_status":"closed","ping_status":"closed","template":"","meta":[],"product_brand":[],"product_cat":[17402,17652,17399],"product_tag":[10578,10610,10579,10663,10582,10664,10583,10665,10585,10927,10586,13000,10587,10589,10590,10535,10591,10540,10593],"class_list":{"0":"post-161672","1":"product","2":"type-product","3":"status-publish","4":"has-post-thumbnail","6":"product_cat-chaises-en-metal-tissu-vintage","7":"product_cat-outlet-fr","8":"product_cat-chaises-en-metal-tissu","9":"product_tag-stoelen-2","10":"product_tag-meubles-horeca","11":"product_tag-horeca-stoelen","12":"product_tag-meubles-de-restaurant","13":"product_tag-chaises-2","14":"product_tag-restaurant-furniture","15":"product_tag-chaises-industrielles","16":"product_tag-restaurant-m-bel","17":"product_tag-chaises-horeca","18":"product_tag-restaurant-inrichting","19":"product_tag-chairs-2","20":"product_tag-restaurant-meubels","21":"product_tag-industrial-chairs","22":"product_tag-horeca-chairs","23":"product_tag-st-hle","24":"product_tag-horeca-m-bel","25":"product_tag-industriest-hle","26":"product_tag-horeca-furniture","27":"product_tag-horeca-st-hle","28":"pa_armrest-armrest-non-fr","29":"pa_frame-non-empilable-frame-fr","30":"pa_product-color-color-or-fr","31":"pa_product-frame-color-noir-framecolor-fr","32":"pa_product-material-cadre-en-metal-material-fr","33":"pa_product-more-colors-oui-fr","34":"pa_product-seat-height-cm-46-seat-height-cm-fr","35":"pa_product-seat-width-cm-49-50-seat-width-cm-fr","36":"pa_product-seats-1-seats-fr","37":"pa_product-upholstery-upholstery-microfibre-fr","38":"pa_product-usage-usage-interieur-fr","40":"first","41":"instock","42":"sale","43":"taxable","44":"shipping-taxable","45":"purchasable","46":"product-type-simple"},"_links":{"self":[{"href":"https:\/\/horecacenter.com\/fr\/wp-json\/wp\/v2\/product\/161672","targetHints":{"allow":["GET"]}}],"collection":[{"href":"https:\/\/horecacenter.com\/fr\/wp-json\/wp\/v2\/product"}],"about":[{"href":"https:\/\/horecacenter.com\/fr\/wp-json\/wp\/v2\/types\/product"}],"replies":[{"embeddable":true,"href":"https:\/\/horecacenter.com\/fr\/wp-json\/wp\/v2\/comments?post=161672"}],"version-history":[{"count":2,"href":"https:\/\/horecacenter.com\/fr\/wp-json\/wp\/v2\/product\/161672\/revisions"}],"predecessor-version":[{"id":187031,"href":"https:\/\/horecacenter.com\/fr\/wp-json\/wp\/v2\/product\/161672\/revisions\/187031"}],"wp:featuredmedia":[{"embeddable":true,"href":"https:\/\/horecacenter.com\/fr\/wp-json\/wp\/v2\/media\/144948"}],"wp:attachment":[{"href":"https:\/\/horecacenter.com\/fr\/wp-json\/wp\/v2\/media?parent=161672"}],"wp:term":[{"taxonomy":"product_brand","embeddable":true,"href":"https:\/\/horecacenter.com\/fr\/wp-json\/wp\/v2\/product_brand?post=161672"},{"taxonomy":"product_cat","embeddable":true,"href":"https:\/\/horecacenter.com\/fr\/wp-json\/wp\/v2\/product_cat?post=161672"},{"taxonomy":"product_tag","embeddable":true,"href":"https:\/\/horecacenter.com\/fr\/wp-json\/wp\/v2\/product_tag?post=161672"}],"curies":[{"name":"wp","href":"https:\/\/api.w.org\/{rel}","templated":true}]}}