{"id":162442,"date":"2025-11-20T08:44:25","date_gmt":"2025-11-20T08:44:25","guid":{"rendered":"https:\/\/horecacenter.com\/?post_type=product&#038;p=162442"},"modified":"2026-03-13T13:19:26","modified_gmt":"2026-03-13T13:19:26","slug":"chaise-de-restaurant-avec-accoudoirs-oslo-velours-rose","status":"publish","type":"product","link":"https:\/\/horecacenter.com\/fr\/produit\/chaise-de-restaurant-avec-accoudoirs-oslo-velours-rose\/","title":{"rendered":"Chaise de Restaurant Avec Accoudoirs &#8211; OSLO &#8211; Velours Rose"},"content":{"rendered":"<p>Ce fauteuil est rev\u00eatu de <strong>velours rose<\/strong>, un tissu luxueux \u00e0 la texture douce et \u00e0 l\u2019apparence \u00e9l\u00e9gante. Le velours est appr\u00e9ci\u00e9 pour son confort et son aspect raffin\u00e9. Il est tr\u00e8s utilis\u00e9 dans les restaurants, caf\u00e9s et h\u00f4tels modernes pour cr\u00e9er une atmosph\u00e8re chaleureuse et \u00e9l\u00e9gante.<\/p>\n<p><strong>Fauteuil Horeca \u00c9l\u00e9gant au Style Moderne<\/strong><\/p>\n<p>Le <strong>Fauteuil Horeca OSLO \u2013 Velours Rose<\/strong> associe un design \u00e9l\u00e9gant \u00e0 des accoudoirs confortables et une assise ergonomique. Les clients profitent ainsi d\u2019une exp\u00e9rience d\u2019assise agr\u00e9able et relaxante. La couleur rose douce apporte une ambiance chaleureuse et styl\u00e9e dans les restaurants, bistrots et h\u00f4tels. Les pieds m\u00e9talliques dor\u00e9s offrent une finition moderne et luxueuse. Pour l\u2019entretien du velours, nettoyez d\u00e9licatement la chaise avec une brosse douce ou un aspirateur. Les taches peuvent \u00eatre retir\u00e9es avec un chiffon l\u00e9g\u00e8rement humide. \u00c9vitez les produits agressifs afin de pr\u00e9server la texture et la couleur du tissu. Vous lancez un nouveau projet horeca ou souhaitez renouveler votre int\u00e9rieur ? Notre \u00e9quipe vous accompagne avec des conseils professionnels. Contactez-nous par <strong>T\u00e9l\u00e9phone<\/strong>, <strong>WhatsApp<\/strong> ou <strong>e-mail<\/strong> ou visitez notre showroom.<\/p>\n","protected":false},"excerpt":{"rendered":"<p>Ce fauteuil est rev\u00eatu de velours rose, un tissu luxueux \u00e0 la texture douce et \u00e0 l\u2019apparence \u00e9l\u00e9gante. Le velours<\/p>\n","protected":false},"featured_media":145393,"comment_status":"closed","ping_status":"closed","template":"","meta":[],"product_brand":[],"product_cat":[17402,17399,10052],"product_tag":[],"class_list":{"0":"post-162442","1":"product","2":"type-product","3":"status-publish","4":"has-post-thumbnail","6":"product_cat-chaises-en-metal-tissu-vintage","7":"product_cat-chaises-en-metal-tissu","8":"product_cat-chaise-avec-accoudoir","9":"pa_armrest-armrest-oui-fr","10":"pa_frame-non-empilable-frame-fr","11":"pa_product-arm-height-cm-64-arm-height-cm-fr","12":"pa_product-color-color-rose-fr","13":"pa_product-color-color-vieux-rose-fr","14":"pa_product-frame-color-or-frame-color-fr","15":"pa_product-material-cadre-en-metal-material-fr","16":"pa_product-more-colors-oui-fr","17":"pa_product-seat-height-cm-4850-seat-height-cm-fr","18":"pa_product-seat-width-cm-41-50-seat-width-cm-fr","19":"pa_product-seats-1-seats-fr","20":"pa_product-upholstery-upholstery-velours-fr","21":"pa_product-usage-usage-interieur-fr","23":"first","24":"outofstock","25":"sale","26":"taxable","27":"shipping-taxable","28":"purchasable","29":"product-type-simple"},"_links":{"self":[{"href":"https:\/\/horecacenter.com\/fr\/wp-json\/wp\/v2\/product\/162442","targetHints":{"allow":["GET"]}}],"collection":[{"href":"https:\/\/horecacenter.com\/fr\/wp-json\/wp\/v2\/product"}],"about":[{"href":"https:\/\/horecacenter.com\/fr\/wp-json\/wp\/v2\/types\/product"}],"replies":[{"embeddable":true,"href":"https:\/\/horecacenter.com\/fr\/wp-json\/wp\/v2\/comments?post=162442"}],"version-history":[{"count":2,"href":"https:\/\/horecacenter.com\/fr\/wp-json\/wp\/v2\/product\/162442\/revisions"}],"predecessor-version":[{"id":189746,"href":"https:\/\/horecacenter.com\/fr\/wp-json\/wp\/v2\/product\/162442\/revisions\/189746"}],"wp:featuredmedia":[{"embeddable":true,"href":"https:\/\/horecacenter.com\/fr\/wp-json\/wp\/v2\/media\/145393"}],"wp:attachment":[{"href":"https:\/\/horecacenter.com\/fr\/wp-json\/wp\/v2\/media?parent=162442"}],"wp:term":[{"taxonomy":"product_brand","embeddable":true,"href":"https:\/\/horecacenter.com\/fr\/wp-json\/wp\/v2\/product_brand?post=162442"},{"taxonomy":"product_cat","embeddable":true,"href":"https:\/\/horecacenter.com\/fr\/wp-json\/wp\/v2\/product_cat?post=162442"},{"taxonomy":"product_tag","embeddable":true,"href":"https:\/\/horecacenter.com\/fr\/wp-json\/wp\/v2\/product_tag?post=162442"}],"curies":[{"name":"wp","href":"https:\/\/api.w.org\/{rel}","templated":true}]}}