{"id":162562,"date":"2025-11-20T10:36:24","date_gmt":"2025-11-20T10:36:24","guid":{"rendered":"https:\/\/horecacenter.com\/?post_type=product&#038;p=162562"},"modified":"2026-03-05T06:45:35","modified_gmt":"2026-03-05T06:45:35","slug":"chaise-de-restaurant-elite-simili-cuir-bordeaux","status":"publish","type":"product","link":"https:\/\/horecacenter.com\/fr\/produit\/chaise-de-restaurant-elite-simili-cuir-bordeaux\/","title":{"rendered":"Chaise de Restaurant &#8211; ELITE &#8211; Simili Cuir Bordeaux"},"content":{"rendered":"<p>Cette chaise horeca est rev\u00eatue de <strong>simili cuir bordeaux<\/strong> de haute qualit\u00e9 con\u00e7u pour un usage intensif dans les restaurants, caf\u00e9s et h\u00f4tels. Le mat\u00e9riau offre une excellente durabilit\u00e9, une apparence \u00e9l\u00e9gante et un entretien facile.<\/p>\n<p><strong>Chaise Horeca \u00c9l\u00e9gante et Confortable<\/strong><\/p>\n<p>La <strong>Chaise Horeca ELITE \u2013 Simili cuir Bordeaux<\/strong> associe un design raffin\u00e9 \u00e0 un confort id\u00e9al pour les environnements professionnels. L\u2019assise ergonomique et le dossier assurent un soutien agr\u00e9able lors de repas prolong\u00e9s. La couleur bordeaux apporte une atmosph\u00e8re chaleureuse et luxueuse aux restaurants, brasseries et h\u00f4tels modernes. Le pi\u00e8tement m\u00e9tallique noir garantit stabilit\u00e9 et robustesse. Pour pr\u00e9server la qualit\u00e9 du similicuir, nettoyez r\u00e9guli\u00e8rement la chaise avec un chiffon doux l\u00e9g\u00e8rement humide. Les taches peuvent \u00eatre retir\u00e9es avec une solution savonneuse douce. Vous ouvrez un restaurant ou modernisez votre int\u00e9rieur ? Contactez-nous par <strong>T\u00e9l\u00e9phone<\/strong>, <strong>WhatsApp<\/strong> ou <strong>e-mail<\/strong> ou visitez notre showroom pour un conseil professionnel.<\/p>\n<p><span style=\"color: #000000;\"><strong>Informations suppl\u00e9mentaires :<\/strong><\/span><\/p>\n<ul>\n<li><span style=\"color: #000000;\">Les chaises ne sont pas assembl\u00e9es et sont toujours emball\u00e9es par paires dans des bo\u00eetes en carton.<\/span><\/li>\n<li><span style=\"color: #000000;\">L&rsquo;assise est fix\u00e9e au cadre \u00e0 l&rsquo;aide de 4 vis.<\/span><\/li>\n<li><span style=\"color: #000000;\">Le mat\u00e9riel n\u00e9cessaire pour l&rsquo;assemblage est inclus dans la bo\u00eete.<\/span><\/li>\n<li><span style=\"color: #000000;\">Les chaises sont faciles \u00e0 assembler.<\/span><\/li>\n<\/ul>\n<div id=\"gtx-trans\" style=\"position: absolute; left: 261px; top: 104px;\">\n<div class=\"gtx-trans-icon\"><\/div>\n<\/div>\n","protected":false},"excerpt":{"rendered":"<p>Cette chaise horeca est rev\u00eatue de simili cuir bordeaux de haute qualit\u00e9 con\u00e7u pour un usage intensif dans les restaurants,<\/p>\n","protected":false},"featured_media":161240,"comment_status":"closed","ping_status":"closed","template":"","meta":[],"product_brand":[],"product_cat":[17652,17393,17396,9860,10512],"product_tag":[10610,10579,10663,10582,10664,10583,10665,10585,10927,10586,13000,10587,10589,10590,10535,10591,10540,10593,10578],"class_list":{"0":"post-162562","1":"product","2":"type-product","3":"status-publish","4":"has-post-thumbnail","6":"product_cat-outlet-fr","7":"product_cat-chaises-en-metal-simili-cuir","8":"product_cat-chaises-en-metal-simili-cuir-industrielles","9":"product_cat-nouveau","10":"product_cat-bientot-disponible","11":"product_tag-meubles-horeca","12":"product_tag-horeca-stoelen","13":"product_tag-meubles-de-restaurant","14":"product_tag-chaises-2","15":"product_tag-restaurant-furniture","16":"product_tag-chaises-industrielles","17":"product_tag-restaurant-m-bel","18":"product_tag-chaises-horeca","19":"product_tag-restaurant-inrichting","20":"product_tag-chairs-2","21":"product_tag-restaurant-meubels","22":"product_tag-industrial-chairs","23":"product_tag-horeca-chairs","24":"product_tag-st-hle","25":"product_tag-horeca-m-bel","26":"product_tag-industriest-hle","27":"product_tag-horeca-furniture","28":"product_tag-horeca-st-hle","29":"product_tag-stoelen-2","30":"pa_armrest-armrest-non-fr","31":"pa_frame-non-empilable-frame-fr","32":"pa_product-color-color-bordeaux-fr","33":"pa_product-frame-color-noir-framecolor-fr","34":"pa_product-material-cadre-en-metal-material-fr","35":"pa_product-more-colors-oui-fr","36":"pa_product-seat-height-cm-46-seat-height-cm-fr","37":"pa_product-seat-width-cm-48-seat-width-cm-fr","38":"pa_product-seats-1-seats-fr","39":"pa_product-upholstery-upholstery-simili-cuir-fr","40":"pa_product-usage-usage-interieur-fr","42":"first","43":"instock","44":"sale","45":"taxable","46":"shipping-taxable","47":"purchasable","48":"product-type-simple"},"_links":{"self":[{"href":"https:\/\/horecacenter.com\/fr\/wp-json\/wp\/v2\/product\/162562","targetHints":{"allow":["GET"]}}],"collection":[{"href":"https:\/\/horecacenter.com\/fr\/wp-json\/wp\/v2\/product"}],"about":[{"href":"https:\/\/horecacenter.com\/fr\/wp-json\/wp\/v2\/types\/product"}],"replies":[{"embeddable":true,"href":"https:\/\/horecacenter.com\/fr\/wp-json\/wp\/v2\/comments?post=162562"}],"version-history":[{"count":2,"href":"https:\/\/horecacenter.com\/fr\/wp-json\/wp\/v2\/product\/162562\/revisions"}],"predecessor-version":[{"id":185894,"href":"https:\/\/horecacenter.com\/fr\/wp-json\/wp\/v2\/product\/162562\/revisions\/185894"}],"wp:featuredmedia":[{"embeddable":true,"href":"https:\/\/horecacenter.com\/fr\/wp-json\/wp\/v2\/media\/161240"}],"wp:attachment":[{"href":"https:\/\/horecacenter.com\/fr\/wp-json\/wp\/v2\/media?parent=162562"}],"wp:term":[{"taxonomy":"product_brand","embeddable":true,"href":"https:\/\/horecacenter.com\/fr\/wp-json\/wp\/v2\/product_brand?post=162562"},{"taxonomy":"product_cat","embeddable":true,"href":"https:\/\/horecacenter.com\/fr\/wp-json\/wp\/v2\/product_cat?post=162562"},{"taxonomy":"product_tag","embeddable":true,"href":"https:\/\/horecacenter.com\/fr\/wp-json\/wp\/v2\/product_tag?post=162562"}],"curies":[{"name":"wp","href":"https:\/\/api.w.org\/{rel}","templated":true}]}}