{"id":162616,"date":"2025-11-20T11:14:37","date_gmt":"2025-11-20T11:14:37","guid":{"rendered":"https:\/\/horecacenter.com\/?post_type=product&#038;p=162616"},"modified":"2026-03-04T10:30:12","modified_gmt":"2026-03-04T10:30:12","slug":"chaise-de-restaurant-elite-simili-cuir-vintage-cognac","status":"publish","type":"product","link":"https:\/\/horecacenter.com\/fr\/produit\/chaise-de-restaurant-elite-simili-cuir-vintage-cognac\/","title":{"rendered":"Chaise de Restaurant &#8211; ELITE &#8211; Simili Cuir  Cognac"},"content":{"rendered":"<p><span style=\"color: #2c2c2c;\">Le <strong>similicuir cognac<\/strong> de cette chaise horeca est fabriqu\u00e9 \u00e0 partir de mat\u00e9riaux synth\u00e9tiques r\u00e9sistants con\u00e7us pour un usage intensif dans les restaurants, caf\u00e9s et h\u00f4tels. Il combine une apparence \u00e9l\u00e9gante avec une grande durabilit\u00e9.<\/span><\/p>\n<p><span style=\"color: #2c2c2c;\"><strong>Chaise Horeca \u00c9l\u00e9gante et Confortable<\/strong><\/span><\/p>\n<p><span style=\"color: #2c2c2c;\">La <strong>Chaise Horeca ELITE \u2013 Similicuir Cognac<\/strong> associe un design intemporel \u00e0 un confort id\u00e9al pour les environnements professionnels.\u00a0L\u2019assise ergonomique et le dossier offrent un soutien agr\u00e9able tandis que la couleur cognac apporte une atmosph\u00e8re chaleureuse aux restaurants, brasseries et h\u00f4tels.\u00a0Pour pr\u00e9server la qualit\u00e9 du similicuir, nettoyez r\u00e9guli\u00e8rement la chaise avec un chiffon doux l\u00e9g\u00e8rement humide et une solution savonneuse douce.\u00a0Vous ouvrez un restaurant ou un caf\u00e9 ? Contactez-nous par <strong>T\u00e9l\u00e9phone<\/strong>, <strong>WhatsApp<\/strong> ou <strong>e-mail<\/strong> ou visitez notre showroom pour un conseil professionnel.<\/span><\/p>\n<p><span style=\"color: #2c2c2c;\"><strong>Informations suppl\u00e9mentaires :<\/strong><\/span><\/p>\n<ul>\n<li><span style=\"color: #2c2c2c;\">Les chaises ne sont pas assembl\u00e9es et sont toujours emball\u00e9es par paires dans des bo\u00eetes en carton.<\/span><\/li>\n<li><span style=\"color: #2c2c2c;\">L&rsquo;assise est fix\u00e9e au cadre \u00e0 l&rsquo;aide de 4 vis.<\/span><\/li>\n<li><span style=\"color: #2c2c2c;\">Le mat\u00e9riel n\u00e9cessaire pour l&rsquo;assemblage est inclus dans la bo\u00eete.<\/span><\/li>\n<li><span style=\"color: #2c2c2c;\">Les chaises sont faciles \u00e0 assembler.<\/span><\/li>\n<\/ul>\n","protected":false},"excerpt":{"rendered":"<p>Le similicuir cognac de cette chaise horeca est fabriqu\u00e9 \u00e0 partir de mat\u00e9riaux synth\u00e9tiques r\u00e9sistants con\u00e7us pour un usage intensif<\/p>\n","protected":false},"featured_media":194776,"comment_status":"closed","ping_status":"closed","template":"","meta":[],"product_brand":[],"product_cat":[17393,17396],"product_tag":[10540,10593,10578,10610,10579,10663,10582,10664,10583,10665,10585,10927,10586,13000,10587,10589,10590,10535,10591],"class_list":{"0":"post-162616","1":"product","2":"type-product","3":"status-publish","4":"has-post-thumbnail","6":"product_cat-chaises-en-metal-simili-cuir","7":"product_cat-chaises-en-metal-simili-cuir-industrielles","8":"product_tag-horeca-furniture","9":"product_tag-horeca-st-hle","10":"product_tag-stoelen-2","11":"product_tag-meubles-horeca","12":"product_tag-horeca-stoelen","13":"product_tag-meubles-de-restaurant","14":"product_tag-chaises-2","15":"product_tag-restaurant-furniture","16":"product_tag-chaises-industrielles","17":"product_tag-restaurant-m-bel","18":"product_tag-chaises-horeca","19":"product_tag-restaurant-inrichting","20":"product_tag-chairs-2","21":"product_tag-restaurant-meubels","22":"product_tag-industrial-chairs","23":"product_tag-horeca-chairs","24":"product_tag-st-hle","25":"product_tag-horeca-m-bel","26":"product_tag-industriest-hle","27":"pa_armrest-armrest-non-fr","28":"pa_frame-non-empilable-frame-fr","29":"pa_product-color-color-cognac-fr","30":"pa_product-frame-color-noir-framecolor-fr","31":"pa_product-material-cadre-en-metal-material-fr","32":"pa_product-more-colors-oui-fr","33":"pa_product-seat-height-cm-46-seat-height-cm-fr","34":"pa_product-seat-width-cm-48-seat-width-cm-fr","35":"pa_product-seats-1-seats-fr","36":"pa_product-upholstery-upholstery-simili-cuir-fr","37":"pa_product-usage-usage-interieur-fr","39":"first","40":"instock","41":"sale","42":"taxable","43":"shipping-taxable","44":"purchasable","45":"product-type-simple"},"_links":{"self":[{"href":"https:\/\/horecacenter.com\/fr\/wp-json\/wp\/v2\/product\/162616","targetHints":{"allow":["GET"]}}],"collection":[{"href":"https:\/\/horecacenter.com\/fr\/wp-json\/wp\/v2\/product"}],"about":[{"href":"https:\/\/horecacenter.com\/fr\/wp-json\/wp\/v2\/types\/product"}],"replies":[{"embeddable":true,"href":"https:\/\/horecacenter.com\/fr\/wp-json\/wp\/v2\/comments?post=162616"}],"version-history":[{"count":6,"href":"https:\/\/horecacenter.com\/fr\/wp-json\/wp\/v2\/product\/162616\/revisions"}],"predecessor-version":[{"id":185678,"href":"https:\/\/horecacenter.com\/fr\/wp-json\/wp\/v2\/product\/162616\/revisions\/185678"}],"wp:featuredmedia":[{"embeddable":true,"href":"https:\/\/horecacenter.com\/fr\/wp-json\/wp\/v2\/media\/194776"}],"wp:attachment":[{"href":"https:\/\/horecacenter.com\/fr\/wp-json\/wp\/v2\/media?parent=162616"}],"wp:term":[{"taxonomy":"product_brand","embeddable":true,"href":"https:\/\/horecacenter.com\/fr\/wp-json\/wp\/v2\/product_brand?post=162616"},{"taxonomy":"product_cat","embeddable":true,"href":"https:\/\/horecacenter.com\/fr\/wp-json\/wp\/v2\/product_cat?post=162616"},{"taxonomy":"product_tag","embeddable":true,"href":"https:\/\/horecacenter.com\/fr\/wp-json\/wp\/v2\/product_tag?post=162616"}],"curies":[{"name":"wp","href":"https:\/\/api.w.org\/{rel}","templated":true}]}}