{"id":162654,"date":"2025-11-20T12:34:09","date_gmt":"2025-11-20T12:34:09","guid":{"rendered":"https:\/\/horecacenter.com\/?post_type=product&#038;p=162654"},"modified":"2026-03-13T09:35:59","modified_gmt":"2026-03-13T09:35:59","slug":"chaise-de-restaurant-avec-accoudoirs-rocca-tissu-vintage-rouille","status":"publish","type":"product","link":"https:\/\/horecacenter.com\/fr\/produit\/chaise-de-restaurant-avec-accoudoirs-rocca-tissu-vintage-rouille\/","title":{"rendered":"Chaise de Restaurant Avec Accoudoirs &#8211; ROCCA &#8211; Tissu  Rouille"},"content":{"rendered":"<p>Cette chaise avec accoudoirs est recouverte de <strong>tissu couleur rouille<\/strong>, une mati\u00e8re durable qui offre confort et \u00e9l\u00e9gance. Elle convient parfaitement aux restaurants, caf\u00e9s et h\u00f4tels.<\/p>\n<p><strong>Fauteuil Horeca \u00c9l\u00e9gant et Confortable<\/strong><\/p>\n<p>Le <strong>Fauteuil Horeca ROCCA \u2013 Tissu Rouille<\/strong> associe un design moderne \u00e0 une assise ergonomique et des accoudoirs int\u00e9gr\u00e9s pour un confort optimal. La couleur rouille apporte une ambiance chaleureuse et contemporaine aux restaurants et h\u00f4tels. Le pi\u00e8tement m\u00e9tallique noir assure stabilit\u00e9 et style moderne. Pour l\u2019entretien, nettoyez le tissu avec une brosse douce ou un chiffon l\u00e9g\u00e8rement humide. \u00c9vitez les produits agressifs. Vous ouvrez un restaurant ou modernisez votre int\u00e9rieur ? Contactez-nous par <strong>T\u00e9l\u00e9phone<\/strong>, <strong>WhatsApp<\/strong> ou <strong>e-mail<\/strong> ou visitez notre showroom.<\/p>\n<p><span style=\"color: #000000;\"><strong>Informations suppl\u00e9mentaires :<\/strong><\/span><\/p>\n<ul>\n<li><span style=\"color: #000000;\">Les chaises ne sont pas assembl\u00e9es et sont toujours emball\u00e9es par paires dans des bo\u00eetes en carton.<\/span><\/li>\n<li><span style=\"color: #000000;\">L&rsquo;assise est fix\u00e9e au cadre \u00e0 l&rsquo;aide de 4 vis.<\/span><\/li>\n<li><span style=\"color: #000000;\">Le mat\u00e9riel n\u00e9cessaire pour l&rsquo;assemblage est inclus dans la bo\u00eete.<\/span><\/li>\n<li><span style=\"color: #000000;\">Les chaises sont faciles \u00e0 assembler.<\/span><\/li>\n<\/ul>\n","protected":false},"excerpt":{"rendered":"<p>Cette chaise avec accoudoirs est recouverte de tissu couleur rouille, une mati\u00e8re durable qui offre confort et \u00e9l\u00e9gance. Elle convient<\/p>\n","protected":false},"featured_media":145192,"comment_status":"closed","ping_status":"closed","template":"","meta":[],"product_brand":[],"product_cat":[17402,17399,10052],"product_tag":[13250,13266,13273,10535,10540,10610,12459,12606,12609,12957,13064],"class_list":{"0":"post-162654","1":"product","2":"type-product","3":"status-publish","4":"has-post-thumbnail","6":"product_cat-chaises-en-metal-tissu-vintage","7":"product_cat-chaises-en-metal-tissu","8":"product_cat-chaise-avec-accoudoir","9":"product_tag-cafe-deko","10":"product_tag-d-coration-de-caf","11":"product_tag-cafe-decoration","12":"product_tag-horeca-m-bel","13":"product_tag-horeca-furniture","14":"product_tag-meubles-horeca","15":"product_tag-sessel-2","16":"product_tag-fauteuil","17":"product_tag-armchair","18":"product_tag-armstoel","19":"product_tag-cafe-inrichting","20":"pa_armrest-armrest-oui-fr","21":"pa_frame-non-empilable-frame-fr","22":"pa_product-arm-height-cm-66-arm-height-cm-fr","23":"pa_product-color-color-rouille-fr","24":"pa_product-frame-color-noir-framecolor-fr","25":"pa_product-material-cadre-en-metal-material-fr","26":"pa_product-more-colors-oui-fr","27":"pa_product-seat-depth-cm-39-seat-depth-cm-fr","28":"pa_product-seat-height-cm-4950-seat-height-cm-fr","29":"pa_product-seat-width-cm-39-seat-width-cm-fr","30":"pa_product-seats-1-seats-fr","31":"pa_product-upholstery-upholstery-tissu-fr","32":"pa_product-usage-usage-interieur-fr","34":"first","35":"instock","36":"sale","37":"taxable","38":"shipping-taxable","39":"purchasable","40":"product-type-simple"},"_links":{"self":[{"href":"https:\/\/horecacenter.com\/fr\/wp-json\/wp\/v2\/product\/162654","targetHints":{"allow":["GET"]}}],"collection":[{"href":"https:\/\/horecacenter.com\/fr\/wp-json\/wp\/v2\/product"}],"about":[{"href":"https:\/\/horecacenter.com\/fr\/wp-json\/wp\/v2\/types\/product"}],"replies":[{"embeddable":true,"href":"https:\/\/horecacenter.com\/fr\/wp-json\/wp\/v2\/comments?post=162654"}],"version-history":[{"count":3,"href":"https:\/\/horecacenter.com\/fr\/wp-json\/wp\/v2\/product\/162654\/revisions"}],"predecessor-version":[{"id":189462,"href":"https:\/\/horecacenter.com\/fr\/wp-json\/wp\/v2\/product\/162654\/revisions\/189462"}],"wp:featuredmedia":[{"embeddable":true,"href":"https:\/\/horecacenter.com\/fr\/wp-json\/wp\/v2\/media\/145192"}],"wp:attachment":[{"href":"https:\/\/horecacenter.com\/fr\/wp-json\/wp\/v2\/media?parent=162654"}],"wp:term":[{"taxonomy":"product_brand","embeddable":true,"href":"https:\/\/horecacenter.com\/fr\/wp-json\/wp\/v2\/product_brand?post=162654"},{"taxonomy":"product_cat","embeddable":true,"href":"https:\/\/horecacenter.com\/fr\/wp-json\/wp\/v2\/product_cat?post=162654"},{"taxonomy":"product_tag","embeddable":true,"href":"https:\/\/horecacenter.com\/fr\/wp-json\/wp\/v2\/product_tag?post=162654"}],"curies":[{"name":"wp","href":"https:\/\/api.w.org\/{rel}","templated":true}]}}