{"id":162732,"date":"2025-11-20T13:56:44","date_gmt":"2025-11-20T13:56:44","guid":{"rendered":"https:\/\/horecacenter.com\/?post_type=product&#038;p=162732"},"modified":"2026-04-13T11:45:58","modified_gmt":"2026-04-13T11:45:58","slug":"chaise-de-bar-pour-restaurant-emperio-microfibre-vintage-marron","status":"publish","type":"product","link":"https:\/\/horecacenter.com\/fr\/produit\/chaise-de-bar-pour-restaurant-emperio-microfibre-vintage-marron\/","title":{"rendered":"Chaise de Bar en M\u00e9tal Pour Restaurant &#8211; EMPERIO &#8211; Microfibre  Brun"},"content":{"rendered":"<p>Le rev\u00eatement en <strong>microfibre brun<\/strong> offre une apparence chaleureuse et authentique. Le tissu est r\u00e9sistant et agr\u00e9able au toucher, id\u00e9al pour un usage intensif. Parfait pour une ambiance conviviale.<\/p>\n<p><strong>Chaise de Bar M\u00e9tallique Confortable et \u00c9l\u00e9gante<\/strong><\/p>\n<p>La <strong>Chaise de bar Horeca EMPERIO \u2013 Microfibre Brun<\/strong> combine une structure m\u00e9tallique robuste avec une assise ergonomique. Le dossier avec coutures en losange offre un bon soutien. Design moderne et fonctionnel. Cette chaise de bar s\u2019int\u00e8gre parfaitement dans des int\u00e9rieurs industriels et chaleureux. La couleur brune apporte du caract\u00e8re. Id\u00e9ale pour bars, restaurants et caf\u00e9s. Nettoyez avec un chiffon sec ou l\u00e9g\u00e8rement humide. \u00c9vitez les produits agressifs. Un entretien r\u00e9gulier prolonge la dur\u00e9e de vie.<\/p>\n<p><strong>Informations suppl\u00e9mentaires :<\/strong><\/p>\n<p>Structure m\u00e9tallique robuste. Assise confortable. Adapt\u00e9e \u00e0 un usage intensif. Design moderne pour horeca.<\/p>\n<ul>\n<li><span style=\"color: #000000;\">Les chaises ne sont pas assembl\u00e9es et sont toujours emball\u00e9es par paires dans des bo\u00eetes en carton.<\/span><\/li>\n<li><span style=\"color: #000000;\">Le mat\u00e9riel n\u00e9cessaire pour l\u2019assemblage est inclus dans la bo\u00eete.<\/span><\/li>\n<\/ul>\n","protected":false},"excerpt":{"rendered":"<p>Le rev\u00eatement en microfibre brun offre une apparence chaleureuse et authentique. Le tissu est r\u00e9sistant et agr\u00e9able au toucher, id\u00e9al<\/p>\n","protected":false},"featured_media":178896,"comment_status":"closed","ping_status":"closed","template":"","meta":[],"product_brand":[],"product_cat":[10272],"product_tag":[17687,17703,17688,17704,17689,17705,17690,17706,17691,17707,17692,17708,17693,17694,17679,17695,17680,17696,17681,17697,17682,17698,17683,17699,17684,17700,17685,17701,17686,17702],"class_list":{"0":"post-162732","1":"product","2":"type-product","3":"status-publish","4":"has-post-thumbnail","6":"product_cat-chaises-de-bar-en-m-tal","7":"product_tag-chaise-de-bar-industrielle","8":"product_tag-moderne-metallbarstuhle","9":"product_tag-chaise-de-bar-vintage","10":"product_tag-metall","11":"product_tag-chaises-de-bar-en-metal-modernes","12":"product_tag-gastronomie-barstuhle","13":"product_tag-chaises-de-bar-pour-lhotellerie","14":"product_tag-cafe-barstuhl","15":"product_tag-chaise-de-bar-de-cafe","16":"product_tag-barhocker-fur-den-innenbereich","17":"product_tag-tabourets-de-bar-dinterieur","18":"product_tag-schwarzer-metallbarhocker","19":"product_tag-tabouret-de-bar-en-metal-noir","20":"product_tag-industrial-bar-stool","21":"product_tag-industriele-barstoel","22":"product_tag-vintage-bar-stool","23":"product_tag-vintage-barstoel","24":"product_tag-modern-metal-bar-stools","25":"product_tag-moderne-metalen-barstoelen","26":"product_tag-hospitality-bar-stools","27":"product_tag-metaal","28":"product_tag-cafe-bar-stool","29":"product_tag-horeca-barstoelen","30":"product_tag-indoor-bar-stools","31":"product_tag-cafe-barstoel","32":"product_tag-black-metal-bar-stool","33":"product_tag-binnen-barkrukken","34":"product_tag-industrieller-barstuhl","35":"product_tag-zwarte-metalen-barkruk","36":"product_tag-vintage-barstuhl","37":"pa_frame-non-empilable-frame-fr","38":"pa_product-color-color-brun-fr","39":"pa_product-frame-color-noir-framecolor-fr","40":"pa_product-material-cadre-en-metal-material-fr","41":"pa_product-more-colors-oui-fr","42":"pa_product-seat-depth-cm-3750-seat-depth-cm-fr","43":"pa_product-seat-height-cm-76-seat-height-cm-fr","44":"pa_product-seat-width-cm-4850-seat-width-cm-fr","45":"pa_product-seats-1-seats-fr","46":"pa_product-upholstery-upholstery-microfibre-fr","47":"pa_product-usage-usage-interieur-fr","49":"first","50":"instock","51":"sale","52":"taxable","53":"shipping-taxable","54":"purchasable","55":"product-type-simple"},"_links":{"self":[{"href":"https:\/\/horecacenter.com\/fr\/wp-json\/wp\/v2\/product\/162732","targetHints":{"allow":["GET"]}}],"collection":[{"href":"https:\/\/horecacenter.com\/fr\/wp-json\/wp\/v2\/product"}],"about":[{"href":"https:\/\/horecacenter.com\/fr\/wp-json\/wp\/v2\/types\/product"}],"replies":[{"embeddable":true,"href":"https:\/\/horecacenter.com\/fr\/wp-json\/wp\/v2\/comments?post=162732"}],"version-history":[{"count":7,"href":"https:\/\/horecacenter.com\/fr\/wp-json\/wp\/v2\/product\/162732\/revisions"}],"predecessor-version":[{"id":194247,"href":"https:\/\/horecacenter.com\/fr\/wp-json\/wp\/v2\/product\/162732\/revisions\/194247"}],"wp:featuredmedia":[{"embeddable":true,"href":"https:\/\/horecacenter.com\/fr\/wp-json\/wp\/v2\/media\/178896"}],"wp:attachment":[{"href":"https:\/\/horecacenter.com\/fr\/wp-json\/wp\/v2\/media?parent=162732"}],"wp:term":[{"taxonomy":"product_brand","embeddable":true,"href":"https:\/\/horecacenter.com\/fr\/wp-json\/wp\/v2\/product_brand?post=162732"},{"taxonomy":"product_cat","embeddable":true,"href":"https:\/\/horecacenter.com\/fr\/wp-json\/wp\/v2\/product_cat?post=162732"},{"taxonomy":"product_tag","embeddable":true,"href":"https:\/\/horecacenter.com\/fr\/wp-json\/wp\/v2\/product_tag?post=162732"}],"curies":[{"name":"wp","href":"https:\/\/api.w.org\/{rel}","templated":true}]}}