{"id":162745,"date":"2025-11-20T14:24:49","date_gmt":"2025-11-20T14:24:49","guid":{"rendered":"https:\/\/horecacenter.com\/?post_type=product&#038;p=162745"},"modified":"2026-04-13T11:42:17","modified_gmt":"2026-04-13T11:42:17","slug":"chaise-de-bar-pour-restaurant-emperio-microfibre-vintage-olive","status":"publish","type":"product","link":"https:\/\/horecacenter.com\/fr\/produit\/chaise-de-bar-pour-restaurant-emperio-microfibre-vintage-olive\/","title":{"rendered":"Chaise de Bar en M\u00e9tal Pour Restaurant &#8211; EMPERIO &#8211; Microfibre  Olive"},"content":{"rendered":"<p>Le rev\u00eatement en <strong>microfibre olive<\/strong> offre une apparence chaleureuse et moderne. Le tissu est r\u00e9sistant et agr\u00e9able au toucher, id\u00e9al pour un usage intensif. La couleur cr\u00e9e une ambiance \u00e9l\u00e9gante.<\/p>\n<p><strong>Chaise de Bar M\u00e9tallique Confortable et Moderne<\/strong><\/p>\n<p>La <strong>Chaise de bar Horeca EMPERIO \u2013 Microfibre Olive<\/strong> associe une structure m\u00e9tallique solide \u00e0 une assise confortable. Le dossier avec coutures en losange offre un bon soutien. Le design est moderne et fonctionnel. Cette chaise de bar s\u2019int\u00e8gre parfaitement dans des int\u00e9rieurs industriels et chaleureux. La couleur olive apporte une touche naturelle. Parfaite pour bars, restaurants et caf\u00e9s. Nettoyez la microfibre avec un chiffon sec ou l\u00e9g\u00e8rement humide. \u00c9vitez les produits agressifs. Un entretien r\u00e9gulier prolonge la dur\u00e9e de vie.<\/p>\n<p><strong>Informations suppl\u00e9mentaires :<\/strong><\/p>\n<p>Structure m\u00e9tallique robuste. Assise confortable. Adapt\u00e9e \u00e0 un usage intensif. Design moderne pour horeca.<\/p>\n<ul>\n<li><span style=\"color: #000000;\">Couleurs disponibles : Olive, Brun &amp; Gris.<\/span><\/li>\n<li><span style=\"color: #000000;\">Les chaises ne sont pas assembl\u00e9es et sont toujours emball\u00e9es par paires dans des bo\u00eetes en carton.<\/span><\/li>\n<li><span style=\"color: #000000;\">Le mat\u00e9riel n\u00e9cessaire pour l\u2019assemblage est inclus dans la bo\u00eete.<\/span><\/li>\n<\/ul>\n","protected":false},"excerpt":{"rendered":"<p>Le rev\u00eatement en microfibre olive offre une apparence chaleureuse et moderne. Le tissu est r\u00e9sistant et agr\u00e9able au toucher, id\u00e9al<\/p>\n","protected":false},"featured_media":178935,"comment_status":"closed","ping_status":"closed","template":"","meta":[],"product_brand":[],"product_cat":[10272],"product_tag":[],"class_list":{"0":"post-162745","1":"product","2":"type-product","3":"status-publish","4":"has-post-thumbnail","6":"product_cat-chaises-de-bar-en-m-tal","7":"pa_frame-non-empilable-frame-fr","8":"pa_product-color-color-olive-fr","9":"pa_product-frame-color-noir-framecolor-fr","10":"pa_product-material-cadre-en-metal-material-fr","11":"pa_product-more-colors-oui-fr","12":"pa_product-seat-depth-cm-3750-seat-depth-cm-fr","13":"pa_product-seat-height-cm-76-seat-height-cm-fr","14":"pa_product-seat-width-cm-4850-seat-width-cm-fr","15":"pa_product-seats-1-seats-fr","16":"pa_product-upholstery-upholstery-microfibre-fr","17":"pa_product-usage-usage-interieur-fr","19":"first","20":"instock","21":"sale","22":"taxable","23":"shipping-taxable","24":"purchasable","25":"product-type-simple"},"_links":{"self":[{"href":"https:\/\/horecacenter.com\/fr\/wp-json\/wp\/v2\/product\/162745","targetHints":{"allow":["GET"]}}],"collection":[{"href":"https:\/\/horecacenter.com\/fr\/wp-json\/wp\/v2\/product"}],"about":[{"href":"https:\/\/horecacenter.com\/fr\/wp-json\/wp\/v2\/types\/product"}],"replies":[{"embeddable":true,"href":"https:\/\/horecacenter.com\/fr\/wp-json\/wp\/v2\/comments?post=162745"}],"version-history":[{"count":4,"href":"https:\/\/horecacenter.com\/fr\/wp-json\/wp\/v2\/product\/162745\/revisions"}],"predecessor-version":[{"id":194212,"href":"https:\/\/horecacenter.com\/fr\/wp-json\/wp\/v2\/product\/162745\/revisions\/194212"}],"wp:featuredmedia":[{"embeddable":true,"href":"https:\/\/horecacenter.com\/fr\/wp-json\/wp\/v2\/media\/178935"}],"wp:attachment":[{"href":"https:\/\/horecacenter.com\/fr\/wp-json\/wp\/v2\/media?parent=162745"}],"wp:term":[{"taxonomy":"product_brand","embeddable":true,"href":"https:\/\/horecacenter.com\/fr\/wp-json\/wp\/v2\/product_brand?post=162745"},{"taxonomy":"product_cat","embeddable":true,"href":"https:\/\/horecacenter.com\/fr\/wp-json\/wp\/v2\/product_cat?post=162745"},{"taxonomy":"product_tag","embeddable":true,"href":"https:\/\/horecacenter.com\/fr\/wp-json\/wp\/v2\/product_tag?post=162745"}],"curies":[{"name":"wp","href":"https:\/\/api.w.org\/{rel}","templated":true}]}}