{"id":162901,"date":"2025-11-21T07:04:17","date_gmt":"2025-11-21T07:04:17","guid":{"rendered":"https:\/\/horecacenter.com\/?post_type=product&#038;p=162901"},"modified":"2026-03-26T13:01:15","modified_gmt":"2026-03-26T13:01:15","slug":"chaise-de-bar-pour-restaurant-emperio-simili-cuir-vintage-noir","status":"publish","type":"product","link":"https:\/\/horecacenter.com\/fr\/produit\/chaise-de-bar-pour-restaurant-emperio-simili-cuir-vintage-noir\/","title":{"rendered":"Chaise de Bar en M\u00e9tal Pour Restaurant &#8211; EMPERIO &#8211; Simili Cuir  Noir"},"content":{"rendered":"<p>Le <strong>rev\u00eatement en simili cuir noir<\/strong> conf\u00e8re \u00e0 ce tabouret un style moderne, \u00e9pur\u00e9 et industriel. Parfait pour les \u00e9tablissements horeca souhaitant une ambiance \u00e9l\u00e9gante et intemporelle.<\/p>\n<p><strong>Tabouret de Bar Industriel pour Horeca<\/strong><\/p>\n<p>Le <strong>Tabouret de Bar EMPERIO \u2013 Simili Cuir Noir<\/strong> associe une structure m\u00e9tallique noire robuste \u00e0 une assise \u00e9l\u00e9gante avec coutures en losange. Id\u00e9al pour bars, restaurants et caf\u00e9s. L\u2019assise ergonomique offre un excellent confort, tandis que le pi\u00e8tement m\u00e9tallique garantit stabilit\u00e9 et durabilit\u00e9 pour un usage intensif.<\/p>\n<ul>\n<li><span style=\"color: #000000;\">Couleurs disponibles : Cognac &amp; Noir<\/span><\/li>\n<li><span style=\"color: #000000;\">Les chaises sont livr\u00e9es non mont\u00e9es et emball\u00e9es par 2 dans des cartons<\/span><\/li>\n<li><span style=\"color: #000000;\">Le mat\u00e9riel n\u00e9cessaire au montage se trouve dans la bo\u00eete<\/span><\/li>\n<\/ul>\n<p>Le simili cuir est facile \u00e0 entretenir et \u00e0 nettoyer, id\u00e9al pour une utilisation quotidienne. Pour vos projets, contactez-nous via <strong>T\u00e9l\u00e9phone<\/strong>, <strong>WhatsApp<\/strong> ou <strong>e-mail<\/strong> ou visitez notre showroom.<\/p>\n","protected":false},"excerpt":{"rendered":"<p>Le rev\u00eatement en simili cuir noir conf\u00e8re \u00e0 ce tabouret un style moderne, \u00e9pur\u00e9 et industriel. Parfait pour les \u00e9tablissements<\/p>\n","protected":false},"featured_media":145092,"comment_status":"closed","ping_status":"closed","template":"","meta":[],"product_brand":[],"product_cat":[10272],"product_tag":[],"class_list":{"0":"post-162901","1":"product","2":"type-product","3":"status-publish","4":"has-post-thumbnail","6":"product_cat-chaises-de-bar-en-m-tal","7":"pa_frame-non-empilable-frame-fr","8":"pa_product-color-color-noir-fr","9":"pa_product-frame-color-noir-framecolor-fr","10":"pa_product-material-cadre-en-metal-material-fr","11":"pa_product-more-colors-oui-fr","12":"pa_product-seat-depth-cm-3750-seat-depth-cm-fr","13":"pa_product-seat-height-cm-76-seat-height-cm-fr","14":"pa_product-seat-width-cm-4850-seat-width-cm-fr","15":"pa_product-seats-1-seats-fr","16":"pa_product-upholstery-upholstery-simili-cuir-fr","17":"pa_product-usage-usage-interieur-fr","19":"first","20":"instock","21":"sale","22":"taxable","23":"shipping-taxable","24":"purchasable","25":"product-type-simple"},"_links":{"self":[{"href":"https:\/\/horecacenter.com\/fr\/wp-json\/wp\/v2\/product\/162901","targetHints":{"allow":["GET"]}}],"collection":[{"href":"https:\/\/horecacenter.com\/fr\/wp-json\/wp\/v2\/product"}],"about":[{"href":"https:\/\/horecacenter.com\/fr\/wp-json\/wp\/v2\/types\/product"}],"replies":[{"embeddable":true,"href":"https:\/\/horecacenter.com\/fr\/wp-json\/wp\/v2\/comments?post=162901"}],"version-history":[{"count":4,"href":"https:\/\/horecacenter.com\/fr\/wp-json\/wp\/v2\/product\/162901\/revisions"}],"predecessor-version":[{"id":191650,"href":"https:\/\/horecacenter.com\/fr\/wp-json\/wp\/v2\/product\/162901\/revisions\/191650"}],"wp:featuredmedia":[{"embeddable":true,"href":"https:\/\/horecacenter.com\/fr\/wp-json\/wp\/v2\/media\/145092"}],"wp:attachment":[{"href":"https:\/\/horecacenter.com\/fr\/wp-json\/wp\/v2\/media?parent=162901"}],"wp:term":[{"taxonomy":"product_brand","embeddable":true,"href":"https:\/\/horecacenter.com\/fr\/wp-json\/wp\/v2\/product_brand?post=162901"},{"taxonomy":"product_cat","embeddable":true,"href":"https:\/\/horecacenter.com\/fr\/wp-json\/wp\/v2\/product_cat?post=162901"},{"taxonomy":"product_tag","embeddable":true,"href":"https:\/\/horecacenter.com\/fr\/wp-json\/wp\/v2\/product_tag?post=162901"}],"curies":[{"name":"wp","href":"https:\/\/api.w.org\/{rel}","templated":true}]}}