{"id":163222,"date":"2025-11-21T13:06:03","date_gmt":"2025-11-21T13:06:03","guid":{"rendered":"https:\/\/horecacenter.com\/?post_type=product&#038;p=163222"},"modified":"2026-03-13T13:00:07","modified_gmt":"2026-03-13T13:00:07","slug":"chaise-de-restaurant-avec-accoudoirs-artes-velours-rouille","status":"publish","type":"product","link":"https:\/\/horecacenter.com\/fr\/produit\/chaise-de-restaurant-avec-accoudoirs-artes-velours-rouille\/","title":{"rendered":"Chaise de Restaurant Avec Accoudoirs &#8211; ARTES &#8211; Velours Rouille"},"content":{"rendered":"<p>Le rev\u00eatement en <strong>velours rouille<\/strong> poss\u00e8de une texture douce et luxueuse. Le velours est souvent utilis\u00e9 dans les int\u00e9rieurs horeca pour son confort et son \u00e9l\u00e9gance. La couleur rouille apporte une ambiance chaleureuse.<\/p>\n<p><strong>Fauteuil Horeca \u00c9l\u00e9gant<\/strong><\/p>\n<p>Le <strong>Fauteuil Horeca ARTES \u2013 Velours Rouille<\/strong> associe design moderne et confort. Les accoudoirs et l\u2019assise ergonomique offrent un soutien agr\u00e9able. Id\u00e9al pour restaurants, caf\u00e9s et h\u00f4tels. Le pi\u00e8tement m\u00e9tallique noir assure stabilit\u00e9 et durabilit\u00e9. Son design intemporel s\u2019int\u00e8gre facilement dans diff\u00e9rents concepts horeca. Une solution \u00e9l\u00e9gante et pratique. Nettoyez r\u00e9guli\u00e8rement le velours avec une brosse douce ou un aspirateur. Les taches peuvent \u00eatre retir\u00e9es avec un chiffon l\u00e9g\u00e8rement humide. \u00c9vitez les produits agressifs. Vous ouvrez un restaurant ou r\u00e9am\u00e9nagez votre \u00e9tablissement ? Notre \u00e9quipe vous accompagne avec plaisir. Contactez-nous par <strong>T\u00e9l\u00e9phone<\/strong>, <strong>WhatsApp<\/strong> ou <strong>e-mail<\/strong> ou visitez notre showroom.<\/p>\n<p><span style=\"color: #000000;\"><strong>Informations suppl\u00e9mentaires :<\/strong><\/span><\/p>\n<ul>\n<li><span style=\"color: #000000;\">Les chaises ne sont pas assembl\u00e9es et sont toujours emball\u00e9es par paires dans des bo\u00eetes en carton.<\/span><\/li>\n<li><span style=\"color: #000000;\">L&rsquo;assise est fix\u00e9e au cadre \u00e0 l&rsquo;aide de 4 vis.<\/span><\/li>\n<li><span style=\"color: #000000;\">Le mat\u00e9riel n\u00e9cessaire pour l&rsquo;assemblage est inclus dans la bo\u00eete.<\/span><\/li>\n<li><span style=\"color: #000000;\">Les chaises sont faciles \u00e0 assembler.<\/span><\/li>\n<\/ul>\n","protected":false},"excerpt":{"rendered":"<p>Le rev\u00eatement en velours rouille poss\u00e8de une texture douce et luxueuse. Le velours est souvent utilis\u00e9 dans les int\u00e9rieurs horeca<\/p>\n","protected":false},"featured_media":145176,"comment_status":"closed","ping_status":"closed","template":"","meta":[],"product_brand":[],"product_cat":[17402,17399,10052],"product_tag":[],"class_list":{"0":"post-163222","1":"product","2":"type-product","3":"status-publish","4":"has-post-thumbnail","6":"product_cat-chaises-en-metal-tissu-vintage","7":"product_cat-chaises-en-metal-tissu","8":"product_cat-chaise-avec-accoudoir","9":"pa_armrest-armrest-oui-fr","10":"pa_frame-non-empilable-frame-fr","11":"pa_product-arm-height-cm-6450-arm-height-cm-fr","12":"pa_product-color-color-rouille-fr","13":"pa_product-frame-color-noir-framecolor-fr","14":"pa_product-material-cadre-en-metal-material-fr","15":"pa_product-more-colors-oui-fr","16":"pa_product-seat-height-cm-4450-seat-height-cm-fr","17":"pa_product-seat-width-cm-41-seat-width-cm-fr","18":"pa_product-seats-1-seats-fr","19":"pa_product-upholstery-upholstery-velours-fr","20":"pa_product-usage-usage-interieur-fr","22":"first","23":"outofstock","24":"sale","25":"taxable","26":"shipping-taxable","27":"purchasable","28":"product-type-simple"},"_links":{"self":[{"href":"https:\/\/horecacenter.com\/fr\/wp-json\/wp\/v2\/product\/163222","targetHints":{"allow":["GET"]}}],"collection":[{"href":"https:\/\/horecacenter.com\/fr\/wp-json\/wp\/v2\/product"}],"about":[{"href":"https:\/\/horecacenter.com\/fr\/wp-json\/wp\/v2\/types\/product"}],"replies":[{"embeddable":true,"href":"https:\/\/horecacenter.com\/fr\/wp-json\/wp\/v2\/comments?post=163222"}],"version-history":[{"count":4,"href":"https:\/\/horecacenter.com\/fr\/wp-json\/wp\/v2\/product\/163222\/revisions"}],"predecessor-version":[{"id":189711,"href":"https:\/\/horecacenter.com\/fr\/wp-json\/wp\/v2\/product\/163222\/revisions\/189711"}],"wp:featuredmedia":[{"embeddable":true,"href":"https:\/\/horecacenter.com\/fr\/wp-json\/wp\/v2\/media\/145176"}],"wp:attachment":[{"href":"https:\/\/horecacenter.com\/fr\/wp-json\/wp\/v2\/media?parent=163222"}],"wp:term":[{"taxonomy":"product_brand","embeddable":true,"href":"https:\/\/horecacenter.com\/fr\/wp-json\/wp\/v2\/product_brand?post=163222"},{"taxonomy":"product_cat","embeddable":true,"href":"https:\/\/horecacenter.com\/fr\/wp-json\/wp\/v2\/product_cat?post=163222"},{"taxonomy":"product_tag","embeddable":true,"href":"https:\/\/horecacenter.com\/fr\/wp-json\/wp\/v2\/product_tag?post=163222"}],"curies":[{"name":"wp","href":"https:\/\/api.w.org\/{rel}","templated":true}]}}