{"id":163261,"date":"2025-11-21T13:22:23","date_gmt":"2025-11-21T13:22:23","guid":{"rendered":"https:\/\/horecacenter.com\/?post_type=product&#038;p=163261"},"modified":"2025-12-03T10:40:07","modified_gmt":"2025-12-03T10:40:07","slug":"tabouret-de-bar-en-bois-pour-restaurant-sanja-simili-cuir-creme","status":"publish","type":"product","link":"https:\/\/horecacenter.com\/fr\/produit\/tabouret-de-bar-en-bois-pour-restaurant-sanja-simili-cuir-creme\/","title":{"rendered":"Tabouret de Bar en Bois Pour Restaurant &#8211; SANJA &#8211; Simili Cuir Cr\u00e8me"},"content":{"rendered":"<p><span style=\"color: #000000;\">Apportez une touche moderne \u00e0 votre int\u00e9rieur avec ce tabouret de bar \u00e9l\u00e9gant, rev\u00eatu de similicuir de haute qualit\u00e9 et disponible dans des couleurs intemporelles. Le cadre en h\u00eatre noir offre une base robuste tout en d\u00e9gageant raffinement et \u00e9l\u00e9gance. Le rev\u00eatement en similicuir allie une apparence luxueuse \u00e0 un entretien facile, id\u00e9al pour une utilisation intensive quotidienne.<\/span><\/p>\n<p><span style=\"color: #000000;\">Ce tabouret de bar est parfait pour les restaurants, caf\u00e9s et bars qui cherchent \u00e0 cr\u00e9er une ambiance accueillante et \u00e9l\u00e9gante. La combinaison de confort et de durabilit\u00e9 garantit \u00e0 vos clients de se d\u00e9tendre et de profiter, tandis que le design \u00e9pur\u00e9 rehausse votre int\u00e9rieur.\u00a0Faites sensation dans votre \u00e9tablissement avec un tabouret de bar qui allie esth\u00e9tique et fonctionnalit\u00e9 \u2013 un choix qui incitera vos clients \u00e0 revenir.<\/span><\/p>\n<p><span style=\"color: #000000;\"><strong>Informations suppl\u00e9mentaires :<\/strong><\/span><\/p>\n<ul>\n<li><span style=\"color: #000000;\">Fourni en standard avec des pieds de bouton coulissants en plastique.<\/span><\/li>\n<li><span style=\"color: #000000;\">Compl\u00e8tement pr\u00eat \u00e0 l&#8217;emploi.<\/span><\/li>\n<li><span style=\"color: #000000;\">Produit europ\u00e9en garantie.<\/span><\/li>\n<li><span style=\"color: #000000;\">Garantie constructeur 1 an.<\/span><\/li>\n<\/ul>\n<p><span style=\"color: #000000;\"><strong>Options :<\/strong><\/span><\/p>\n<ul>\n<li><span style=\"color: #000000;\">Cadre naturel +7,50 \u20ac<\/span><\/li>\n<li><span style=\"color: #000000;\">Double couleur + 10,00 \u20ac<\/span><\/li>\n<li><span style=\"color: #000000;\">Su\u00e9dine +15,00 \u20ac<\/span><\/li>\n<li><span style=\"color: #000000;\">Ravenne (si\u00e8ge seul) + 15 \u20ac<\/span><\/li>\n<\/ul>\n","protected":false},"excerpt":{"rendered":"<p>Apportez une touche moderne \u00e0 votre int\u00e9rieur avec ce tabouret de bar \u00e9l\u00e9gant, rev\u00eatu de similicuir de haute qualit\u00e9 et<\/p>\n","protected":false},"featured_media":145076,"comment_status":"closed","ping_status":"closed","template":"","meta":[],"product_brand":[],"product_cat":[10268],"product_tag":[],"class_list":{"0":"post-163261","1":"product","2":"type-product","3":"status-publish","4":"has-post-thumbnail","6":"product_cat-chaises-de-bar-en-bois","7":"pa_frame-non-empilable-frame-fr","8":"pa_product-color-color-creme-fr","9":"pa_product-frame-color-noir-framecolor-fr","10":"pa_product-material-cadre-en-hetre-material-fr","11":"pa_product-more-colors-oui-fr","12":"pa_product-seat-cm-45x45-seat-cm-fr","13":"pa_product-seat-height-cm-82-seat-height-cm-fr","14":"pa_product-seats-1-seats-fr","15":"pa_product-upholstery-upholstery-simili-cuir-fr","16":"pa_product-usage-usage-interieur-fr","18":"first","19":"onbackorder","20":"sale","21":"taxable","22":"shipping-taxable","23":"purchasable","24":"product-type-simple"},"_links":{"self":[{"href":"https:\/\/horecacenter.com\/fr\/wp-json\/wp\/v2\/product\/163261","targetHints":{"allow":["GET"]}}],"collection":[{"href":"https:\/\/horecacenter.com\/fr\/wp-json\/wp\/v2\/product"}],"about":[{"href":"https:\/\/horecacenter.com\/fr\/wp-json\/wp\/v2\/types\/product"}],"replies":[{"embeddable":true,"href":"https:\/\/horecacenter.com\/fr\/wp-json\/wp\/v2\/comments?post=163261"}],"version-history":[{"count":3,"href":"https:\/\/horecacenter.com\/fr\/wp-json\/wp\/v2\/product\/163261\/revisions"}],"predecessor-version":[{"id":169787,"href":"https:\/\/horecacenter.com\/fr\/wp-json\/wp\/v2\/product\/163261\/revisions\/169787"}],"wp:featuredmedia":[{"embeddable":true,"href":"https:\/\/horecacenter.com\/fr\/wp-json\/wp\/v2\/media\/145076"}],"wp:attachment":[{"href":"https:\/\/horecacenter.com\/fr\/wp-json\/wp\/v2\/media?parent=163261"}],"wp:term":[{"taxonomy":"product_brand","embeddable":true,"href":"https:\/\/horecacenter.com\/fr\/wp-json\/wp\/v2\/product_brand?post=163261"},{"taxonomy":"product_cat","embeddable":true,"href":"https:\/\/horecacenter.com\/fr\/wp-json\/wp\/v2\/product_cat?post=163261"},{"taxonomy":"product_tag","embeddable":true,"href":"https:\/\/horecacenter.com\/fr\/wp-json\/wp\/v2\/product_tag?post=163261"}],"curies":[{"name":"wp","href":"https:\/\/api.w.org\/{rel}","templated":true}]}}