{"id":163289,"date":"2025-11-21T13:58:34","date_gmt":"2025-11-21T13:58:34","guid":{"rendered":"https:\/\/horecacenter.com\/?post_type=product&#038;p=163289"},"modified":"2026-03-13T09:59:01","modified_gmt":"2026-03-13T09:59:01","slug":"chaise-de-restaurant-avec-accoudoirs-artes-velours-rouille-2","status":"publish","type":"product","link":"https:\/\/horecacenter.com\/fr\/produit\/chaise-de-restaurant-avec-accoudoirs-artes-velours-rouille-2\/","title":{"rendered":"Chaise de Restaurant Avec Accoudoirs &#8211; ARTES &#8211; Velours Olive"},"content":{"rendered":"<p>Cette chaise avec accoudoirs est recouverte de <strong>velours olive<\/strong>, un tissu luxueux reconnu pour sa douceur et son \u00e9l\u00e9gance. Le velours cr\u00e9e une atmosph\u00e8re chaleureuse dans les restaurants, caf\u00e9s et h\u00f4tels.<\/p>\n<p><strong>Chaise Horeca \u00c9l\u00e9gante et Confortable<\/strong><\/p>\n<p>La <strong>Chaise Horeca ARTES \u2013 Velours Olive<\/strong> combine un design moderne avec une assise ergonomique et des accoudoirs int\u00e9gr\u00e9s. La couleur olive apporte une ambiance \u00e9l\u00e9gante et naturelle aux restaurants et h\u00f4tels. Les <strong>pieds m\u00e9talliques dor\u00e9s<\/strong> ajoutent une finition luxueuse. Pour l\u2019entretien, nettoyez le velours avec une brosse douce ou un chiffon l\u00e9g\u00e8rement humide. \u00c9vitez les produits agressifs. Vous ouvrez un restaurant ou modernisez votre int\u00e9rieur ? Contactez-nous par <strong>T\u00e9l\u00e9phone<\/strong>, <strong>WhatsApp<\/strong> ou <strong>e-mail<\/strong> ou visitez notre showroom.<\/p>\n<p><span style=\"color: #000000;\"><strong>Informations suppl\u00e9mentaires :<\/strong><\/span><\/p>\n<ul>\n<li><span style=\"color: #000000;\">Les chaises ne sont pas assembl\u00e9es et sont toujours emball\u00e9es par paires dans des bo\u00eetes en carton.<\/span><\/li>\n<li><span style=\"color: #000000;\">L&rsquo;assise est fix\u00e9e au cadre \u00e0 l&rsquo;aide de 4 vis.<\/span><\/li>\n<li><span style=\"color: #000000;\">Le mat\u00e9riel n\u00e9cessaire pour l&rsquo;assemblage est inclus dans la bo\u00eete.<\/span><\/li>\n<li><span style=\"color: #000000;\">Les chaises sont faciles \u00e0 assembler.<\/span><\/li>\n<\/ul>\n","protected":false},"excerpt":{"rendered":"<p>Cette chaise avec accoudoirs est recouverte de velours olive, un tissu luxueux reconnu pour sa douceur et son \u00e9l\u00e9gance. Le<\/p>\n","protected":false},"featured_media":145360,"comment_status":"closed","ping_status":"closed","template":"","meta":[],"product_brand":[],"product_cat":[17402,17399,10052],"product_tag":[10535,10540,10610,12459,12606,12609,12957,13064,13250,13266,13273],"class_list":{"0":"post-163289","1":"product","2":"type-product","3":"status-publish","4":"has-post-thumbnail","6":"product_cat-chaises-en-metal-tissu-vintage","7":"product_cat-chaises-en-metal-tissu","8":"product_cat-chaise-avec-accoudoir","9":"product_tag-horeca-m-bel","10":"product_tag-horeca-furniture","11":"product_tag-meubles-horeca","12":"product_tag-sessel-2","13":"product_tag-fauteuil","14":"product_tag-armchair","15":"product_tag-armstoel","16":"product_tag-cafe-inrichting","17":"product_tag-cafe-deko","18":"product_tag-d-coration-de-caf","19":"product_tag-cafe-decoration","20":"pa_armrest-armrest-oui-fr","21":"pa_frame-non-empilable-frame-fr","22":"pa_product-arm-height-cm-6450-arm-height-cm-fr","23":"pa_product-color-color-olive-fr","24":"pa_product-frame-color-or-frame-color-fr","25":"pa_product-material-cadre-en-metal-material-fr","26":"pa_product-more-colors-oui-fr","27":"pa_product-seat-height-cm-4450-seat-height-cm-fr","28":"pa_product-seat-width-cm-41-seat-width-cm-fr","29":"pa_product-seats-1-seats-fr","30":"pa_product-upholstery-upholstery-velours-fr","31":"pa_product-usage-usage-interieur-fr","33":"first","34":"instock","35":"sale","36":"taxable","37":"shipping-taxable","38":"purchasable","39":"product-type-simple"},"_links":{"self":[{"href":"https:\/\/horecacenter.com\/fr\/wp-json\/wp\/v2\/product\/163289","targetHints":{"allow":["GET"]}}],"collection":[{"href":"https:\/\/horecacenter.com\/fr\/wp-json\/wp\/v2\/product"}],"about":[{"href":"https:\/\/horecacenter.com\/fr\/wp-json\/wp\/v2\/types\/product"}],"replies":[{"embeddable":true,"href":"https:\/\/horecacenter.com\/fr\/wp-json\/wp\/v2\/comments?post=163289"}],"version-history":[{"count":4,"href":"https:\/\/horecacenter.com\/fr\/wp-json\/wp\/v2\/product\/163289\/revisions"}],"predecessor-version":[{"id":189497,"href":"https:\/\/horecacenter.com\/fr\/wp-json\/wp\/v2\/product\/163289\/revisions\/189497"}],"wp:featuredmedia":[{"embeddable":true,"href":"https:\/\/horecacenter.com\/fr\/wp-json\/wp\/v2\/media\/145360"}],"wp:attachment":[{"href":"https:\/\/horecacenter.com\/fr\/wp-json\/wp\/v2\/media?parent=163289"}],"wp:term":[{"taxonomy":"product_brand","embeddable":true,"href":"https:\/\/horecacenter.com\/fr\/wp-json\/wp\/v2\/product_brand?post=163289"},{"taxonomy":"product_cat","embeddable":true,"href":"https:\/\/horecacenter.com\/fr\/wp-json\/wp\/v2\/product_cat?post=163289"},{"taxonomy":"product_tag","embeddable":true,"href":"https:\/\/horecacenter.com\/fr\/wp-json\/wp\/v2\/product_tag?post=163289"}],"curies":[{"name":"wp","href":"https:\/\/api.w.org\/{rel}","templated":true}]}}