{"id":163404,"date":"2025-11-22T07:38:15","date_gmt":"2025-11-22T07:38:15","guid":{"rendered":"https:\/\/horecacenter.com\/?post_type=product&#038;p=163404"},"modified":"2025-12-03T09:21:55","modified_gmt":"2025-12-03T09:21:55","slug":"chaise-de-bar-pour-restaurant-megan-simili-cuir-brun","status":"publish","type":"product","link":"https:\/\/horecacenter.com\/fr\/produit\/chaise-de-bar-pour-restaurant-megan-simili-cuir-brun\/","title":{"rendered":"Chaise de Bar en Bois Pour Restaurant &#8211; MEGAN &#8211; Simili Cuir Brun"},"content":{"rendered":"<p><span style=\"color: #000000;\">Apportez une touche de raffinement \u00e0 votre int\u00e9rieur avec ce tabouret de bar en similicuir, alliant parfaitement luxe et fonctionnalit\u00e9. Disponible dans une gamme de couleurs modernes, ce tabouret offre une esth\u00e9tique chaleureuse qui s&rsquo;harmonise avec tout int\u00e9rieur \u00e9l\u00e9gant. Le cadre en h\u00eatre teint\u00e9 weng\u00e9 ajoute une \u00e9l\u00e9gance naturelle et garantit stabilit\u00e9 et durabilit\u00e9, id\u00e9al pour un usage intensif.<\/span><\/p>\n<p><span style=\"color: #000000;\">Con\u00e7u sp\u00e9cialement pour les \u00e9tablissements h\u00f4teliers tels que restaurants, caf\u00e9s et bars, ce tabouret de bar est dot\u00e9 d\u2019un rev\u00eatement en similicuir de haute qualit\u00e9, facile \u00e0 entretenir et r\u00e9sistant \u00e0 l\u2019usure quotidienne. L&rsquo;assise confortable garantit \u00e0 vos clients un s\u00e9jour agr\u00e9able. Le design intemporel rehausse l\u2019ambiance de votre \u00e9tablissement et invite \u00e0 la convivialit\u00e9. Impressionnez avec un tabouret de bar qui allie style et praticit\u00e9 \u2013 parfait pour un concept h\u00f4telier accueillant et chaleureux.<\/span><\/p>\n<p><span style=\"color: #000000;\"><strong>Informations suppl\u00e9mentaires :<\/strong><\/span><\/p>\n<ul>\n<li><span style=\"color: #000000;\">Fourni en standard avec des pieds de bouton coulissants en plastique.<\/span><\/li>\n<li><span style=\"color: #000000;\">Compl\u00e8tement pr\u00eat \u00e0 l&#8217;emploi.<\/span><\/li>\n<li><span style=\"color: #000000;\">Produit europ\u00e9en garantie.<\/span><\/li>\n<li><span style=\"color: #000000;\">Garantie constructeur 1 an.<\/span><\/li>\n<\/ul>\n<p><span style=\"color: #000000;\"><strong>Options :<\/strong><\/span><\/p>\n<ul>\n<li><span style=\"color: #000000;\">Cadre naturel +7,50 \u20ac<\/span><\/li>\n<li><span style=\"color: #000000;\">Double couleur + 10,00 \u20ac<\/span><\/li>\n<li><span style=\"color: #000000;\">Su\u00e9dine +15,00 \u20ac<\/span><\/li>\n<li><span style=\"color: #000000;\">Ravenne (si\u00e8ge seul) + 15 \u20ac<\/span><\/li>\n<\/ul>\n","protected":false},"excerpt":{"rendered":"<p>Apportez une touche de raffinement \u00e0 votre int\u00e9rieur avec ce tabouret de bar en similicuir, alliant parfaitement luxe et fonctionnalit\u00e9.<\/p>\n","protected":false},"featured_media":114680,"comment_status":"closed","ping_status":"closed","template":"","meta":[],"product_brand":[],"product_cat":[10268],"product_tag":[],"class_list":{"0":"post-163404","1":"product","2":"type-product","3":"status-publish","4":"has-post-thumbnail","6":"product_cat-chaises-de-bar-en-bois","7":"pa_frame-non-empilable-frame-fr","8":"pa_product-color-color-brun-fr","9":"pa_product-frame-color-noir-framecolor-fr","10":"pa_product-material-cadre-en-hetre-material-fr","11":"pa_product-more-colors-oui-fr","12":"pa_product-more-dimensions-oui-fr","13":"pa_product-seat-cm-45x45-seat-cm-fr","14":"pa_product-seat-depth-cm-4250-seat-depth-cm-fr","15":"pa_product-seat-height-cm-83-seat-height-cm-fr","16":"pa_product-seat-width-cm-42-seat-width-cm-fr","17":"pa_product-seats-1-seats-fr","18":"pa_product-upholstery-upholstery-simili-cuir-fr","19":"pa_product-usage-usage-interieur-fr","21":"first","22":"instock","23":"sale","24":"taxable","25":"shipping-taxable","26":"purchasable","27":"product-type-simple"},"_links":{"self":[{"href":"https:\/\/horecacenter.com\/fr\/wp-json\/wp\/v2\/product\/163404","targetHints":{"allow":["GET"]}}],"collection":[{"href":"https:\/\/horecacenter.com\/fr\/wp-json\/wp\/v2\/product"}],"about":[{"href":"https:\/\/horecacenter.com\/fr\/wp-json\/wp\/v2\/types\/product"}],"replies":[{"embeddable":true,"href":"https:\/\/horecacenter.com\/fr\/wp-json\/wp\/v2\/comments?post=163404"}],"version-history":[{"count":3,"href":"https:\/\/horecacenter.com\/fr\/wp-json\/wp\/v2\/product\/163404\/revisions"}],"predecessor-version":[{"id":169751,"href":"https:\/\/horecacenter.com\/fr\/wp-json\/wp\/v2\/product\/163404\/revisions\/169751"}],"wp:featuredmedia":[{"embeddable":true,"href":"https:\/\/horecacenter.com\/fr\/wp-json\/wp\/v2\/media\/114680"}],"wp:attachment":[{"href":"https:\/\/horecacenter.com\/fr\/wp-json\/wp\/v2\/media?parent=163404"}],"wp:term":[{"taxonomy":"product_brand","embeddable":true,"href":"https:\/\/horecacenter.com\/fr\/wp-json\/wp\/v2\/product_brand?post=163404"},{"taxonomy":"product_cat","embeddable":true,"href":"https:\/\/horecacenter.com\/fr\/wp-json\/wp\/v2\/product_cat?post=163404"},{"taxonomy":"product_tag","embeddable":true,"href":"https:\/\/horecacenter.com\/fr\/wp-json\/wp\/v2\/product_tag?post=163404"}],"curies":[{"name":"wp","href":"https:\/\/api.w.org\/{rel}","templated":true}]}}