{"id":163441,"date":"2025-11-22T08:44:08","date_gmt":"2025-11-22T08:44:08","guid":{"rendered":"https:\/\/horecacenter.com\/?post_type=product&#038;p=163441"},"modified":"2025-12-03T09:06:11","modified_gmt":"2025-12-03T09:06:11","slug":"chaise-de-bar-en-bois-pour-restaurant-tara-simili-cuir-rouge","status":"publish","type":"product","link":"https:\/\/horecacenter.com\/fr\/produit\/chaise-de-bar-en-bois-pour-restaurant-tara-simili-cuir-rouge\/","title":{"rendered":"Chaise de Bar en Bois Pour Restaurant &#8211; TARA &#8211; Simili Cuir Rouge"},"content":{"rendered":"<p><span style=\"color: #000000;\">Cr\u00e9ez une ambiance \u00e9l\u00e9gante et accueillante avec ce tabouret de bar raffin\u00e9, rev\u00eatu de similicuir de haute qualit\u00e9 et disponible dans une gamme de couleurs populaires. Le cadre en h\u00eatre teint\u00e9 weng\u00e9 allie chaleur naturelle et construction robuste, ce qui rend ce tabouret parfait pour un usage intensif dans des environnements dynamiques. Le rev\u00eatement en similicuir offre une allure luxueuse et est facile \u00e0 entretenir, garantissant un int\u00e9rieur toujours impeccable.<\/span><\/p>\n<p><span style=\"color: #000000;\">Ce tabouret de bar est id\u00e9al pour les restaurants, caf\u00e9s et bars qui souhaitent projeter une ambiance sophistiqu\u00e9e. Son design ergonomique offre un confort d\u2019assise optimal, tandis que les mat\u00e9riaux durables contribuent \u00e0 une esth\u00e9tique professionnelle. Parfait pour les \u00e9tablissements h\u00f4teliers recherchant un \u00e9quilibre entre fonctionnalit\u00e9 et design moderne, permettant aux clients de se sentir les bienvenus et de prolonger leur s\u00e9jour. Optez pour un tabouret de bar qui allie style, confort et qualit\u00e9 \u2013 le choix ultime pour un int\u00e9rieur qui fait impression.<\/span><\/p>\n<p><span style=\"color: #000000;\"><strong>Informations suppl\u00e9mentaires :<\/strong><\/span><\/p>\n<ul>\n<li><span style=\"color: #000000;\">Fourni en standard avec des pieds de bouton coulissants en plastique.<\/span><\/li>\n<li><span style=\"color: #000000;\">Compl\u00e8tement pr\u00eat \u00e0 l&#8217;emploi.<\/span><\/li>\n<li><span style=\"color: #000000;\">Produit europ\u00e9en garantie.<\/span><\/li>\n<li><span style=\"color: #000000;\">Garantie constructeur 1 an.<\/span><\/li>\n<\/ul>\n<p><span style=\"color: #000000;\"><strong>Options :<\/strong><\/span><\/p>\n<ul>\n<li><span style=\"color: #000000;\">Cadre naturel +7,50 \u20ac<\/span><\/li>\n<li><span style=\"color: #000000;\">Double couleur + 10,00 \u20ac<\/span><\/li>\n<li><span style=\"color: #000000;\">Su\u00e9dine +15,00 \u20ac<\/span><\/li>\n<li><span style=\"color: #000000;\">Ravenne (si\u00e8ge seul) + 15 \u20ac<\/span><\/li>\n<\/ul>\n<p><span style=\"font-size: 14px; color: #000000;\"><span style=\"font-family: Arial,Helvetica,sans-serif;\"><strong><em>Ce prix comprend 10 \u20ac suppl\u00e9mentaire pour le traitement du produit de protection recommand\u00e9 de porter sortir une couleur.<\/em><\/strong><\/span><\/span><\/p>\n","protected":false},"excerpt":{"rendered":"<p>Cr\u00e9ez une ambiance \u00e9l\u00e9gante et accueillante avec ce tabouret de bar raffin\u00e9, rev\u00eatu de similicuir de haute qualit\u00e9 et disponible<\/p>\n","protected":false},"featured_media":71560,"comment_status":"closed","ping_status":"closed","template":"","meta":[],"product_brand":[],"product_cat":[10268],"product_tag":[],"class_list":{"0":"post-163441","1":"product","2":"type-product","3":"status-publish","4":"has-post-thumbnail","6":"product_cat-chaises-de-bar-en-bois","7":"pa_frame-non-empilable-frame-fr","8":"pa_product-color-color-rouge-fr","9":"pa_product-frame-color-wenge-frame-color-fr","10":"pa_product-material-cadre-en-hetre-material-fr","11":"pa_product-more-colors-oui-fr","12":"pa_product-more-dimensions-oui-fr","13":"pa_product-seat-cm-45x45-seat-cm-fr","14":"pa_product-seat-height-cm-83-seat-height-cm-fr","15":"pa_product-seats-1-seats-fr","16":"pa_product-upholstery-upholstery-simili-cuir-fr","17":"pa_product-usage-usage-interieur-fr","19":"first","20":"instock","21":"sale","22":"taxable","23":"shipping-taxable","24":"purchasable","25":"product-type-simple"},"_links":{"self":[{"href":"https:\/\/horecacenter.com\/fr\/wp-json\/wp\/v2\/product\/163441","targetHints":{"allow":["GET"]}}],"collection":[{"href":"https:\/\/horecacenter.com\/fr\/wp-json\/wp\/v2\/product"}],"about":[{"href":"https:\/\/horecacenter.com\/fr\/wp-json\/wp\/v2\/types\/product"}],"replies":[{"embeddable":true,"href":"https:\/\/horecacenter.com\/fr\/wp-json\/wp\/v2\/comments?post=163441"}],"version-history":[{"count":3,"href":"https:\/\/horecacenter.com\/fr\/wp-json\/wp\/v2\/product\/163441\/revisions"}],"predecessor-version":[{"id":169612,"href":"https:\/\/horecacenter.com\/fr\/wp-json\/wp\/v2\/product\/163441\/revisions\/169612"}],"wp:featuredmedia":[{"embeddable":true,"href":"https:\/\/horecacenter.com\/fr\/wp-json\/wp\/v2\/media\/71560"}],"wp:attachment":[{"href":"https:\/\/horecacenter.com\/fr\/wp-json\/wp\/v2\/media?parent=163441"}],"wp:term":[{"taxonomy":"product_brand","embeddable":true,"href":"https:\/\/horecacenter.com\/fr\/wp-json\/wp\/v2\/product_brand?post=163441"},{"taxonomy":"product_cat","embeddable":true,"href":"https:\/\/horecacenter.com\/fr\/wp-json\/wp\/v2\/product_cat?post=163441"},{"taxonomy":"product_tag","embeddable":true,"href":"https:\/\/horecacenter.com\/fr\/wp-json\/wp\/v2\/product_tag?post=163441"}],"curies":[{"name":"wp","href":"https:\/\/api.w.org\/{rel}","templated":true}]}}