{"id":163507,"date":"2025-11-22T10:03:34","date_gmt":"2025-11-22T10:03:34","guid":{"rendered":"https:\/\/horecacenter.com\/?post_type=product&#038;p=163507"},"modified":"2025-12-03T09:00:44","modified_gmt":"2025-12-03T09:00:44","slug":"chaise-de-bar-en-bois-avec-accoudoir-pour-restaurant-tara-simili-cuir-noir-3","status":"publish","type":"product","link":"https:\/\/horecacenter.com\/fr\/produit\/chaise-de-bar-en-bois-avec-accoudoir-pour-restaurant-tara-simili-cuir-noir-3\/","title":{"rendered":"Chaise de Bar en Bois Avec Accoudoir Pour Restaurant &#8211; TARA &#8211; Simili Cuir Taupe"},"content":{"rendered":"<p><span style=\"color: #000000;\">Apportez une touche de raffinement \u00e0 votre int\u00e9rieur avec ce tabouret de bar en similicuir avec accoudoirs, disponible dans une gamme de couleurs tendance. Le cadre en h\u00eatre noir d\u00e9gage une \u00e9l\u00e9gance intemporelle et offre un soutien solide, tandis que les accoudoirs confortables garantissent un confort d\u2019assise suppl\u00e9mentaire. Le rev\u00eatement en similicuir facile \u00e0 entretenir combine une apparence luxueuse avec une durabilit\u00e9 pratique, id\u00e9al pour un usage intensif quotidien.<\/span><\/p>\n<p><span style=\"color: #000000;\">Sp\u00e9cialement con\u00e7u pour les \u00e9tablissements h\u00f4teliers tels que restaurants, caf\u00e9s et bars, ce tabouret de bar ajoute une ambiance moderne et accueillante \u00e0 votre int\u00e9rieur. Les accoudoirs invitent les clients \u00e0 prolonger leur s\u00e9jour, tandis que le design intemporel s\u2019int\u00e8gre parfaitement aux styles classiques et contemporains. Avec ce tabouret de bar, optez pour le confort, le style et la praticit\u00e9 \u2013 un compl\u00e9ment parfait pour un concept h\u00f4telier qui veut impressionner et fid\u00e9liser sa client\u00e8le.<\/span><\/p>\n<p><span style=\"color: #000000;\"><strong>Informations suppl\u00e9mentaires :<\/strong><\/span><\/p>\n<ul>\n<li><span style=\"color: #000000;\">Fourni en standard avec des pieds de bouton coulissants en plastique.<\/span><\/li>\n<li><span style=\"color: #000000;\">Compl\u00e8tement pr\u00eat \u00e0 l&#8217;emploi.<\/span><\/li>\n<li><span style=\"color: #000000;\">Produit europ\u00e9en garantie.<\/span><\/li>\n<li><span style=\"color: #000000;\">Garantie constructeur 1 an.<\/span><\/li>\n<\/ul>\n<p><span style=\"color: #000000;\"><strong>Options :<\/strong><\/span><\/p>\n<ul>\n<li><span style=\"color: #000000;\">Cadre naturel +7,50 \u20ac<\/span><\/li>\n<li><span style=\"color: #000000;\">Double couleur + 10,00 \u20ac<\/span><\/li>\n<li><span style=\"color: #000000;\">Su\u00e9dine +15,00 \u20ac<\/span><\/li>\n<li><span style=\"color: #000000;\">Ravenne (si\u00e8ge seul) + 15 \u20ac<\/span><\/li>\n<\/ul>\n","protected":false},"excerpt":{"rendered":"<p>Apportez une touche de raffinement \u00e0 votre int\u00e9rieur avec ce tabouret de bar en similicuir avec accoudoirs, disponible dans une<\/p>\n","protected":false},"featured_media":163496,"comment_status":"closed","ping_status":"closed","template":"","meta":[],"product_brand":[],"product_cat":[10268],"product_tag":[],"class_list":{"0":"post-163507","1":"product","2":"type-product","3":"status-publish","4":"has-post-thumbnail","6":"product_cat-chaises-de-bar-en-bois","7":"pa_armrest-armrest-oui-fr","8":"pa_product-color-color-creme-fr","9":"pa_product-more-colors-oui-fr","10":"pa_product-more-dimensions-oui-fr","11":"pa_product-seat-cm-45x45-seat-cm-fr","12":"pa_product-seat-depth-cm-4250-seat-depth-cm-fr","13":"pa_product-seat-height-cm-80-seat-height-cm-fr","14":"pa_product-seat-width-cm-42-seat-width-cm-fr","15":"pa_product-seats-1-seats-fr","16":"pa_product-usage-usage-interieur-fr","18":"first","19":"onbackorder","20":"sale","21":"taxable","22":"shipping-taxable","23":"purchasable","24":"product-type-simple"},"_links":{"self":[{"href":"https:\/\/horecacenter.com\/fr\/wp-json\/wp\/v2\/product\/163507","targetHints":{"allow":["GET"]}}],"collection":[{"href":"https:\/\/horecacenter.com\/fr\/wp-json\/wp\/v2\/product"}],"about":[{"href":"https:\/\/horecacenter.com\/fr\/wp-json\/wp\/v2\/types\/product"}],"replies":[{"embeddable":true,"href":"https:\/\/horecacenter.com\/fr\/wp-json\/wp\/v2\/comments?post=163507"}],"version-history":[{"count":2,"href":"https:\/\/horecacenter.com\/fr\/wp-json\/wp\/v2\/product\/163507\/revisions"}],"predecessor-version":[{"id":163519,"href":"https:\/\/horecacenter.com\/fr\/wp-json\/wp\/v2\/product\/163507\/revisions\/163519"}],"wp:featuredmedia":[{"embeddable":true,"href":"https:\/\/horecacenter.com\/fr\/wp-json\/wp\/v2\/media\/163496"}],"wp:attachment":[{"href":"https:\/\/horecacenter.com\/fr\/wp-json\/wp\/v2\/media?parent=163507"}],"wp:term":[{"taxonomy":"product_brand","embeddable":true,"href":"https:\/\/horecacenter.com\/fr\/wp-json\/wp\/v2\/product_brand?post=163507"},{"taxonomy":"product_cat","embeddable":true,"href":"https:\/\/horecacenter.com\/fr\/wp-json\/wp\/v2\/product_cat?post=163507"},{"taxonomy":"product_tag","embeddable":true,"href":"https:\/\/horecacenter.com\/fr\/wp-json\/wp\/v2\/product_tag?post=163507"}],"curies":[{"name":"wp","href":"https:\/\/api.w.org\/{rel}","templated":true}]}}