{"id":163705,"date":"2025-11-24T08:15:09","date_gmt":"2025-11-24T08:15:09","guid":{"rendered":"https:\/\/horecacenter.com\/?post_type=product&#038;p=163705"},"modified":"2026-04-07T12:15:04","modified_gmt":"2026-04-07T12:15:04","slug":"chaise-de-restaurant-avec-accoudoirs-perla-simili-cuir-vintage-anthracite","status":"publish","type":"product","link":"https:\/\/horecacenter.com\/fr\/produit\/chaise-de-restaurant-avec-accoudoirs-perla-simili-cuir-vintage-anthracite\/","title":{"rendered":"Chaise de Restaurant Avec Accoudoirs &#8211; PERLA &#8211; Simili Cuir  Anthracite"},"content":{"rendered":"<p>Le <strong>Fauteuil Horeca PERLA \u2013 Anthracite<\/strong> est rev\u00eatu de Microleder Bull, un mat\u00e9riau haut de gamme compos\u00e9 de <strong>60% cuir v\u00e9ritable et 40% de simili cuir<\/strong>. Cette combinaison offre l\u2019apparence luxueuse du cuir et les avantages pratiques des mat\u00e9riaux synth\u00e9tiques.<\/p>\n<p><strong>Fauteuil Horeca Moderne et Confortable<\/strong><\/p>\n<p>Le pi\u00e8tement m\u00e9tallique noir donne \u00e0 la chaise un style industriel \u00e9l\u00e9gant qui s\u2019int\u00e8gre parfaitement dans les int\u00e9rieurs horeca modernes. L\u2019assise douce mais ferme garantit un confort optimal. Gr\u00e2ce \u00e0 sa forme ergonomique et \u00e0 ses accoudoirs int\u00e9gr\u00e9s, ce fauteuil offre un excellent soutien pour les clients. Il est id\u00e9al pour les restaurants, caf\u00e9s et h\u00f4tels. Le Microleder Bull est reconnu pour sa durabilit\u00e9 et son entretien facile. La surface se nettoie simplement avec un chiffon doux l\u00e9g\u00e8rement humide. Apportez une ambiance chic et accueillante \u00e0 votre \u00e9tablissement horeca. Contactez-nous par <strong>T\u00e9l\u00e9phone<\/strong>, <strong>WhatsApp<\/strong> ou <strong>e-mail<\/strong> ou visitez notre showroom.<\/p>\n<p><span style=\"color: #000000;\"><strong>Informations suppl\u00e9mentaires :<\/strong><\/span><\/p>\n<ul>\n<li><span style=\"color: #000000;\">Les chaises ne sont pas assembl\u00e9es et sont toujours emball\u00e9es par paires dans des bo\u00eetes en carton.<\/span><\/li>\n<li><span style=\"color: #000000;\">L&rsquo;assise est fix\u00e9e au cadre \u00e0 l&rsquo;aide de 4 vis.<\/span><\/li>\n<li><span style=\"color: #000000;\">Le mat\u00e9riel n\u00e9cessaire pour l&rsquo;assemblage est inclus dans la bo\u00eete.<\/span><\/li>\n<li><span style=\"color: #000000;\">Les chaises sont faciles \u00e0 assembler.<\/span><\/li>\n<\/ul>\n","protected":false},"excerpt":{"rendered":"<p>Le Fauteuil Horeca PERLA \u2013 Anthracite est rev\u00eatu de Microleder Bull, un mat\u00e9riau haut de gamme compos\u00e9 de 60% cuir<\/p>\n","protected":false},"featured_media":122688,"comment_status":"closed","ping_status":"closed","template":"","meta":[],"product_brand":[],"product_cat":[17393,17396],"product_tag":[10589,10590,10535,10591,10540,10593,10578,10610,10579,10663,10582,10664,10583,10665,10585,10927,10586,13000,10587],"class_list":{"0":"post-163705","1":"product","2":"type-product","3":"status-publish","4":"has-post-thumbnail","6":"product_cat-chaises-en-metal-simili-cuir","7":"product_cat-chaises-en-metal-simili-cuir-industrielles","8":"product_tag-horeca-chairs","9":"product_tag-st-hle","10":"product_tag-horeca-m-bel","11":"product_tag-industriest-hle","12":"product_tag-horeca-furniture","13":"product_tag-horeca-st-hle","14":"product_tag-stoelen-2","15":"product_tag-meubles-horeca","16":"product_tag-horeca-stoelen","17":"product_tag-meubles-de-restaurant","18":"product_tag-chaises-2","19":"product_tag-restaurant-furniture","20":"product_tag-chaises-industrielles","21":"product_tag-restaurant-m-bel","22":"product_tag-chaises-horeca","23":"product_tag-restaurant-inrichting","24":"product_tag-chairs-2","25":"product_tag-restaurant-meubels","26":"product_tag-industrial-chairs","27":"pa_armrest-armrest-oui-fr","28":"pa_frame-non-empilable-frame-fr","29":"pa_product-arm-height-cm-64-arm-height-cm-fr","30":"pa_product-color-color-anthracite-fr","31":"pa_product-frame-color-noir-framecolor-fr","32":"pa_product-material-cadre-en-metal-material-fr","33":"pa_product-more-colors-oui-fr","34":"pa_product-more-dimensions-oui-fr","35":"pa_product-seat-depth-cm-44-seat-depth-cm-fr","36":"pa_product-seat-height-cm-48-seat-height-cm-fr","37":"pa_product-seat-width-cm-39-seat-width-cm-fr","38":"pa_product-seats-1-seats-fr","39":"pa_product-upholstery-upholstery-simili-cuir-fr","40":"pa_product-usage-usage-interieur-fr","42":"first","43":"instock","44":"sale","45":"taxable","46":"shipping-taxable","47":"purchasable","48":"product-type-simple"},"_links":{"self":[{"href":"https:\/\/horecacenter.com\/fr\/wp-json\/wp\/v2\/product\/163705","targetHints":{"allow":["GET"]}}],"collection":[{"href":"https:\/\/horecacenter.com\/fr\/wp-json\/wp\/v2\/product"}],"about":[{"href":"https:\/\/horecacenter.com\/fr\/wp-json\/wp\/v2\/types\/product"}],"replies":[{"embeddable":true,"href":"https:\/\/horecacenter.com\/fr\/wp-json\/wp\/v2\/comments?post=163705"}],"version-history":[{"count":2,"href":"https:\/\/horecacenter.com\/fr\/wp-json\/wp\/v2\/product\/163705\/revisions"}],"predecessor-version":[{"id":186639,"href":"https:\/\/horecacenter.com\/fr\/wp-json\/wp\/v2\/product\/163705\/revisions\/186639"}],"wp:featuredmedia":[{"embeddable":true,"href":"https:\/\/horecacenter.com\/fr\/wp-json\/wp\/v2\/media\/122688"}],"wp:attachment":[{"href":"https:\/\/horecacenter.com\/fr\/wp-json\/wp\/v2\/media?parent=163705"}],"wp:term":[{"taxonomy":"product_brand","embeddable":true,"href":"https:\/\/horecacenter.com\/fr\/wp-json\/wp\/v2\/product_brand?post=163705"},{"taxonomy":"product_cat","embeddable":true,"href":"https:\/\/horecacenter.com\/fr\/wp-json\/wp\/v2\/product_cat?post=163705"},{"taxonomy":"product_tag","embeddable":true,"href":"https:\/\/horecacenter.com\/fr\/wp-json\/wp\/v2\/product_tag?post=163705"}],"curies":[{"name":"wp","href":"https:\/\/api.w.org\/{rel}","templated":true}]}}