{"id":163871,"date":"2025-11-24T12:12:11","date_gmt":"2025-11-24T12:12:11","guid":{"rendered":"https:\/\/horecacenter.com\/?post_type=product&#038;p=163871"},"modified":"2026-03-13T10:39:52","modified_gmt":"2026-03-13T10:39:52","slug":"chaise-de-restaurant-avec-accoudoirs-luxor-velours-rose","status":"publish","type":"product","link":"https:\/\/horecacenter.com\/fr\/produit\/chaise-de-restaurant-avec-accoudoirs-luxor-velours-rose\/","title":{"rendered":"Chaise de Restaurant Avec Accoudoirs &#8211; LUXOR &#8211; Velours Rose"},"content":{"rendered":"<p>La <strong>Chaise Fauteuil Horeca LUXOR \u2013 Velours Rose<\/strong> associe \u00e9l\u00e9gance et confort. Le rev\u00eatement en velours doux donne \u00e0 la chaise une apparence luxueuse.<\/p>\n<p><strong>Design \u00c9l\u00e9gant pour Espaces Horeca<\/strong><\/p>\n<p>Le cadre m\u00e9tallique noir robuste assure stabilit\u00e9 et style moderne. Cette chaise s\u2019int\u00e8gre parfaitement dans les caf\u00e9s et restaurants. Les coutures d\u00e9coratives sur le dossier apportent une touche raffin\u00e9e. Elles contribuent \u00e0 cr\u00e9er une ambiance chaleureuse et tendance.\u00a0<strong>Tissu velours<\/strong> est reconnu pour sa texture douce et \u00e9l\u00e9gante. Il est durable et adapt\u00e9 \u00e0 une utilisation intensive. <strong>Entretien :<\/strong> nettoyer les taches avec un chiffon doux et une solution de savon neutre, puis rincer l\u00e9g\u00e8rement avec de l\u2019eau propre.<\/p>\n<p><span style=\"color: #000000;\"><strong>Informations suppl\u00e9mentaires :<\/strong><\/span><\/p>\n<ul>\n<li><span style=\"color: #000000;\">Les chaises ne sont pas assembl\u00e9es et sont toujours emball\u00e9es par paires dans des bo\u00eetes en carton.<\/span><\/li>\n<li><span style=\"color: #000000;\">L&rsquo;assise est fix\u00e9e au cadre \u00e0 l&rsquo;aide de 4 vis.<\/span><\/li>\n<li><span style=\"color: #000000;\">Le mat\u00e9riel n\u00e9cessaire pour l&rsquo;assemblage est inclus dans la bo\u00eete.<\/span><\/li>\n<li><span style=\"color: #000000;\">Les chaises sont faciles \u00e0 assembler.<\/span><\/li>\n<\/ul>\n","protected":false},"excerpt":{"rendered":"<p>La Chaise Fauteuil Horeca LUXOR \u2013 Velours Rose associe \u00e9l\u00e9gance et confort. Le rev\u00eatement en velours doux donne \u00e0 la<\/p>\n","protected":false},"featured_media":145160,"comment_status":"closed","ping_status":"closed","template":"","meta":[],"product_brand":[],"product_cat":[17402,17399,10052],"product_tag":[],"class_list":{"0":"post-163871","1":"product","2":"type-product","3":"status-publish","4":"has-post-thumbnail","6":"product_cat-chaises-en-metal-tissu-vintage","7":"product_cat-chaises-en-metal-tissu","8":"product_cat-chaise-avec-accoudoir","9":"pa_armrest-armrest-oui-fr","10":"pa_frame-non-empilable-frame-fr","11":"pa_product-arm-height-cm-6350-arm-height-cm-fr","12":"pa_product-color-color-rose-fr","13":"pa_product-frame-color-noir-framecolor-fr","14":"pa_product-material-cadre-en-metal-material-fr","15":"pa_product-more-colors-oui-fr","16":"pa_product-seat-height-cm-4650-seat-height-cm-fr","17":"pa_product-seat-width-cm-40-50-seat-width-cm-fr","18":"pa_product-seats-1-seats-fr","19":"pa_product-upholstery-upholstery-velours-fr","20":"pa_product-usage-usage-interieur-fr","22":"first","23":"instock","24":"sale","25":"taxable","26":"shipping-taxable","27":"purchasable","28":"product-type-simple"},"_links":{"self":[{"href":"https:\/\/horecacenter.com\/fr\/wp-json\/wp\/v2\/product\/163871","targetHints":{"allow":["GET"]}}],"collection":[{"href":"https:\/\/horecacenter.com\/fr\/wp-json\/wp\/v2\/product"}],"about":[{"href":"https:\/\/horecacenter.com\/fr\/wp-json\/wp\/v2\/types\/product"}],"replies":[{"embeddable":true,"href":"https:\/\/horecacenter.com\/fr\/wp-json\/wp\/v2\/comments?post=163871"}],"version-history":[{"count":3,"href":"https:\/\/horecacenter.com\/fr\/wp-json\/wp\/v2\/product\/163871\/revisions"}],"predecessor-version":[{"id":189522,"href":"https:\/\/horecacenter.com\/fr\/wp-json\/wp\/v2\/product\/163871\/revisions\/189522"}],"wp:featuredmedia":[{"embeddable":true,"href":"https:\/\/horecacenter.com\/fr\/wp-json\/wp\/v2\/media\/145160"}],"wp:attachment":[{"href":"https:\/\/horecacenter.com\/fr\/wp-json\/wp\/v2\/media?parent=163871"}],"wp:term":[{"taxonomy":"product_brand","embeddable":true,"href":"https:\/\/horecacenter.com\/fr\/wp-json\/wp\/v2\/product_brand?post=163871"},{"taxonomy":"product_cat","embeddable":true,"href":"https:\/\/horecacenter.com\/fr\/wp-json\/wp\/v2\/product_cat?post=163871"},{"taxonomy":"product_tag","embeddable":true,"href":"https:\/\/horecacenter.com\/fr\/wp-json\/wp\/v2\/product_tag?post=163871"}],"curies":[{"name":"wp","href":"https:\/\/api.w.org\/{rel}","templated":true}]}}