{"id":163945,"date":"2025-11-24T13:10:33","date_gmt":"2025-11-24T13:10:33","guid":{"rendered":"https:\/\/horecacenter.com\/?post_type=product&#038;p=163945"},"modified":"2026-04-07T12:30:05","modified_gmt":"2026-04-07T12:30:05","slug":"chaise-de-restaurant-avec-accoudoirs-luxor-velours-vert","status":"publish","type":"product","link":"https:\/\/horecacenter.com\/fr\/produit\/chaise-de-restaurant-avec-accoudoirs-luxor-velours-vert\/","title":{"rendered":"Chaise de Restaurant Avec Accoudoirs &#8211; LUXOR &#8211; Velours Vert"},"content":{"rendered":"<p>La <strong>Chaise Fauteuil Horeca LUXOR \u2013 Velours Vert<\/strong> associe \u00e9l\u00e9gance et confort. Le rev\u00eatement en velours doux apporte une apparence luxueuse et chaleureuse.<\/p>\n<p><strong>Design \u00e9l\u00e9gant pour les espaces horeca<\/strong><\/p>\n<p>Le cadre m\u00e9tallique noir robuste garantit stabilit\u00e9 et style contemporain. Cette chaise s\u2019int\u00e8gre parfaitement dans les restaurants et caf\u00e9s. Le velours vert et les coutures d\u00e9coratives du dossier cr\u00e9ent une ambiance raffin\u00e9e et accueillante dans votre \u00e9tablissement.\u00a0<strong>Tissu velours<\/strong> est appr\u00e9ci\u00e9 pour sa texture douce et son aspect luxueux. Il est durable et adapt\u00e9 \u00e0 un usage intensif. <strong>Entretien :<\/strong> nettoyer les taches avec un chiffon doux et une solution de savon neutre puis rincer avec de l\u2019eau claire.<\/p>\n<p><span style=\"color: #000000;\"><strong>Informations suppl\u00e9mentaires :<\/strong><\/span><\/p>\n<ul>\n<li><span style=\"color: #000000;\">Les chaises ne sont pas assembl\u00e9es et sont toujours emball\u00e9es par paires dans des bo\u00eetes en carton.<\/span><\/li>\n<li><span style=\"color: #000000;\">L&rsquo;assise est fix\u00e9e au cadre \u00e0 l&rsquo;aide de 4 vis.<\/span><\/li>\n<li><span style=\"color: #000000;\">Le mat\u00e9riel n\u00e9cessaire pour l&rsquo;assemblage est inclus dans la bo\u00eete.<\/span><\/li>\n<li><span style=\"color: #000000;\">Les chaises sont faciles \u00e0 assembler.<\/span><\/li>\n<\/ul>\n","protected":false},"excerpt":{"rendered":"<p>La Chaise Fauteuil Horeca LUXOR \u2013 Velours Vert associe \u00e9l\u00e9gance et confort. Le rev\u00eatement en velours doux apporte une apparence<\/p>\n","protected":false},"featured_media":145156,"comment_status":"closed","ping_status":"closed","template":"","meta":[],"product_brand":[],"product_cat":[17402,17399,10052],"product_tag":[],"class_list":{"0":"post-163945","1":"product","2":"type-product","3":"status-publish","4":"has-post-thumbnail","6":"product_cat-chaises-en-metal-tissu-vintage","7":"product_cat-chaises-en-metal-tissu","8":"product_cat-chaise-avec-accoudoir","9":"pa_armrest-armrest-oui-fr","10":"pa_frame-non-empilable-frame-fr","11":"pa_product-arm-height-cm-6350-arm-height-cm-fr","12":"pa_product-color-color-vert-fr","13":"pa_product-frame-color-noir-framecolor-fr","14":"pa_product-material-cadre-en-metal-material-fr","15":"pa_product-more-colors-oui-fr","16":"pa_product-seat-height-cm-4650-seat-height-cm-fr","17":"pa_product-seat-width-cm-40-50-seat-width-cm-fr","18":"pa_product-seats-1-seats-fr","19":"pa_product-upholstery-upholstery-velours-fr","20":"pa_product-usage-usage-interieur-fr","22":"first","23":"outofstock","24":"sale","25":"taxable","26":"shipping-taxable","27":"purchasable","28":"product-type-simple"},"_links":{"self":[{"href":"https:\/\/horecacenter.com\/fr\/wp-json\/wp\/v2\/product\/163945","targetHints":{"allow":["GET"]}}],"collection":[{"href":"https:\/\/horecacenter.com\/fr\/wp-json\/wp\/v2\/product"}],"about":[{"href":"https:\/\/horecacenter.com\/fr\/wp-json\/wp\/v2\/types\/product"}],"replies":[{"embeddable":true,"href":"https:\/\/horecacenter.com\/fr\/wp-json\/wp\/v2\/comments?post=163945"}],"version-history":[{"count":3,"href":"https:\/\/horecacenter.com\/fr\/wp-json\/wp\/v2\/product\/163945\/revisions"}],"predecessor-version":[{"id":189533,"href":"https:\/\/horecacenter.com\/fr\/wp-json\/wp\/v2\/product\/163945\/revisions\/189533"}],"wp:featuredmedia":[{"embeddable":true,"href":"https:\/\/horecacenter.com\/fr\/wp-json\/wp\/v2\/media\/145156"}],"wp:attachment":[{"href":"https:\/\/horecacenter.com\/fr\/wp-json\/wp\/v2\/media?parent=163945"}],"wp:term":[{"taxonomy":"product_brand","embeddable":true,"href":"https:\/\/horecacenter.com\/fr\/wp-json\/wp\/v2\/product_brand?post=163945"},{"taxonomy":"product_cat","embeddable":true,"href":"https:\/\/horecacenter.com\/fr\/wp-json\/wp\/v2\/product_cat?post=163945"},{"taxonomy":"product_tag","embeddable":true,"href":"https:\/\/horecacenter.com\/fr\/wp-json\/wp\/v2\/product_tag?post=163945"}],"curies":[{"name":"wp","href":"https:\/\/api.w.org\/{rel}","templated":true}]}}