{"id":164082,"date":"2025-11-25T07:16:49","date_gmt":"2025-11-25T07:16:49","guid":{"rendered":"https:\/\/horecacenter.com\/?post_type=product&#038;p=164082"},"modified":"2026-03-13T11:12:47","modified_gmt":"2026-03-13T11:12:47","slug":"chaise-de-restaurant-avec-accoudoirs-camille-velours-or","status":"publish","type":"product","link":"https:\/\/horecacenter.com\/fr\/produit\/chaise-de-restaurant-avec-accoudoirs-camille-velours-or\/","title":{"rendered":"Chaise de Restaurant Avec Accoudoirs &#8211; CAMILLE &#8211; Velours Or"},"content":{"rendered":"<p>La <strong>Fauteuil Horeca CAMILLE \u2013 Velours Dor\u00e9<\/strong> allie \u00e9l\u00e9gance et confort pour apporter une touche luxueuse \u00e0 votre int\u00e9rieur. Son rev\u00eatement en velours doux cr\u00e9e une ambiance chaleureuse id\u00e9ale pour les caf\u00e9s, restaurants et h\u00f4tels modernes.<\/p>\n<p><strong>Fauteuil \u00e9l\u00e9gant pour la restauration<\/strong><\/p>\n<p>Le pi\u00e8tement m\u00e9tallique noir assure une excellente stabilit\u00e9 tout en offrant un style contemporain qui s\u2019int\u00e8gre parfaitement dans diff\u00e9rents concepts d\u2019int\u00e9rieur. Les accoudoirs ergonomiques et l\u2019assise confortable permettent \u00e0 vos clients de profiter d\u2019une exp\u00e9rience d\u2019assise agr\u00e9able et relaxante.\u00a0<strong>Tissu velours<\/strong> reconnu pour sa douceur et son aspect raffin\u00e9 qui apporte une atmosph\u00e8re chic et accueillante.\u00a0<strong>Entretien :<\/strong> nettoyer les taches avec un chiffon doux et une solution savonneuse neutre puis rincer avec de l\u2019eau claire.<\/p>\n<p><span style=\"color: #000000;\"><strong>Informations suppl\u00e9mentaires :<\/strong><\/span><\/p>\n<ul>\n<li><span style=\"color: #000000;\">Les chaises ne sont pas assembl\u00e9es et sont toujours emball\u00e9es par 2 dans des bo\u00eetes en carton.<\/span><\/li>\n<li><span style=\"color: #000000;\">Le si\u00e8ge est viss\u00e9 au ch\u00e2ssis au moyen de 4 vis.<\/span><\/li>\n<li><span style=\"color: #000000;\">Le mat\u00e9riel n\u00e9cessaire pour l&rsquo;assemblage est inclus dans la bo\u00eete.<\/span><\/li>\n<li><span style=\"color: #000000;\"> Les chaises sont faciles \u00e0 assembler.<\/span><\/li>\n<\/ul>\n","protected":false},"excerpt":{"rendered":"<p>La Fauteuil Horeca CAMILLE \u2013 Velours Dor\u00e9 allie \u00e9l\u00e9gance et confort pour apporter une touche luxueuse \u00e0 votre int\u00e9rieur. Son<\/p>\n","protected":false},"featured_media":126053,"comment_status":"closed","ping_status":"closed","template":"","meta":[],"product_brand":[],"product_cat":[17402,17399],"product_tag":[],"class_list":{"0":"post-164082","1":"product","2":"type-product","3":"status-publish","4":"has-post-thumbnail","6":"product_cat-chaises-en-metal-tissu-vintage","7":"product_cat-chaises-en-metal-tissu","8":"pa_armrest-armrest-oui-fr","9":"pa_frame-non-empilable-frame-fr","10":"pa_product-arm-height-cm-63-arm-height-cm-fr","11":"pa_product-color-color-or-fr","12":"pa_product-frame-color-noir-framecolor-fr","13":"pa_product-material-cadre-en-metal-material-fr","14":"pa_product-more-colors-oui-fr","15":"pa_product-seat-depth-cm-45-seat-depth-cm-fr","16":"pa_product-seat-height-cm-48-seat-height-cm-fr","17":"pa_product-seat-width-cm-40-seat-width-cm-fr","18":"pa_product-seats-1-seats-fr","19":"pa_product-upholstery-upholstery-velours-fr","20":"pa_product-usage-usage-interieur-fr","22":"first","23":"onbackorder","24":"sale","25":"taxable","26":"shipping-taxable","27":"purchasable","28":"product-type-simple"},"_links":{"self":[{"href":"https:\/\/horecacenter.com\/fr\/wp-json\/wp\/v2\/product\/164082","targetHints":{"allow":["GET"]}}],"collection":[{"href":"https:\/\/horecacenter.com\/fr\/wp-json\/wp\/v2\/product"}],"about":[{"href":"https:\/\/horecacenter.com\/fr\/wp-json\/wp\/v2\/types\/product"}],"replies":[{"embeddable":true,"href":"https:\/\/horecacenter.com\/fr\/wp-json\/wp\/v2\/comments?post=164082"}],"version-history":[{"count":3,"href":"https:\/\/horecacenter.com\/fr\/wp-json\/wp\/v2\/product\/164082\/revisions"}],"predecessor-version":[{"id":189561,"href":"https:\/\/horecacenter.com\/fr\/wp-json\/wp\/v2\/product\/164082\/revisions\/189561"}],"wp:featuredmedia":[{"embeddable":true,"href":"https:\/\/horecacenter.com\/fr\/wp-json\/wp\/v2\/media\/126053"}],"wp:attachment":[{"href":"https:\/\/horecacenter.com\/fr\/wp-json\/wp\/v2\/media?parent=164082"}],"wp:term":[{"taxonomy":"product_brand","embeddable":true,"href":"https:\/\/horecacenter.com\/fr\/wp-json\/wp\/v2\/product_brand?post=164082"},{"taxonomy":"product_cat","embeddable":true,"href":"https:\/\/horecacenter.com\/fr\/wp-json\/wp\/v2\/product_cat?post=164082"},{"taxonomy":"product_tag","embeddable":true,"href":"https:\/\/horecacenter.com\/fr\/wp-json\/wp\/v2\/product_tag?post=164082"}],"curies":[{"name":"wp","href":"https:\/\/api.w.org\/{rel}","templated":true}]}}