{"id":164159,"date":"2025-11-25T08:16:19","date_gmt":"2025-11-25T08:16:19","guid":{"rendered":"https:\/\/horecacenter.com\/?post_type=product&#038;p=164159"},"modified":"2026-03-09T14:36:35","modified_gmt":"2026-03-09T14:36:35","slug":"chaise-de-restaurant-avec-accoudoirs-tera-velours-cuivre","status":"publish","type":"product","link":"https:\/\/horecacenter.com\/fr\/produit\/chaise-de-restaurant-avec-accoudoirs-tera-velours-cuivre\/","title":{"rendered":"Chaise de Restaurant Avec Accoudoirs &#8211; TERA &#8211; Velours Cuivre"},"content":{"rendered":"<p>Cette chaise avec accoudoirs est recouverte de <strong>velours cuivre<\/strong>, un tissu luxueux reconnu pour sa douceur et son \u00e9l\u00e9gance. Le velours cr\u00e9e une atmosph\u00e8re chaleureuse.<\/p>\n<p><strong>Fauteuil Horeca \u00c9l\u00e9gant et Confortable<\/strong><\/p>\n<p>Le <strong>Fauteuil Horeca TERA \u2013 Velours Cuivre<\/strong> associe un design moderne avec une assise ergonomique et des accoudoirs int\u00e9gr\u00e9s pour un confort optimal. La couleur cuivre apporte une ambiance chaleureuse et raffin\u00e9e aux restaurants et h\u00f4tels. Le pi\u00e8tement m\u00e9tallique noir assure stabilit\u00e9 et style contemporain. Pour l\u2019entretien, nettoyez le velours avec une brosse douce ou un chiffon l\u00e9g\u00e8rement humide. \u00c9vitez les produits agressifs afin de pr\u00e9server la texture. Vous ouvrez un restaurant ou modernisez votre int\u00e9rieur ? Contactez-nous par <strong>T\u00e9l\u00e9phone<\/strong>, <strong>WhatsApp<\/strong> ou <strong>e-mail<\/strong> ou visitez notre showroom.<\/p>\n<p><span style=\"color: #000000;\"><strong>Informations suppl\u00e9mentaires :<\/strong><\/span><\/p>\n<ul>\n<li><span style=\"color: #000000;\">Les chaises ne sont pas assembl\u00e9es et sont toujours emball\u00e9es par 2 dans des bo\u00eetes en carton.<\/span><\/li>\n<li><span style=\"color: #000000;\">Le si\u00e8ge est viss\u00e9 au ch\u00e2ssis au moyen de 4 vis.<\/span><\/li>\n<li><span style=\"color: #000000;\">Le mat\u00e9riel n\u00e9cessaire pour l&rsquo;assemblage est inclus dans la bo\u00eete.<\/span><\/li>\n<li><span style=\"color: #000000;\"> Les chaises sont faciles \u00e0 assembler.<\/span><\/li>\n<\/ul>\n","protected":false},"excerpt":{"rendered":"<p>Cette chaise avec accoudoirs est recouverte de velours cuivre, un tissu luxueux reconnu pour sa douceur et son \u00e9l\u00e9gance. Le<\/p>\n","protected":false},"featured_media":126093,"comment_status":"closed","ping_status":"closed","template":"","meta":[],"product_brand":[],"product_cat":[17402,17399],"product_tag":[],"class_list":{"0":"post-164159","1":"product","2":"type-product","3":"status-publish","4":"has-post-thumbnail","6":"product_cat-chaises-en-metal-tissu-vintage","7":"product_cat-chaises-en-metal-tissu","8":"pa_armrest-armrest-oui-fr","9":"pa_frame-empilable-frame-fr","10":"pa_product-arm-height-cm-63-arm-height-cm-fr","11":"pa_product-color-color-cuivre-fr","12":"pa_product-color-color-rouille-fr","13":"pa_product-frame-color-noir-framecolor-fr","14":"pa_product-material-cadre-en-metal-material-fr","15":"pa_product-more-colors-oui-fr","16":"pa_product-seat-depth-cm-45-seat-depth-cm-fr","17":"pa_product-seat-height-cm-48-seat-height-cm-fr","18":"pa_product-seat-width-cm-40-seat-width-cm-fr","19":"pa_product-seats-1-seats-fr","20":"pa_product-upholstery-upholstery-velours-fr","21":"pa_product-usage-usage-interieur-fr","23":"first","24":"instock","25":"sale","26":"taxable","27":"shipping-taxable","28":"purchasable","29":"product-type-simple"},"_links":{"self":[{"href":"https:\/\/horecacenter.com\/fr\/wp-json\/wp\/v2\/product\/164159","targetHints":{"allow":["GET"]}}],"collection":[{"href":"https:\/\/horecacenter.com\/fr\/wp-json\/wp\/v2\/product"}],"about":[{"href":"https:\/\/horecacenter.com\/fr\/wp-json\/wp\/v2\/types\/product"}],"replies":[{"embeddable":true,"href":"https:\/\/horecacenter.com\/fr\/wp-json\/wp\/v2\/comments?post=164159"}],"version-history":[{"count":2,"href":"https:\/\/horecacenter.com\/fr\/wp-json\/wp\/v2\/product\/164159\/revisions"}],"predecessor-version":[{"id":188305,"href":"https:\/\/horecacenter.com\/fr\/wp-json\/wp\/v2\/product\/164159\/revisions\/188305"}],"wp:featuredmedia":[{"embeddable":true,"href":"https:\/\/horecacenter.com\/fr\/wp-json\/wp\/v2\/media\/126093"}],"wp:attachment":[{"href":"https:\/\/horecacenter.com\/fr\/wp-json\/wp\/v2\/media?parent=164159"}],"wp:term":[{"taxonomy":"product_brand","embeddable":true,"href":"https:\/\/horecacenter.com\/fr\/wp-json\/wp\/v2\/product_brand?post=164159"},{"taxonomy":"product_cat","embeddable":true,"href":"https:\/\/horecacenter.com\/fr\/wp-json\/wp\/v2\/product_cat?post=164159"},{"taxonomy":"product_tag","embeddable":true,"href":"https:\/\/horecacenter.com\/fr\/wp-json\/wp\/v2\/product_tag?post=164159"}],"curies":[{"name":"wp","href":"https:\/\/api.w.org\/{rel}","templated":true}]}}