{"id":164237,"date":"2025-11-25T09:22:01","date_gmt":"2025-11-25T09:22:01","guid":{"rendered":"https:\/\/horecacenter.com\/?post_type=product&#038;p=164237"},"modified":"2026-01-14T14:13:41","modified_gmt":"2026-01-14T14:13:41","slug":"chaise-empilable-avec-accoudoirs-pour-terrasse-de-restaurant-napels-aluminium-plastique-brun","status":"publish","type":"product","link":"https:\/\/horecacenter.com\/fr\/produit\/chaise-empilable-avec-accoudoirs-pour-terrasse-de-restaurant-napels-aluminium-plastique-brun\/","title":{"rendered":"Chaise de Terrasse NAPELS &#8211; Avec Accoudoirs &#8211; Empilable &#8211; Brun"},"content":{"rendered":"<p><span style=\"color: #000000;\">Chaise de style rotin en plastique avec un aspect attrayant. Facile \u00e0 nettoyer. Ces chaises sont empilables et r\u00e9sistantes \u00e0 la pluie, id\u00e9ales pour la terrasse des caf\u00e9s, bistrots, restaurants et bars. Chaise parfaite si vous recherchez une chaise polyvalente, amusante et confortable que vous pouvez utiliser \u00e0 la fois \u00e0 l&rsquo;int\u00e9rieur et \u00e0 l&rsquo;ext\u00e9rieur.<\/span><\/p>\n","protected":false},"excerpt":{"rendered":"<p>Chaise de style rotin en plastique avec un aspect attrayant. Facile \u00e0 nettoyer. Ces chaises sont empilables et r\u00e9sistantes \u00e0<\/p>\n","protected":false},"featured_media":72329,"comment_status":"closed","ping_status":"closed","template":"","meta":[],"product_brand":[],"product_cat":[9784,17953],"product_tag":[],"class_list":{"0":"post-164237","1":"product","2":"type-product","3":"status-publish","4":"has-post-thumbnail","6":"product_cat-chaises-de-terrasse","7":"product_cat-chaises-de-terrasse-indoor-category","8":"pa_armrest-armrest-oui-fr","9":"pa_frame-empilable-frame-fr","10":"pa_product-color-color-brun-fr","11":"pa_product-frame-color-brun-frame-color-fr","12":"pa_product-material-material-aluminium-fr","13":"pa_product-seat-depth-cm-43-seat-depth-cm-fr","14":"pa_product-seat-height-cm-44-seat-height-cm-fr","15":"pa_product-seat-width-cm-41-50-seat-width-cm-fr","16":"pa_product-seats-1-seats-fr","17":"pa_product-usage-usage-interieur-fr","18":"pa_product-usage-usage-exterieur-fr","20":"first","21":"instock","22":"sale","23":"taxable","24":"shipping-taxable","25":"purchasable","26":"product-type-simple"},"_links":{"self":[{"href":"https:\/\/horecacenter.com\/fr\/wp-json\/wp\/v2\/product\/164237","targetHints":{"allow":["GET"]}}],"collection":[{"href":"https:\/\/horecacenter.com\/fr\/wp-json\/wp\/v2\/product"}],"about":[{"href":"https:\/\/horecacenter.com\/fr\/wp-json\/wp\/v2\/types\/product"}],"replies":[{"embeddable":true,"href":"https:\/\/horecacenter.com\/fr\/wp-json\/wp\/v2\/comments?post=164237"}],"version-history":[{"count":4,"href":"https:\/\/horecacenter.com\/fr\/wp-json\/wp\/v2\/product\/164237\/revisions"}],"predecessor-version":[{"id":176935,"href":"https:\/\/horecacenter.com\/fr\/wp-json\/wp\/v2\/product\/164237\/revisions\/176935"}],"wp:featuredmedia":[{"embeddable":true,"href":"https:\/\/horecacenter.com\/fr\/wp-json\/wp\/v2\/media\/72329"}],"wp:attachment":[{"href":"https:\/\/horecacenter.com\/fr\/wp-json\/wp\/v2\/media?parent=164237"}],"wp:term":[{"taxonomy":"product_brand","embeddable":true,"href":"https:\/\/horecacenter.com\/fr\/wp-json\/wp\/v2\/product_brand?post=164237"},{"taxonomy":"product_cat","embeddable":true,"href":"https:\/\/horecacenter.com\/fr\/wp-json\/wp\/v2\/product_cat?post=164237"},{"taxonomy":"product_tag","embeddable":true,"href":"https:\/\/horecacenter.com\/fr\/wp-json\/wp\/v2\/product_tag?post=164237"}],"curies":[{"name":"wp","href":"https:\/\/api.w.org\/{rel}","templated":true}]}}