{"id":164270,"date":"2025-11-25T09:37:36","date_gmt":"2025-11-25T09:37:36","guid":{"rendered":"https:\/\/horecacenter.com\/?post_type=product&#038;p=164270"},"modified":"2026-04-07T12:15:39","modified_gmt":"2026-04-07T12:15:39","slug":"chaise-de-restaurant-avec-accoudoirs-tera-velours-anthracite","status":"publish","type":"product","link":"https:\/\/horecacenter.com\/fr\/produit\/chaise-de-restaurant-avec-accoudoirs-tera-velours-anthracite\/","title":{"rendered":"Chaise de Restaurant Avec Accoudoirs &#8211; TERA &#8211; Velours Anthracite"},"content":{"rendered":"<p>Cette chaise avec accoudoirs est recouverte de <strong>velours anthracite<\/strong>, un tissu luxueux reconnu pour sa douceur et son \u00e9l\u00e9gance. Le velours cr\u00e9e une atmosph\u00e8re chaleureuse dans les restaurants et h\u00f4tels.<\/p>\n<p><strong>Fauteuil Horeca \u00c9l\u00e9gant et Confortable<\/strong><\/p>\n<p>Le <strong>Fauteuil Horeca TERA \u2013 Velours Anthracite<\/strong> combine un design moderne avec une assise ergonomique et des accoudoirs int\u00e9gr\u00e9s pour un confort optimal. La couleur anthracite apporte une ambiance contemporaine et \u00e9l\u00e9gante aux restaurants et h\u00f4tels. Le pi\u00e8tement m\u00e9tallique noir assure stabilit\u00e9 et style moderne. Pour l\u2019entretien, nettoyez le velours avec une brosse douce ou un chiffon l\u00e9g\u00e8rement humide. \u00c9vitez les produits agressifs afin de pr\u00e9server la texture. Vous ouvrez un restaurant ou modernisez votre \u00e9tablissement ? Contactez-nous par <strong>T\u00e9l\u00e9phone<\/strong>, <strong>WhatsApp<\/strong> ou <strong>e-mail<\/strong> ou visitez notre showroom.<\/p>\n<p><span style=\"color: #000000;\"><strong>Informations suppl\u00e9mentaires :<\/strong><\/span><\/p>\n<ul>\n<li><span style=\"color: #000000;\">Les chaises ne sont pas assembl\u00e9es et sont toujours emball\u00e9es par 2 dans des bo\u00eetes en carton.<\/span><\/li>\n<li><span style=\"color: #000000;\">Le si\u00e8ge est viss\u00e9 au ch\u00e2ssis au moyen de 4 vis.<\/span><\/li>\n<li><span style=\"color: #000000;\">Le mat\u00e9riel n\u00e9cessaire pour l&rsquo;assemblage est inclus dans la bo\u00eete.<\/span><\/li>\n<li><span style=\"color: #000000;\"> Les chaises sont faciles \u00e0 assembler.<\/span><\/li>\n<\/ul>\n","protected":false},"excerpt":{"rendered":"<p>Cette chaise avec accoudoirs est recouverte de velours anthracite, un tissu luxueux reconnu pour sa douceur et son \u00e9l\u00e9gance. Le<\/p>\n","protected":false},"featured_media":126101,"comment_status":"closed","ping_status":"closed","template":"","meta":[],"product_brand":[],"product_cat":[17402,17399],"product_tag":[],"class_list":{"0":"post-164270","1":"product","2":"type-product","3":"status-publish","4":"has-post-thumbnail","6":"product_cat-chaises-en-metal-tissu-vintage","7":"product_cat-chaises-en-metal-tissu","8":"pa_armrest-armrest-oui-fr","9":"pa_frame-non-empilable-frame-fr","10":"pa_product-arm-height-cm-63-arm-height-cm-fr","11":"pa_product-color-color-anthracite-fr","12":"pa_product-frame-color-noir-framecolor-fr","13":"pa_product-material-cadre-en-metal-material-fr","14":"pa_product-more-colors-oui-fr","15":"pa_product-seat-depth-cm-45-seat-depth-cm-fr","16":"pa_product-seat-height-cm-48-seat-height-cm-fr","17":"pa_product-seat-width-cm-40-seat-width-cm-fr","18":"pa_product-seats-1-seats-fr","19":"pa_product-upholstery-upholstery-velours-fr","20":"pa_product-usage-usage-interieur-fr","22":"first","23":"instock","24":"sale","25":"taxable","26":"shipping-taxable","27":"purchasable","28":"product-type-simple"},"_links":{"self":[{"href":"https:\/\/horecacenter.com\/fr\/wp-json\/wp\/v2\/product\/164270","targetHints":{"allow":["GET"]}}],"collection":[{"href":"https:\/\/horecacenter.com\/fr\/wp-json\/wp\/v2\/product"}],"about":[{"href":"https:\/\/horecacenter.com\/fr\/wp-json\/wp\/v2\/types\/product"}],"replies":[{"embeddable":true,"href":"https:\/\/horecacenter.com\/fr\/wp-json\/wp\/v2\/comments?post=164270"}],"version-history":[{"count":2,"href":"https:\/\/horecacenter.com\/fr\/wp-json\/wp\/v2\/product\/164270\/revisions"}],"predecessor-version":[{"id":188364,"href":"https:\/\/horecacenter.com\/fr\/wp-json\/wp\/v2\/product\/164270\/revisions\/188364"}],"wp:featuredmedia":[{"embeddable":true,"href":"https:\/\/horecacenter.com\/fr\/wp-json\/wp\/v2\/media\/126101"}],"wp:attachment":[{"href":"https:\/\/horecacenter.com\/fr\/wp-json\/wp\/v2\/media?parent=164270"}],"wp:term":[{"taxonomy":"product_brand","embeddable":true,"href":"https:\/\/horecacenter.com\/fr\/wp-json\/wp\/v2\/product_brand?post=164270"},{"taxonomy":"product_cat","embeddable":true,"href":"https:\/\/horecacenter.com\/fr\/wp-json\/wp\/v2\/product_cat?post=164270"},{"taxonomy":"product_tag","embeddable":true,"href":"https:\/\/horecacenter.com\/fr\/wp-json\/wp\/v2\/product_tag?post=164270"}],"curies":[{"name":"wp","href":"https:\/\/api.w.org\/{rel}","templated":true}]}}