{"id":164420,"date":"2025-11-25T10:55:08","date_gmt":"2025-11-25T10:55:08","guid":{"rendered":"https:\/\/horecacenter.com\/?post_type=product&#038;p=164420"},"modified":"2026-03-13T11:24:05","modified_gmt":"2026-03-13T11:24:05","slug":"chaise-de-restaurant-avec-accoudoirs-luuk-vintage-microfibre-cognac","status":"publish","type":"product","link":"https:\/\/horecacenter.com\/fr\/produit\/chaise-de-restaurant-avec-accoudoirs-luuk-vintage-microfibre-cognac\/","title":{"rendered":"Chaise de Restaurant Avec Accoudoirs &#8211; LUUK &#8211;  Microfibre Cognac"},"content":{"rendered":"<p>Cette chaise avec accoudoirs est recouverte de <strong>microfibre cognac<\/strong>, un tissu durable connu pour sa douceur et sa facilit\u00e9 d\u2019entretien. La microfibre offre confort et \u00e9l\u00e9gance.<\/p>\n<p><strong>Fauteuil Horeca Moderne et Confortable<\/strong><\/p>\n<p>Le <strong>Fauteuil Horeca LUUK \u2013 Microfibre Cognac<\/strong> associe un design \u00e9l\u00e9gant avec une assise ergonomique offrant un excellent confort aux clients. La couleur cognac cr\u00e9e une atmosph\u00e8re chaleureuse et accueillante dans les restaurants, caf\u00e9s et h\u00f4tels. Le cadre m\u00e9tallique noir ajoute une touche contemporaine. Pour l\u2019entretien, nettoyez la microfibre avec une brosse douce ou un chiffon l\u00e9g\u00e8rement humide. \u00c9vitez les produits agressifs. Vous ouvrez un restaurant ou modernisez votre \u00e9tablissement ? Contactez-nous par <strong>T\u00e9l\u00e9phone<\/strong>, <strong>WhatsApp<\/strong> ou <strong>e-mail<\/strong> ou visitez notre showroom.<\/p>\n<p><span style=\"color: #000000;\"><strong>Informations suppl\u00e9mentaires :<\/strong><\/span><\/p>\n<ul>\n<li><span style=\"color: #000000;\">Les chaises ne sont pas assembl\u00e9es et sont toujours emball\u00e9es par paires dans des bo\u00eetes en carton.<\/span><\/li>\n<li><span style=\"color: #000000;\">L&rsquo;assise est fix\u00e9e au cadre \u00e0 l&rsquo;aide de 4 vis.<\/span><\/li>\n<li><span style=\"color: #000000;\">Le mat\u00e9riel n\u00e9cessaire pour l&rsquo;assemblage est inclus dans la bo\u00eete.<\/span><\/li>\n<li><span style=\"color: #000000;\">Les chaises sont faciles \u00e0 assembler.<\/span><\/li>\n<\/ul>\n","protected":false},"excerpt":{"rendered":"<p>Cette chaise avec accoudoirs est recouverte de microfibre cognac, un tissu durable connu pour sa douceur et sa facilit\u00e9 d\u2019entretien.<\/p>\n","protected":false},"featured_media":140312,"comment_status":"closed","ping_status":"closed","template":"","meta":[],"product_brand":[],"product_cat":[17402,17399,10052],"product_tag":[12459,12606,12609,12957,13064,13250,13266,13273,10535,10540,10610],"class_list":{"0":"post-164420","1":"product","2":"type-product","3":"status-publish","4":"has-post-thumbnail","6":"product_cat-chaises-en-metal-tissu-vintage","7":"product_cat-chaises-en-metal-tissu","8":"product_cat-chaise-avec-accoudoir","9":"product_tag-sessel-2","10":"product_tag-fauteuil","11":"product_tag-armchair","12":"product_tag-armstoel","13":"product_tag-cafe-inrichting","14":"product_tag-cafe-deko","15":"product_tag-d-coration-de-caf","16":"product_tag-cafe-decoration","17":"product_tag-horeca-m-bel","18":"product_tag-horeca-furniture","19":"product_tag-meubles-horeca","20":"pa_armrest-armrest-oui-fr","21":"pa_frame-non-empilable-frame-fr","22":"pa_product-arm-height-cm-74-arm-height-cm-fr","23":"pa_product-backrest-cm-80-backrest-cm-fr","24":"pa_product-color-color-cognac-fr","25":"pa_product-frame-color-noir-framecolor-fr","26":"pa_product-material-cadre-en-metal-material-fr","27":"pa_product-more-colors-oui-fr","28":"pa_product-seat-depth-cm-45-seat-depth-cm-fr","29":"pa_product-seat-height-cm-49-seat-height-cm-fr","30":"pa_product-seat-width-cm-48-seat-width-cm-fr","31":"pa_product-seats-1-seats-fr","32":"pa_product-upholstery-upholstery-microfibre-fr","33":"pa_product-usage-usage-interieur-fr","35":"first","36":"onbackorder","37":"sale","38":"taxable","39":"shipping-taxable","40":"purchasable","41":"product-type-simple"},"_links":{"self":[{"href":"https:\/\/horecacenter.com\/fr\/wp-json\/wp\/v2\/product\/164420","targetHints":{"allow":["GET"]}}],"collection":[{"href":"https:\/\/horecacenter.com\/fr\/wp-json\/wp\/v2\/product"}],"about":[{"href":"https:\/\/horecacenter.com\/fr\/wp-json\/wp\/v2\/types\/product"}],"replies":[{"embeddable":true,"href":"https:\/\/horecacenter.com\/fr\/wp-json\/wp\/v2\/comments?post=164420"}],"version-history":[{"count":3,"href":"https:\/\/horecacenter.com\/fr\/wp-json\/wp\/v2\/product\/164420\/revisions"}],"predecessor-version":[{"id":189571,"href":"https:\/\/horecacenter.com\/fr\/wp-json\/wp\/v2\/product\/164420\/revisions\/189571"}],"wp:featuredmedia":[{"embeddable":true,"href":"https:\/\/horecacenter.com\/fr\/wp-json\/wp\/v2\/media\/140312"}],"wp:attachment":[{"href":"https:\/\/horecacenter.com\/fr\/wp-json\/wp\/v2\/media?parent=164420"}],"wp:term":[{"taxonomy":"product_brand","embeddable":true,"href":"https:\/\/horecacenter.com\/fr\/wp-json\/wp\/v2\/product_brand?post=164420"},{"taxonomy":"product_cat","embeddable":true,"href":"https:\/\/horecacenter.com\/fr\/wp-json\/wp\/v2\/product_cat?post=164420"},{"taxonomy":"product_tag","embeddable":true,"href":"https:\/\/horecacenter.com\/fr\/wp-json\/wp\/v2\/product_tag?post=164420"}],"curies":[{"name":"wp","href":"https:\/\/api.w.org\/{rel}","templated":true}]}}