{"id":164468,"date":"2025-11-25T11:51:39","date_gmt":"2025-11-25T11:51:39","guid":{"rendered":"https:\/\/horecacenter.com\/?post_type=product&#038;p=164468"},"modified":"2026-03-13T11:28:40","modified_gmt":"2026-03-13T11:28:40","slug":"chaise-de-restaurant-avec-accoudoirs-amaze-tissu-respirant","status":"publish","type":"product","link":"https:\/\/horecacenter.com\/fr\/produit\/chaise-de-restaurant-avec-accoudoirs-amaze-tissu-respirant\/","title":{"rendered":"Chaise de Restaurant Avec Accoudoirs &#8211; AMAZE &#8211; Tissu Respirant Rouille"},"content":{"rendered":"<p>Cette chaise avec accoudoirs est recouverte d\u2019un <strong>tissu respirant couleur rouille<\/strong>, une mati\u00e8re confortable et durable. La structure respirante garantit une assise agr\u00e9able.<\/p>\n<p><strong>Fauteuil Horeca Moderne et Confortable<\/strong><\/p>\n<p>Le <strong>Fauteuil Horeca AMAZE \u2013 Tissu Respirant Rouille<\/strong> combine un design contemporain avec une assise ergonomique et des accoudoirs int\u00e9gr\u00e9s. La couleur rouille apporte une ambiance chaleureuse et \u00e9l\u00e9gante aux restaurants et caf\u00e9s. Le cadre m\u00e9tallique noir assure stabilit\u00e9 et style moderne. Pour l\u2019entretien, nettoyez le tissu avec une brosse douce ou un chiffon l\u00e9g\u00e8rement humide. \u00c9vitez les produits agressifs. Vous ouvrez un restaurant ou modernisez votre \u00e9tablissement ? Contactez-nous par <strong>T\u00e9l\u00e9phone<\/strong>, <strong>WhatsApp<\/strong> ou <strong>e-mail<\/strong> ou visitez notre showroom.<\/p>\n<p><span style=\"color: #000000;\"><strong>Informations suppl\u00e9mentaires :<\/strong><\/span><\/p>\n<ul>\n<li><span style=\"color: #000000;\">Les chaises ne sont pas assembl\u00e9es et sont toujours emball\u00e9es par paires dans des bo\u00eetes en carton.<\/span><\/li>\n<li><span style=\"color: #000000;\">L&rsquo;assise est fix\u00e9e au cadre \u00e0 l&rsquo;aide de 4 vis.<\/span><\/li>\n<li><span style=\"color: #000000;\">Le mat\u00e9riel n\u00e9cessaire pour l&rsquo;assemblage est inclus dans la bo\u00eete.<\/span><\/li>\n<li><span style=\"color: #000000;\">Les chaises sont faciles \u00e0 assembler.<\/span><\/li>\n<\/ul>\n","protected":false},"excerpt":{"rendered":"<p>Cette chaise avec accoudoirs est recouverte d\u2019un tissu respirant couleur rouille, une mati\u00e8re confortable et durable. La structure respirante garantit<\/p>\n","protected":false},"featured_media":140174,"comment_status":"closed","ping_status":"closed","template":"","meta":[],"product_brand":[],"product_cat":[17402,17399,10052],"product_tag":[10540,10927,10578,13000,10579,10582,10583,10585,10586,10587,10589,10590,10591,10593,10610,10663,10664,10535,10665],"class_list":{"0":"post-164468","1":"product","2":"type-product","3":"status-publish","4":"has-post-thumbnail","6":"product_cat-chaises-en-metal-tissu-vintage","7":"product_cat-chaises-en-metal-tissu","8":"product_cat-chaise-avec-accoudoir","9":"product_tag-horeca-furniture","10":"product_tag-restaurant-inrichting","11":"product_tag-stoelen-2","12":"product_tag-restaurant-meubels","13":"product_tag-horeca-stoelen","14":"product_tag-chaises-2","15":"product_tag-chaises-industrielles","16":"product_tag-chaises-horeca","17":"product_tag-chairs-2","18":"product_tag-industrial-chairs","19":"product_tag-horeca-chairs","20":"product_tag-st-hle","21":"product_tag-industriest-hle","22":"product_tag-horeca-st-hle","23":"product_tag-meubles-horeca","24":"product_tag-meubles-de-restaurant","25":"product_tag-restaurant-furniture","26":"product_tag-horeca-m-bel","27":"product_tag-restaurant-m-bel","28":"pa_armrest-armrest-oui-fr","29":"pa_frame-non-empilable-frame-fr","30":"pa_product-arm-height-cm-67-arm-height-cm-fr","31":"pa_product-backrest-cm-80-backrest-cm-fr","32":"pa_product-color-color-rouille-fr","33":"pa_product-frame-color-noir-framecolor-fr","34":"pa_product-material-cadre-en-metal-material-fr","35":"pa_product-more-colors-oui-fr","36":"pa_product-seat-depth-cm-45-seat-depth-cm-fr","37":"pa_product-seat-height-cm-50-seat-height-cm-fr","38":"pa_product-seat-width-cm-4750-seat-width-cm-fr","39":"pa_product-seats-1-seats-fr","40":"pa_product-upholstery-upholstery-tissu-fr","41":"pa_product-usage-usage-interieur-fr","43":"first","44":"onbackorder","45":"sale","46":"taxable","47":"shipping-taxable","48":"purchasable","49":"product-type-simple"},"_links":{"self":[{"href":"https:\/\/horecacenter.com\/fr\/wp-json\/wp\/v2\/product\/164468","targetHints":{"allow":["GET"]}}],"collection":[{"href":"https:\/\/horecacenter.com\/fr\/wp-json\/wp\/v2\/product"}],"about":[{"href":"https:\/\/horecacenter.com\/fr\/wp-json\/wp\/v2\/types\/product"}],"replies":[{"embeddable":true,"href":"https:\/\/horecacenter.com\/fr\/wp-json\/wp\/v2\/comments?post=164468"}],"version-history":[{"count":4,"href":"https:\/\/horecacenter.com\/fr\/wp-json\/wp\/v2\/product\/164468\/revisions"}],"predecessor-version":[{"id":189580,"href":"https:\/\/horecacenter.com\/fr\/wp-json\/wp\/v2\/product\/164468\/revisions\/189580"}],"wp:featuredmedia":[{"embeddable":true,"href":"https:\/\/horecacenter.com\/fr\/wp-json\/wp\/v2\/media\/140174"}],"wp:attachment":[{"href":"https:\/\/horecacenter.com\/fr\/wp-json\/wp\/v2\/media?parent=164468"}],"wp:term":[{"taxonomy":"product_brand","embeddable":true,"href":"https:\/\/horecacenter.com\/fr\/wp-json\/wp\/v2\/product_brand?post=164468"},{"taxonomy":"product_cat","embeddable":true,"href":"https:\/\/horecacenter.com\/fr\/wp-json\/wp\/v2\/product_cat?post=164468"},{"taxonomy":"product_tag","embeddable":true,"href":"https:\/\/horecacenter.com\/fr\/wp-json\/wp\/v2\/product_tag?post=164468"}],"curies":[{"name":"wp","href":"https:\/\/api.w.org\/{rel}","templated":true}]}}