{"id":164856,"date":"2025-11-26T06:59:18","date_gmt":"2025-11-26T06:59:18","guid":{"rendered":"https:\/\/horecacenter.com\/?post_type=product&#038;p=164856"},"modified":"2026-03-23T07:39:24","modified_gmt":"2026-03-23T07:39:24","slug":"chaise-empilable-pour-terrasse-de-restaurant-lugano-plastique-blanc","status":"publish","type":"product","link":"https:\/\/horecacenter.com\/fr\/produit\/chaise-empilable-pour-terrasse-de-restaurant-lugano-plastique-blanc\/","title":{"rendered":"Chaise de Terrasse LUGANO &#8211; Empilable &#8211; Plastique Blanc"},"content":{"rendered":"<p>Cette <strong>chaise de terrasse en plastique blanc<\/strong> est fabriqu\u00e9e en polypropyl\u00e8ne durable, un mat\u00e9riau l\u00e9ger et r\u00e9sistant id\u00e9al pour un usage horeca intensif. Elle est con\u00e7ue pour r\u00e9sister aux conditions ext\u00e9rieures tout en conservant son apparence. Le plastique est appr\u00e9ci\u00e9 pour sa facilit\u00e9 d\u2019entretien et sa long\u00e9vit\u00e9.<\/p>\n<p><strong>Design Minimaliste et Fonctionnel<\/strong><\/p>\n<p>La <strong>Chaise Terrasse LUGANO \u2013 Empilable \u2013 Plastique Blanc<\/strong> associe un design \u00e9pur\u00e9 \u00e0 une grande praticit\u00e9. L\u2019assise ergonomique et le dossier assurent un bon confort pour les clients. Sa l\u00e9g\u00e8ret\u00e9 permet une manipulation facile et rapide. Cette chaise est id\u00e9ale pour les \u00e9tablissements horeca recherchant flexibilit\u00e9 et gain de place. Gr\u00e2ce \u00e0 sa fonction empilable, elle se range rapidement et efficacement. Elle s\u2019adapte parfaitement aux besoins des terrasses dynamiques. L\u2019entretien est simple : un chiffon humide ou un rin\u00e7age \u00e0 l\u2019eau suffit. La surface lisse emp\u00eache l\u2019accumulation de salet\u00e9 et garantit une hygi\u00e8ne optimale. \u00c9vitez les produits agressifs afin de pr\u00e9server la qualit\u00e9 du mat\u00e9riau.<\/p>\n<p>Vous am\u00e9nagez une terrasse ou un \u00e9tablissement horeca ? Notre \u00e9quipe vous accompagne avec des conseils professionnels. Contactez-nous par <strong>T\u00e9l\u00e9phone<\/strong>, <strong>WhatsApp<\/strong> ou <strong>e-mail<\/strong> ou visitez notre showroom.<\/p>\n","protected":false},"excerpt":{"rendered":"<p>Cette chaise de terrasse en plastique blanc est fabriqu\u00e9e en polypropyl\u00e8ne durable, un mat\u00e9riau l\u00e9ger et r\u00e9sistant id\u00e9al pour un<\/p>\n","protected":false},"featured_media":90373,"comment_status":"closed","ping_status":"closed","template":"","meta":[],"product_brand":[],"product_cat":[9784,9776,10044],"product_tag":[],"class_list":{"0":"post-164856","1":"product","2":"type-product","3":"status-publish","4":"has-post-thumbnail","6":"product_cat-chaises-de-terrasse","7":"product_cat-chaises-en-plastique","8":"product_cat-chaises-empilable","9":"pa_armrest-armrest-non-fr","10":"pa_product-color-color-blanc-fr","11":"pa_product-frame-color-blanc-frame-color-fr","12":"pa_product-material-material-synthetique","13":"pa_product-more-colors-oui-fr","14":"pa_product-seat-height-cm-45-seat-height-cm-fr","15":"pa_product-seat-width-cm-37-seat-width-cm-fr","16":"pa_product-seats-1-seats-fr","17":"pa_product-usage-usage-interieur-fr","18":"pa_product-usage-usage-exterieur-fr","20":"first","21":"instock","22":"sale","23":"taxable","24":"shipping-taxable","25":"purchasable","26":"product-type-simple"},"_links":{"self":[{"href":"https:\/\/horecacenter.com\/fr\/wp-json\/wp\/v2\/product\/164856","targetHints":{"allow":["GET"]}}],"collection":[{"href":"https:\/\/horecacenter.com\/fr\/wp-json\/wp\/v2\/product"}],"about":[{"href":"https:\/\/horecacenter.com\/fr\/wp-json\/wp\/v2\/types\/product"}],"replies":[{"embeddable":true,"href":"https:\/\/horecacenter.com\/fr\/wp-json\/wp\/v2\/comments?post=164856"}],"version-history":[{"count":4,"href":"https:\/\/horecacenter.com\/fr\/wp-json\/wp\/v2\/product\/164856\/revisions"}],"predecessor-version":[{"id":190557,"href":"https:\/\/horecacenter.com\/fr\/wp-json\/wp\/v2\/product\/164856\/revisions\/190557"}],"wp:featuredmedia":[{"embeddable":true,"href":"https:\/\/horecacenter.com\/fr\/wp-json\/wp\/v2\/media\/90373"}],"wp:attachment":[{"href":"https:\/\/horecacenter.com\/fr\/wp-json\/wp\/v2\/media?parent=164856"}],"wp:term":[{"taxonomy":"product_brand","embeddable":true,"href":"https:\/\/horecacenter.com\/fr\/wp-json\/wp\/v2\/product_brand?post=164856"},{"taxonomy":"product_cat","embeddable":true,"href":"https:\/\/horecacenter.com\/fr\/wp-json\/wp\/v2\/product_cat?post=164856"},{"taxonomy":"product_tag","embeddable":true,"href":"https:\/\/horecacenter.com\/fr\/wp-json\/wp\/v2\/product_tag?post=164856"}],"curies":[{"name":"wp","href":"https:\/\/api.w.org\/{rel}","templated":true}]}}