{"id":165094,"date":"2025-11-26T09:44:58","date_gmt":"2025-11-26T09:44:58","guid":{"rendered":"https:\/\/horecacenter.com\/?post_type=product&#038;p=165094"},"modified":"2026-03-24T07:04:50","modified_gmt":"2026-03-24T07:04:50","slug":"chaise-empilable-avec-accoudoirs-pour-terrasse-de-restaurant-lorena-plastique-brique","status":"publish","type":"product","link":"https:\/\/horecacenter.com\/fr\/produit\/chaise-empilable-avec-accoudoirs-pour-terrasse-de-restaurant-lorena-plastique-brique\/","title":{"rendered":"Chaise de Terrasse LORENA &#8211; Avec Accoudoirs &#8211; Empilable &#8211; Plastique Brique"},"content":{"rendered":"<p>Cette <strong>chaise de terrasse en plastique couleur brique avec accoudoirs<\/strong> est fabriqu\u00e9e en polypropyl\u00e8ne inject\u00e9 assist\u00e9 au gaz et renforc\u00e9e en fibre de verre, garantissant une r\u00e9sistance exceptionnelle et une structure l\u00e9g\u00e8re. Ce mat\u00e9riau est id\u00e9al pour un usage horeca intensif et assure durabilit\u00e9, confort et entretien facile. Parfait pour terrasses, restaurants et caf\u00e9s.<\/p>\n<p><strong>Design Moderne et Fonctionnel<\/strong><\/p>\n<p>La <strong>Chaise Terrasse LORENA \u2013 Accoudoirs \u2013 Empilable \u2013 Plastique Brique<\/strong> associe un design contemporain \u00e0 un confort optimal. L\u2019assise ergonomique et les accoudoirs offrent un excellent soutien. Sa couleur chaleureuse apporte du caract\u00e8re \u00e0 votre int\u00e9rieur ou terrasse. Cette chaise \u00e9l\u00e9gante, disponible en plusieurs couleurs tendance, est con\u00e7ue pour les environnements horeca dynamiques. Sa fonction empilable permet un rangement rapide et efficace, id\u00e9al pour optimiser l\u2019espace. Elle combine parfaitement style, praticit\u00e9 et durabilit\u00e9. L\u2019entretien est simple : un chiffon humide ou un rin\u00e7age \u00e0 l\u2019eau suffit. La surface lisse emp\u00eache l\u2019accumulation de salet\u00e9 et garantit une hygi\u00e8ne optimale. \u00c9vitez les produits agressifs pour pr\u00e9server la qualit\u00e9 du mat\u00e9riau.<\/p>\n<p>Vente minimum 20 pcs. Demandez des informations pour une commande inf\u00e9rieure \u00e0 20 pcs. Si en stock, une livraison en quantit\u00e9 r\u00e9duite est possible. Contactez-nous par <strong>T\u00e9l\u00e9phone<\/strong>, <strong>WhatsApp<\/strong> ou <strong>e-mail<\/strong> ou visitez notre showroom.<\/p>\n","protected":false},"excerpt":{"rendered":"<p>Cette chaise de terrasse en plastique couleur brique avec accoudoirs est fabriqu\u00e9e en polypropyl\u00e8ne inject\u00e9 assist\u00e9 au gaz et renforc\u00e9e<\/p>\n","protected":false},"featured_media":80633,"comment_status":"closed","ping_status":"closed","template":"","meta":[],"product_brand":[],"product_cat":[18127,9784,9776],"product_tag":[],"class_list":{"0":"post-165094","1":"product","2":"type-product","3":"status-publish","4":"has-post-thumbnail","6":"product_cat-chaises-empilables-en-plastique","7":"product_cat-chaises-de-terrasse","8":"product_cat-chaises-en-plastique","9":"pa_armrest-armrest-oui-fr","10":"pa_product-color-color-orange-fr","11":"pa_product-color-color-brique-fr","12":"pa_product-frame-color-brique-frame-color-fr","13":"pa_product-material-material-synthetique","14":"pa_product-more-colors-oui-fr","15":"pa_product-seat-height-cm-46-seat-height-cm-fr","16":"pa_product-seat-width-cm-41-seat-width-cm-fr","17":"pa_product-seats-1-seats-fr","18":"pa_product-usage-usage-interieur-fr","19":"pa_product-usage-usage-exterieur-fr","21":"first","22":"instock","23":"sale","24":"taxable","25":"shipping-taxable","26":"purchasable","27":"product-type-simple"},"_links":{"self":[{"href":"https:\/\/horecacenter.com\/fr\/wp-json\/wp\/v2\/product\/165094","targetHints":{"allow":["GET"]}}],"collection":[{"href":"https:\/\/horecacenter.com\/fr\/wp-json\/wp\/v2\/product"}],"about":[{"href":"https:\/\/horecacenter.com\/fr\/wp-json\/wp\/v2\/types\/product"}],"replies":[{"embeddable":true,"href":"https:\/\/horecacenter.com\/fr\/wp-json\/wp\/v2\/comments?post=165094"}],"version-history":[{"count":4,"href":"https:\/\/horecacenter.com\/fr\/wp-json\/wp\/v2\/product\/165094\/revisions"}],"predecessor-version":[{"id":190775,"href":"https:\/\/horecacenter.com\/fr\/wp-json\/wp\/v2\/product\/165094\/revisions\/190775"}],"wp:featuredmedia":[{"embeddable":true,"href":"https:\/\/horecacenter.com\/fr\/wp-json\/wp\/v2\/media\/80633"}],"wp:attachment":[{"href":"https:\/\/horecacenter.com\/fr\/wp-json\/wp\/v2\/media?parent=165094"}],"wp:term":[{"taxonomy":"product_brand","embeddable":true,"href":"https:\/\/horecacenter.com\/fr\/wp-json\/wp\/v2\/product_brand?post=165094"},{"taxonomy":"product_cat","embeddable":true,"href":"https:\/\/horecacenter.com\/fr\/wp-json\/wp\/v2\/product_cat?post=165094"},{"taxonomy":"product_tag","embeddable":true,"href":"https:\/\/horecacenter.com\/fr\/wp-json\/wp\/v2\/product_tag?post=165094"}],"curies":[{"name":"wp","href":"https:\/\/api.w.org\/{rel}","templated":true}]}}