{"id":165135,"date":"2025-11-26T10:03:14","date_gmt":"2025-11-26T10:03:14","guid":{"rendered":"https:\/\/horecacenter.com\/?post_type=product&#038;p=165135"},"modified":"2026-01-02T13:12:38","modified_gmt":"2026-01-02T13:12:38","slug":"chaise-de-restaurant-avec-accoudoirs-fiona-velours-rouille","status":"publish","type":"product","link":"https:\/\/horecacenter.com\/fr\/produit\/chaise-de-restaurant-avec-accoudoirs-fiona-velours-rouille\/","title":{"rendered":"Chaise de Restaurant Avec Accoudoirs &#8211; FIONA &#8211; Velours Rouille"},"content":{"rendered":"<p><span style=\"color: #000000\">Ce fauteuil en velours, disponible dans une gamme de couleurs riches telles que sable, ocre, noir, gris, bleu, vieux rose, vert arm\u00e9e, bordeaux et rouille, est le choix parfait pour une ambiance contemporaine et raffin\u00e9e. Le cadre m\u00e9tallique noir offre un aspect moderne, tandis que le rev\u00eatement en velours garantit une exp\u00e9rience d&rsquo;assise douce et luxueuse. Id\u00e9al pour les environnements de restauration comme les restaurants, caf\u00e9s ou lounges qui souhaitent projeter une atmosph\u00e8re \u00e9l\u00e9gante et confortable. Avec ce fauteuil, vous ajoutez chaleur et caract\u00e8re \u00e0 votre espace, cr\u00e9ant une exp\u00e9rience agr\u00e9able qui incite les clients \u00e0 rester plus longtemps.<\/span><\/p>\n<p><span style=\"color: #000000\"><strong>Informations suppl\u00e9mentaires :<\/strong><\/span><\/p>\n<ul>\n<li><span style=\"color: #000000\">Les chaises ne sont pas assembl\u00e9es et sont toujours emball\u00e9es par 2 dans des bo\u00eetes en carton.<\/span><\/li>\n<li><span style=\"color: #000000\">Le si\u00e8ge est viss\u00e9 au ch\u00e2ssis au moyen de 4 vis.<\/span><\/li>\n<li><span style=\"color: #000000\">Le mat\u00e9riel n\u00e9cessaire pour l&rsquo;assemblage est inclus dans la bo\u00eete.<\/span><\/li>\n<li><span style=\"color: #000000\"> Les chaises sont faciles \u00e0 assembler.<\/span><\/li>\n<\/ul>\n","protected":false},"excerpt":{"rendered":"<p>Ce fauteuil en velours, disponible dans une gamme de couleurs riches telles que sable, ocre, noir, gris, bleu, vieux rose,<\/p>\n","protected":false},"featured_media":126127,"comment_status":"closed","ping_status":"closed","template":"","meta":[],"product_brand":[],"product_cat":[17402,17399],"product_tag":[],"class_list":{"0":"post-165135","1":"product","2":"type-product","3":"status-publish","4":"has-post-thumbnail","6":"product_cat-chaises-en-metal-tissu-vintage","7":"product_cat-chaises-en-metal-tissu","8":"pa_armrest-armrest-oui-fr","9":"pa_frame-non-empilable-frame-fr","10":"pa_product-arm-height-cm-68-arm-height-cm-fr","11":"pa_product-color-color-rouille-fr","12":"pa_product-frame-color-noir-framecolor-fr","13":"pa_product-material-cadre-en-metal-material-fr","14":"pa_product-more-colors-oui-fr","15":"pa_product-seat-depth-cm-42-seat-depth-cm-fr","16":"pa_product-seat-height-cm-48-seat-height-cm-fr","17":"pa_product-seat-width-cm-40-seat-width-cm-fr","18":"pa_product-seats-1-seats-fr","19":"pa_product-upholstery-upholstery-velours-fr","20":"pa_product-usage-usage-interieur-fr","22":"first","23":"instock","24":"sale","25":"taxable","26":"shipping-taxable","27":"purchasable","28":"product-type-simple"},"_links":{"self":[{"href":"https:\/\/horecacenter.com\/fr\/wp-json\/wp\/v2\/product\/165135","targetHints":{"allow":["GET"]}}],"collection":[{"href":"https:\/\/horecacenter.com\/fr\/wp-json\/wp\/v2\/product"}],"about":[{"href":"https:\/\/horecacenter.com\/fr\/wp-json\/wp\/v2\/types\/product"}],"replies":[{"embeddable":true,"href":"https:\/\/horecacenter.com\/fr\/wp-json\/wp\/v2\/comments?post=165135"}],"version-history":[{"count":1,"href":"https:\/\/horecacenter.com\/fr\/wp-json\/wp\/v2\/product\/165135\/revisions"}],"predecessor-version":[{"id":165139,"href":"https:\/\/horecacenter.com\/fr\/wp-json\/wp\/v2\/product\/165135\/revisions\/165139"}],"wp:featuredmedia":[{"embeddable":true,"href":"https:\/\/horecacenter.com\/fr\/wp-json\/wp\/v2\/media\/126127"}],"wp:attachment":[{"href":"https:\/\/horecacenter.com\/fr\/wp-json\/wp\/v2\/media?parent=165135"}],"wp:term":[{"taxonomy":"product_brand","embeddable":true,"href":"https:\/\/horecacenter.com\/fr\/wp-json\/wp\/v2\/product_brand?post=165135"},{"taxonomy":"product_cat","embeddable":true,"href":"https:\/\/horecacenter.com\/fr\/wp-json\/wp\/v2\/product_cat?post=165135"},{"taxonomy":"product_tag","embeddable":true,"href":"https:\/\/horecacenter.com\/fr\/wp-json\/wp\/v2\/product_tag?post=165135"}],"curies":[{"name":"wp","href":"https:\/\/api.w.org\/{rel}","templated":true}]}}