{"id":165166,"date":"2025-11-26T11:04:32","date_gmt":"2025-11-26T11:04:32","guid":{"rendered":"https:\/\/horecacenter.com\/?post_type=product&#038;p=165166"},"modified":"2026-03-10T12:09:20","modified_gmt":"2026-03-10T12:09:20","slug":"chaise-de-restaurant-jewel-velours-cognac","status":"publish","type":"product","link":"https:\/\/horecacenter.com\/fr\/produit\/chaise-de-restaurant-jewel-velours-cognac\/","title":{"rendered":"Chaise de Restaurant &#8211; JEWEL &#8211; Velours Cognac"},"content":{"rendered":"<p>Ce fauteuil est rev\u00eatu de <strong>velours Goldy<\/strong>, un tissu reconnu pour sa texture douce et son aspect luxueux. Ce type de velours est souvent utilis\u00e9 dans l\u2019industrie du mobilier pour les chaises, fauteuils et canap\u00e9s.<\/p>\n<p><strong>Fauteuil Horeca \u00c9l\u00e9gant avec Confort Sup\u00e9rieur<\/strong><\/p>\n<p>Le <strong>Fauteuil Horeca JEWEL \u2013 Velours Cognac<\/strong> offre un \u00e9quilibre parfait entre design \u00e9l\u00e9gant et confort. Sa forme ergonomique et ses accoudoirs permettent aux clients de profiter d\u2019une assise agr\u00e9able. D\u00e9couvrez un confort d\u2019assise ultime et un style raffin\u00e9 avec ce fauteuil en velours disponible dans les couleurs goldy hunter, cognac et anthracite. Le rev\u00eatement en velours apporte une touche luxueuse. Le pi\u00e8tement m\u00e9tallique noir offre un contraste moderne et robuste. Id\u00e9al pour les restaurants et caf\u00e9s qui souhaitent cr\u00e9er une ambiance chaleureuse et accueillante. Pour l\u2019entretien, nettoyez le velours avec une brosse douce ou un chiffon l\u00e9g\u00e8rement humide. \u00c9vitez les produits agressifs afin de pr\u00e9server la texture et la couleur du tissu.<\/p>\n<p><span style=\"color: #000000;\"><strong>Informations suppl\u00e9mentaires :<\/strong><\/span><\/p>\n<ul>\n<li><span style=\"color: #000000;\">Les chaises ne sont pas assembl\u00e9es et sont toujours emball\u00e9es par 2 dans des bo\u00eetes en carton.<\/span><\/li>\n<li><span style=\"color: #000000;\">Le si\u00e8ge est viss\u00e9 au ch\u00e2ssis au moyen de 4 vis.<\/span><\/li>\n<li><span style=\"color: #000000;\">Le mat\u00e9riel n\u00e9cessaire pour l&rsquo;assemblage est inclus dans la bo\u00eete.<\/span><\/li>\n<li><span style=\"color: #000000;\"> Les chaises sont faciles \u00e0 assembler.<\/span><\/li>\n<\/ul>\n","protected":false},"excerpt":{"rendered":"<p>Ce fauteuil est rev\u00eatu de velours Goldy, un tissu reconnu pour sa texture douce et son aspect luxueux. Ce type<\/p>\n","protected":false},"featured_media":126298,"comment_status":"closed","ping_status":"closed","template":"","meta":[],"product_brand":[],"product_cat":[17402,17399],"product_tag":[],"class_list":{"0":"post-165166","1":"product","2":"type-product","3":"status-publish","4":"has-post-thumbnail","6":"product_cat-chaises-en-metal-tissu-vintage","7":"product_cat-chaises-en-metal-tissu","8":"pa_armrest-armrest-oui-fr","9":"pa_frame-non-empilable-frame-fr","10":"pa_product-arm-height-cm-66-arm-height-cm-fr","11":"pa_product-color-color-cognac-fr","12":"pa_product-frame-color-noir-framecolor-fr","13":"pa_product-material-cadre-en-metal-material-fr","14":"pa_product-more-colors-oui-fr","15":"pa_product-package-dimension-cm-cadrage-50x62x48-package-dimension-cm-fr","16":"pa_product-package-dimension-cm-dossier-61x62x56-package-dimension-cm-fr","17":"pa_product-seat-height-cm-46-seat-height-cm-fr","18":"pa_product-seat-width-cm-49-seat-width-cm-fr","19":"pa_product-seats-1-seats-fr","20":"pa_product-upholstery-upholstery-velours-fr","21":"pa_product-usage-usage-interieur-fr","23":"first","24":"onbackorder","25":"sale","26":"taxable","27":"shipping-taxable","28":"purchasable","29":"product-type-simple"},"_links":{"self":[{"href":"https:\/\/horecacenter.com\/fr\/wp-json\/wp\/v2\/product\/165166","targetHints":{"allow":["GET"]}}],"collection":[{"href":"https:\/\/horecacenter.com\/fr\/wp-json\/wp\/v2\/product"}],"about":[{"href":"https:\/\/horecacenter.com\/fr\/wp-json\/wp\/v2\/types\/product"}],"replies":[{"embeddable":true,"href":"https:\/\/horecacenter.com\/fr\/wp-json\/wp\/v2\/comments?post=165166"}],"version-history":[{"count":2,"href":"https:\/\/horecacenter.com\/fr\/wp-json\/wp\/v2\/product\/165166\/revisions"}],"predecessor-version":[{"id":188516,"href":"https:\/\/horecacenter.com\/fr\/wp-json\/wp\/v2\/product\/165166\/revisions\/188516"}],"wp:featuredmedia":[{"embeddable":true,"href":"https:\/\/horecacenter.com\/fr\/wp-json\/wp\/v2\/media\/126298"}],"wp:attachment":[{"href":"https:\/\/horecacenter.com\/fr\/wp-json\/wp\/v2\/media?parent=165166"}],"wp:term":[{"taxonomy":"product_brand","embeddable":true,"href":"https:\/\/horecacenter.com\/fr\/wp-json\/wp\/v2\/product_brand?post=165166"},{"taxonomy":"product_cat","embeddable":true,"href":"https:\/\/horecacenter.com\/fr\/wp-json\/wp\/v2\/product_cat?post=165166"},{"taxonomy":"product_tag","embeddable":true,"href":"https:\/\/horecacenter.com\/fr\/wp-json\/wp\/v2\/product_tag?post=165166"}],"curies":[{"name":"wp","href":"https:\/\/api.w.org\/{rel}","templated":true}]}}