{"id":165174,"date":"2025-11-26T11:09:06","date_gmt":"2025-11-26T11:09:06","guid":{"rendered":"https:\/\/horecacenter.com\/?post_type=product&#038;p=165174"},"modified":"2026-03-24T07:33:07","modified_gmt":"2026-03-24T07:33:07","slug":"chaise-empilable-pour-terrasse-de-restaurant-evora-plastique-bleue-petrole","status":"publish","type":"product","link":"https:\/\/horecacenter.com\/fr\/produit\/chaise-empilable-pour-terrasse-de-restaurant-evora-plastique-bleue-petrole\/","title":{"rendered":"Chaise de Terrasse EVORA &#8211; Empilable &#8211; Plastique Bleue P\u00e9trole"},"content":{"rendered":"<p>Cette <strong>chaise de terrasse en plastique bleu p\u00e9trole<\/strong> est fabriqu\u00e9e en polypropyl\u00e8ne durable, un mat\u00e9riau l\u00e9ger et r\u00e9sistant con\u00e7u pour un usage horeca intensif. Elle est id\u00e9ale pour les terrasses, restaurants et caf\u00e9s gr\u00e2ce \u00e0 sa robustesse et sa facilit\u00e9 d\u2019entretien. Le plastique offre \u00e9galement une excellente r\u00e9sistance aux conditions ext\u00e9rieures.<\/p>\n<p><strong>Design Moderne et \u00c9l\u00e9gant<\/strong><\/p>\n<p>La <strong>Chaise Terrasse EVORA \u2013 Empilable \u2013 Plastique Bleu P\u00e9trole<\/strong> associe un design minimaliste \u00e0 une couleur profonde et contemporaine. Le dossier avec lignes verticales apporte une touche moderne et assure un bon confort. Sa l\u00e9g\u00e8ret\u00e9 permet une manipulation facile. Cette chaise est id\u00e9ale pour les \u00e9tablissements recherchant flexibilit\u00e9 et optimisation de l\u2019espace. Gr\u00e2ce \u00e0 sa fonction empilable, elle peut \u00eatre rang\u00e9e rapidement et efficacement. Elle s\u2019adapte parfaitement aux besoins des terrasses dynamiques. L\u2019entretien est simple : un chiffon humide ou un rin\u00e7age \u00e0 l\u2019eau suffit. La surface lisse limite l\u2019accumulation de salet\u00e9 et garantit une hygi\u00e8ne optimale. \u00c9vitez les produits agressifs afin de pr\u00e9server la qualit\u00e9 du mat\u00e9riau.<\/p>\n<p>Vous am\u00e9nagez une terrasse ou un \u00e9tablissement horeca ? Notre \u00e9quipe vous accompagne avec des conseils professionnels. Contactez-nous par <strong>T\u00e9l\u00e9phone<\/strong>, <strong>WhatsApp<\/strong> ou <strong>e-mail<\/strong> ou visitez notre showroom.<\/p>\n","protected":false},"excerpt":{"rendered":"<p>Cette chaise de terrasse en plastique bleu p\u00e9trole est fabriqu\u00e9e en polypropyl\u00e8ne durable, un mat\u00e9riau l\u00e9ger et r\u00e9sistant con\u00e7u pour<\/p>\n","protected":false},"featured_media":78297,"comment_status":"closed","ping_status":"closed","template":"","meta":[],"product_brand":[],"product_cat":[9784,9776,10044],"product_tag":[],"class_list":{"0":"post-165174","1":"product","2":"type-product","3":"status-publish","4":"has-post-thumbnail","6":"product_cat-chaises-de-terrasse","7":"product_cat-chaises-en-plastique","8":"product_cat-chaises-empilable","9":"pa_armrest-armrest-non-fr","10":"pa_product-color-color-bleu-petrole-fr","11":"pa_product-color-color-bleu-fr","12":"pa_product-frame-color-bleue-petrole-frame-color-fr","13":"pa_product-frame-color-bleu-frame-color-fr","14":"pa_product-material-material-synthetique","15":"pa_product-more-colors-oui-fr","16":"pa_product-seat-height-cm-46-seat-height-cm-fr","17":"pa_product-seat-width-cm-41-seat-width-cm-fr","18":"pa_product-seats-1-seats-fr","19":"pa_product-usage-usage-interieur-fr","20":"pa_product-usage-usage-exterieur-fr","22":"first","23":"instock","24":"sale","25":"taxable","26":"shipping-taxable","27":"purchasable","28":"product-type-simple"},"_links":{"self":[{"href":"https:\/\/horecacenter.com\/fr\/wp-json\/wp\/v2\/product\/165174","targetHints":{"allow":["GET"]}}],"collection":[{"href":"https:\/\/horecacenter.com\/fr\/wp-json\/wp\/v2\/product"}],"about":[{"href":"https:\/\/horecacenter.com\/fr\/wp-json\/wp\/v2\/types\/product"}],"replies":[{"embeddable":true,"href":"https:\/\/horecacenter.com\/fr\/wp-json\/wp\/v2\/comments?post=165174"}],"version-history":[{"count":4,"href":"https:\/\/horecacenter.com\/fr\/wp-json\/wp\/v2\/product\/165174\/revisions"}],"predecessor-version":[{"id":190820,"href":"https:\/\/horecacenter.com\/fr\/wp-json\/wp\/v2\/product\/165174\/revisions\/190820"}],"wp:featuredmedia":[{"embeddable":true,"href":"https:\/\/horecacenter.com\/fr\/wp-json\/wp\/v2\/media\/78297"}],"wp:attachment":[{"href":"https:\/\/horecacenter.com\/fr\/wp-json\/wp\/v2\/media?parent=165174"}],"wp:term":[{"taxonomy":"product_brand","embeddable":true,"href":"https:\/\/horecacenter.com\/fr\/wp-json\/wp\/v2\/product_brand?post=165174"},{"taxonomy":"product_cat","embeddable":true,"href":"https:\/\/horecacenter.com\/fr\/wp-json\/wp\/v2\/product_cat?post=165174"},{"taxonomy":"product_tag","embeddable":true,"href":"https:\/\/horecacenter.com\/fr\/wp-json\/wp\/v2\/product_tag?post=165174"}],"curies":[{"name":"wp","href":"https:\/\/api.w.org\/{rel}","templated":true}]}}