{"id":165233,"date":"2025-11-26T12:03:23","date_gmt":"2025-11-26T12:03:23","guid":{"rendered":"https:\/\/horecacenter.com\/?post_type=product&#038;p=165233"},"modified":"2026-03-24T07:48:40","modified_gmt":"2026-03-24T07:48:40","slug":"chaise-empilable-avec-accoudoirs-pour-terrasse-de-restaurant-evora-plastique-taupe","status":"publish","type":"product","link":"https:\/\/horecacenter.com\/fr\/produit\/chaise-empilable-avec-accoudoirs-pour-terrasse-de-restaurant-evora-plastique-taupe\/","title":{"rendered":"Chaise de Terrasse EVORA &#8211; Avec Accoudoirs &#8211; Empilable &#8211; Plastique Taupe"},"content":{"rendered":"<p>Cette <strong>chaise de terrasse en plastique taupe avec accoudoirs<\/strong> est fabriqu\u00e9e en polypropyl\u00e8ne inject\u00e9 assist\u00e9 au gaz et renforc\u00e9e en fibre de verre pour une robustesse accrue. Ce mat\u00e9riau garantit une excellente durabilit\u00e9 et convient parfaitement \u00e0 un usage horeca intensif. Id\u00e9ale pour les terrasses, restaurants et caf\u00e9s.<\/p>\n<p><strong>Design Moderne et Confort Optimal<\/strong><\/p>\n<p>La <strong>Chaise Terrasse EVORA \u2013 Accoudoirs \u2013 Empilable \u2013 Plastique Taupe<\/strong> associe un design \u00e9pur\u00e9 \u00e0 un confort sup\u00e9rieur. L\u2019assise ergonomique et le dossier avec lignes verticales offrent un excellent soutien. Les accoudoirs int\u00e9gr\u00e9s am\u00e9liorent le confort pour vos clients. Cette chaise polyvalente est con\u00e7ue pour les environnements horeca dynamiques. Son poids l\u00e9ger et sa fonction empilable permettent un rangement rapide et un gain de place optimal. Une solution pratique et \u00e9l\u00e9gante pour votre terrasse. L\u2019entretien est simple : un chiffon humide ou un rin\u00e7age \u00e0 l\u2019eau suffit. La surface lisse limite l\u2019accumulation de salet\u00e9 et garantit une hygi\u00e8ne optimale. \u00c9vitez les produits agressifs pour pr\u00e9server la qualit\u00e9 du mat\u00e9riau.<\/p>\n<p>Minimum de commande 20 pcs. Contactez-nous pour une commande inf\u00e9rieure. Selon stock, une livraison en plus petite quantit\u00e9 est possible. Contactez-nous via <strong>T\u00e9l\u00e9phone<\/strong>, <strong>WhatsApp<\/strong> ou <strong>e-mail<\/strong> ou visitez notre showroom.<\/p>\n","protected":false},"excerpt":{"rendered":"<p>Cette chaise de terrasse en plastique taupe avec accoudoirs est fabriqu\u00e9e en polypropyl\u00e8ne inject\u00e9 assist\u00e9 au gaz et renforc\u00e9e en<\/p>\n","protected":false},"featured_media":110369,"comment_status":"closed","ping_status":"closed","template":"","meta":[],"product_brand":[],"product_cat":[9784,9776,10044],"product_tag":[],"class_list":{"0":"post-165233","1":"product","2":"type-product","3":"status-publish","4":"has-post-thumbnail","6":"product_cat-chaises-de-terrasse","7":"product_cat-chaises-en-plastique","8":"product_cat-chaises-empilable","9":"pa_armrest-armrest-oui-fr","10":"pa_product-color-color-taupe-fr","11":"pa_product-frame-color-taupe-frame-color-fr","12":"pa_product-material-material-synthetique","13":"pa_product-more-colors-oui-fr","14":"pa_product-seat-height-cm-46-seat-height-cm-fr","15":"pa_product-seat-width-cm-41-seat-width-cm-fr","16":"pa_product-seats-1-seats-fr","17":"pa_product-usage-usage-interieur-fr","18":"pa_product-usage-usage-exterieur-fr","20":"first","21":"onbackorder","22":"sale","23":"taxable","24":"shipping-taxable","25":"purchasable","26":"product-type-simple"},"_links":{"self":[{"href":"https:\/\/horecacenter.com\/fr\/wp-json\/wp\/v2\/product\/165233","targetHints":{"allow":["GET"]}}],"collection":[{"href":"https:\/\/horecacenter.com\/fr\/wp-json\/wp\/v2\/product"}],"about":[{"href":"https:\/\/horecacenter.com\/fr\/wp-json\/wp\/v2\/types\/product"}],"replies":[{"embeddable":true,"href":"https:\/\/horecacenter.com\/fr\/wp-json\/wp\/v2\/comments?post=165233"}],"version-history":[{"count":4,"href":"https:\/\/horecacenter.com\/fr\/wp-json\/wp\/v2\/product\/165233\/revisions"}],"predecessor-version":[{"id":190838,"href":"https:\/\/horecacenter.com\/fr\/wp-json\/wp\/v2\/product\/165233\/revisions\/190838"}],"wp:featuredmedia":[{"embeddable":true,"href":"https:\/\/horecacenter.com\/fr\/wp-json\/wp\/v2\/media\/110369"}],"wp:attachment":[{"href":"https:\/\/horecacenter.com\/fr\/wp-json\/wp\/v2\/media?parent=165233"}],"wp:term":[{"taxonomy":"product_brand","embeddable":true,"href":"https:\/\/horecacenter.com\/fr\/wp-json\/wp\/v2\/product_brand?post=165233"},{"taxonomy":"product_cat","embeddable":true,"href":"https:\/\/horecacenter.com\/fr\/wp-json\/wp\/v2\/product_cat?post=165233"},{"taxonomy":"product_tag","embeddable":true,"href":"https:\/\/horecacenter.com\/fr\/wp-json\/wp\/v2\/product_tag?post=165233"}],"curies":[{"name":"wp","href":"https:\/\/api.w.org\/{rel}","templated":true}]}}