{"id":165234,"date":"2025-11-26T12:03:19","date_gmt":"2025-11-26T12:03:19","guid":{"rendered":"https:\/\/horecacenter.com\/?post_type=product&#038;p=165234"},"modified":"2026-03-24T08:34:24","modified_gmt":"2026-03-24T08:34:24","slug":"chaise-empilable-avec-accoudoirs-pour-terrasse-de-restaurant-evora-plastique-camel","status":"publish","type":"product","link":"https:\/\/horecacenter.com\/fr\/produit\/chaise-empilable-avec-accoudoirs-pour-terrasse-de-restaurant-evora-plastique-camel\/","title":{"rendered":"Chaise de Terrasse EVORA &#8211; Avec Accoudoirs &#8211; Empilable &#8211; Plastique Camel"},"content":{"rendered":"<p>Cette <strong>chaise de terrasse en plastique couleur camel avec accoudoirs<\/strong> est fabriqu\u00e9e en polypropyl\u00e8ne inject\u00e9 assist\u00e9 au gaz et renforc\u00e9e en fibre de verre. Cette combinaison garantit une grande robustesse tout en restant l\u00e9g\u00e8re. Elle est id\u00e9ale pour un usage horeca intensif sur terrasses, restaurants et caf\u00e9s.<\/p>\n<p><strong>Design Chaleureux et Confortable<\/strong><\/p>\n<p>La <strong>Chaise Terrasse EVORA \u2013 Accoudoirs \u2013 Empilable \u2013 Plastique Camel<\/strong> associe un design moderne \u00e0 une couleur naturelle et \u00e9l\u00e9gante. Le dossier avec lignes verticales offre un bon soutien ergonomique. Les accoudoirs int\u00e9gr\u00e9s apportent un confort suppl\u00e9mentaire pour vos clients. Cette chaise polyvalente est con\u00e7ue pour les environnements horeca dynamiques. Son poids l\u00e9ger et sa fonction empilable permettent un rangement rapide et efficace. Elle constitue une solution pratique et esth\u00e9tique pour les terrasses professionnelles. L\u2019entretien est simple : un chiffon humide ou un rin\u00e7age \u00e0 l\u2019eau suffit. La surface lisse limite l\u2019accumulation de salet\u00e9 et garantit une hygi\u00e8ne optimale. \u00c9vitez les produits agressifs pour pr\u00e9server la qualit\u00e9 du mat\u00e9riau.<\/p>\n<p>Minimum de commande 20 pcs. Contactez-nous pour une commande inf\u00e9rieure. Selon stock, une livraison en plus petite quantit\u00e9 est possible. Contactez-nous via <strong>T\u00e9l\u00e9phone<\/strong>, <strong>WhatsApp<\/strong> ou <strong>e-mail<\/strong> ou visitez notre showroom.<\/p>\n","protected":false},"excerpt":{"rendered":"<p>Cette chaise de terrasse en plastique couleur camel avec accoudoirs est fabriqu\u00e9e en polypropyl\u00e8ne inject\u00e9 assist\u00e9 au gaz et renforc\u00e9e<\/p>\n","protected":false},"featured_media":110365,"comment_status":"closed","ping_status":"closed","template":"","meta":[],"product_brand":[],"product_cat":[9784,9776,10044],"product_tag":[],"class_list":{"0":"post-165234","1":"product","2":"type-product","3":"status-publish","4":"has-post-thumbnail","6":"product_cat-chaises-de-terrasse","7":"product_cat-chaises-en-plastique","8":"product_cat-chaises-empilable","9":"pa_armrest-armrest-oui-fr","10":"pa_product-color-color-camel-fr","11":"pa_product-frame-color-camel-frame-color-fr","12":"pa_product-material-material-synthetique","13":"pa_product-more-colors-oui-fr","14":"pa_product-seat-height-cm-46-seat-height-cm-fr","15":"pa_product-seat-width-cm-41-seat-width-cm-fr","16":"pa_product-seats-1-seats-fr","17":"pa_product-usage-usage-interieur-fr","18":"pa_product-usage-usage-exterieur-fr","20":"first","21":"onbackorder","22":"sale","23":"taxable","24":"shipping-taxable","25":"purchasable","26":"product-type-simple"},"_links":{"self":[{"href":"https:\/\/horecacenter.com\/fr\/wp-json\/wp\/v2\/product\/165234","targetHints":{"allow":["GET"]}}],"collection":[{"href":"https:\/\/horecacenter.com\/fr\/wp-json\/wp\/v2\/product"}],"about":[{"href":"https:\/\/horecacenter.com\/fr\/wp-json\/wp\/v2\/types\/product"}],"replies":[{"embeddable":true,"href":"https:\/\/horecacenter.com\/fr\/wp-json\/wp\/v2\/comments?post=165234"}],"version-history":[{"count":4,"href":"https:\/\/horecacenter.com\/fr\/wp-json\/wp\/v2\/product\/165234\/revisions"}],"predecessor-version":[{"id":190871,"href":"https:\/\/horecacenter.com\/fr\/wp-json\/wp\/v2\/product\/165234\/revisions\/190871"}],"wp:featuredmedia":[{"embeddable":true,"href":"https:\/\/horecacenter.com\/fr\/wp-json\/wp\/v2\/media\/110365"}],"wp:attachment":[{"href":"https:\/\/horecacenter.com\/fr\/wp-json\/wp\/v2\/media?parent=165234"}],"wp:term":[{"taxonomy":"product_brand","embeddable":true,"href":"https:\/\/horecacenter.com\/fr\/wp-json\/wp\/v2\/product_brand?post=165234"},{"taxonomy":"product_cat","embeddable":true,"href":"https:\/\/horecacenter.com\/fr\/wp-json\/wp\/v2\/product_cat?post=165234"},{"taxonomy":"product_tag","embeddable":true,"href":"https:\/\/horecacenter.com\/fr\/wp-json\/wp\/v2\/product_tag?post=165234"}],"curies":[{"name":"wp","href":"https:\/\/api.w.org\/{rel}","templated":true}]}}