{"id":165235,"date":"2025-11-26T12:03:13","date_gmt":"2025-11-26T12:03:13","guid":{"rendered":"https:\/\/horecacenter.com\/?post_type=product&#038;p=165235"},"modified":"2026-04-07T12:00:04","modified_gmt":"2026-04-07T12:00:04","slug":"chaise-empilable-avec-accoudoirs-pour-terrasse-de-restaurant-evora-plastique-olive","status":"publish","type":"product","link":"https:\/\/horecacenter.com\/fr\/produit\/chaise-empilable-avec-accoudoirs-pour-terrasse-de-restaurant-evora-plastique-olive\/","title":{"rendered":"Chaise de Terrasse EVORA &#8211; Avec Accoudoirs &#8211; Empilable &#8211; Plastique Olive"},"content":{"rendered":"<p>Cette <strong>chaise de terrasse en plastique vert olive avec accoudoirs<\/strong> est fabriqu\u00e9e en polypropyl\u00e8ne inject\u00e9 assist\u00e9 au gaz et renforc\u00e9e en fibre de verre. Cette combinaison garantit une excellente robustesse tout en restant l\u00e9g\u00e8re. Elle est id\u00e9ale pour un usage horeca intensif sur terrasses, restaurants et caf\u00e9s.<\/p>\n<p><strong>Design Naturel avec Confort Suppl\u00e9mentaire<\/strong><\/p>\n<p>La <strong>Chaise Terrasse EVORA \u2013 Accoudoirs \u2013 Empilable \u2013 Plastique Olive<\/strong> associe un design moderne \u00e0 une couleur naturelle et \u00e9l\u00e9gante. Le dossier avec lignes verticales assure un bon soutien ergonomique. Les accoudoirs int\u00e9gr\u00e9s offrent un confort suppl\u00e9mentaire pour vos clients. Cette chaise polyvalente est con\u00e7ue pour les environnements horeca dynamiques. Son poids l\u00e9ger et sa fonction empilable permettent un rangement rapide et efficace. Elle constitue une solution pratique et esth\u00e9tique pour les terrasses professionnelles. L\u2019entretien est simple : un chiffon humide ou un rin\u00e7age \u00e0 l\u2019eau suffit. La surface lisse limite l\u2019accumulation de salet\u00e9 et garantit une hygi\u00e8ne optimale. \u00c9vitez les produits agressifs pour pr\u00e9server la qualit\u00e9 du mat\u00e9riau.<\/p>\n<p>Minimum de commande 20 pcs. Contactez-nous pour une commande inf\u00e9rieure. Selon stock, une livraison en plus petite quantit\u00e9 est possible. Contactez-nous via <strong>T\u00e9l\u00e9phone<\/strong>, <strong>WhatsApp<\/strong> ou <strong>e-mail<\/strong> ou visitez notre showroom.<\/p>\n","protected":false},"excerpt":{"rendered":"<p>Cette chaise de terrasse en plastique vert olive avec accoudoirs est fabriqu\u00e9e en polypropyl\u00e8ne inject\u00e9 assist\u00e9 au gaz et renforc\u00e9e<\/p>\n","protected":false},"featured_media":110361,"comment_status":"closed","ping_status":"closed","template":"","meta":[],"product_brand":[],"product_cat":[9784,9776,10044],"product_tag":[],"class_list":{"0":"post-165235","1":"product","2":"type-product","3":"status-publish","4":"has-post-thumbnail","6":"product_cat-chaises-de-terrasse","7":"product_cat-chaises-en-plastique","8":"product_cat-chaises-empilable","9":"pa_armrest-armrest-oui-fr","10":"pa_product-color-color-olive-fr","11":"pa_product-frame-color-olive-frame-color-fr","12":"pa_product-material-material-synthetique","13":"pa_product-more-colors-oui-fr","14":"pa_product-seat-height-cm-46-seat-height-cm-fr","15":"pa_product-seat-width-cm-41-seat-width-cm-fr","16":"pa_product-seats-1-seats-fr","17":"pa_product-usage-usage-interieur-fr","18":"pa_product-usage-usage-exterieur-fr","20":"first","21":"instock","22":"sale","23":"taxable","24":"shipping-taxable","25":"purchasable","26":"product-type-simple"},"_links":{"self":[{"href":"https:\/\/horecacenter.com\/fr\/wp-json\/wp\/v2\/product\/165235","targetHints":{"allow":["GET"]}}],"collection":[{"href":"https:\/\/horecacenter.com\/fr\/wp-json\/wp\/v2\/product"}],"about":[{"href":"https:\/\/horecacenter.com\/fr\/wp-json\/wp\/v2\/types\/product"}],"replies":[{"embeddable":true,"href":"https:\/\/horecacenter.com\/fr\/wp-json\/wp\/v2\/comments?post=165235"}],"version-history":[{"count":4,"href":"https:\/\/horecacenter.com\/fr\/wp-json\/wp\/v2\/product\/165235\/revisions"}],"predecessor-version":[{"id":190874,"href":"https:\/\/horecacenter.com\/fr\/wp-json\/wp\/v2\/product\/165235\/revisions\/190874"}],"wp:featuredmedia":[{"embeddable":true,"href":"https:\/\/horecacenter.com\/fr\/wp-json\/wp\/v2\/media\/110361"}],"wp:attachment":[{"href":"https:\/\/horecacenter.com\/fr\/wp-json\/wp\/v2\/media?parent=165235"}],"wp:term":[{"taxonomy":"product_brand","embeddable":true,"href":"https:\/\/horecacenter.com\/fr\/wp-json\/wp\/v2\/product_brand?post=165235"},{"taxonomy":"product_cat","embeddable":true,"href":"https:\/\/horecacenter.com\/fr\/wp-json\/wp\/v2\/product_cat?post=165235"},{"taxonomy":"product_tag","embeddable":true,"href":"https:\/\/horecacenter.com\/fr\/wp-json\/wp\/v2\/product_tag?post=165235"}],"curies":[{"name":"wp","href":"https:\/\/api.w.org\/{rel}","templated":true}]}}