{"id":165243,"date":"2025-11-26T12:05:04","date_gmt":"2025-11-26T12:05:04","guid":{"rendered":"https:\/\/horecacenter.com\/?post_type=product&#038;p=165243"},"modified":"2026-03-10T13:11:04","modified_gmt":"2026-03-10T13:11:04","slug":"chaise-de-restaurant-avec-accoudoirs-rio-microfibre-vintage-cognac","status":"publish","type":"product","link":"https:\/\/horecacenter.com\/fr\/produit\/chaise-de-restaurant-avec-accoudoirs-rio-microfibre-vintage-cognac\/","title":{"rendered":"Chaise de Restaurant Avec Accoudoirs &#8211; RIO &#8211; Microfibre  Cognac"},"content":{"rendered":"<p>Cette chaise est recouverte de <strong>microfibre cognac<\/strong>, un mat\u00e9riau durable offrant une texture douce et un grand confort. La microfibre est appr\u00e9ci\u00e9e pour sa r\u00e9sistance et son entretien facile.<\/p>\n<p><strong>Chaise Horeca au Style Industriel<\/strong><\/p>\n<p>La <strong>Chaise<\/strong><strong>\u00a0Horeca RIO \u2013 Microfibre Cognac<\/strong> poss\u00e8de un design moderne et industriel. Sa structure m\u00e9tallique noire robuste assure solidit\u00e9 et \u00e9l\u00e9gance. L\u2019assise en microfibre et les accoudoirs offrent un confort agr\u00e9able. Id\u00e9al pour les caf\u00e9s et restaurants souhaitant cr\u00e9er une ambiance tendance et accueillante. <strong>Conseils d\u2019entretien :<\/strong> En cas de salissure, retirer imm\u00e9diatement avec un chiffon. Nettoyer ensuite avec une solution savonneuse neutre et rincer \u00e0 l\u2019eau claire. Offrez \u00e0 vos clients une exp\u00e9rience d\u2019assise confortable et \u00e9l\u00e9gante. Une chaise id\u00e9ale pour sublimer l\u2019int\u00e9rieur de votre \u00e9tablissement.<\/p>\n<p><span style=\"color: #000000;\"><strong>Informations suppl\u00e9mentaires :<\/strong><\/span><\/p>\n<ul>\n<li><span style=\"color: #000000;\">Les chaises ne sont pas assembl\u00e9es et sont toujours emball\u00e9es par 2 dans des bo\u00eetes en carton.<\/span><\/li>\n<li><span style=\"color: #000000;\">L&rsquo;assise est fix\u00e9e au cadre \u00e0 l&rsquo;aide de 4 vis.<\/span><\/li>\n<li><span style=\"color: #000000;\">Le mat\u00e9riel n\u00e9cessaire pour l&rsquo;assemblage est inclus dans la bo\u00eete.<\/span><\/li>\n<li><span style=\"color: #000000;\"> Les chaises sont faciles \u00e0 assembler.<\/span><\/li>\n<li><span style=\"color: #000000;\">Produit europ\u00e9en garantie.<\/span><\/li>\n<li><span style=\"color: #000000;\">1 an de garantie.<\/span><\/li>\n<\/ul>\n","protected":false},"excerpt":{"rendered":"<p>Cette chaise est recouverte de microfibre cognac, un mat\u00e9riau durable offrant une texture douce et un grand confort. La microfibre<\/p>\n","protected":false},"featured_media":122859,"comment_status":"closed","ping_status":"closed","template":"","meta":[],"product_brand":[],"product_cat":[17402,17399],"product_tag":[12459,12606,12609,12957,13064,13250,13266,13273,10535,10540,10610],"class_list":{"0":"post-165243","1":"product","2":"type-product","3":"status-publish","4":"has-post-thumbnail","6":"product_cat-chaises-en-metal-tissu-vintage","7":"product_cat-chaises-en-metal-tissu","8":"product_tag-sessel-2","9":"product_tag-fauteuil","10":"product_tag-armchair","11":"product_tag-armstoel","12":"product_tag-cafe-inrichting","13":"product_tag-cafe-deko","14":"product_tag-d-coration-de-caf","15":"product_tag-cafe-decoration","16":"product_tag-horeca-m-bel","17":"product_tag-horeca-furniture","18":"product_tag-meubles-horeca","19":"pa_armrest-armrest-oui-fr","20":"pa_frame-non-empilable-frame-fr","21":"pa_product-color-color-cognac-fr","22":"pa_product-frame-color-noir-framecolor-fr","23":"pa_product-material-cadre-en-metal-material-fr","24":"pa_product-more-colors-oui-fr","25":"pa_product-seat-height-cm-45-seat-height-cm-fr","26":"pa_product-seat-width-cm-40-50-seat-width-cm-fr","27":"pa_product-seats-1-seats-fr","28":"pa_product-upholstery-upholstery-microfibre-fr","29":"pa_product-usage-usage-interieur-fr","31":"first","32":"outofstock","33":"sale","34":"taxable","35":"shipping-taxable","36":"purchasable","37":"product-type-simple"},"_links":{"self":[{"href":"https:\/\/horecacenter.com\/fr\/wp-json\/wp\/v2\/product\/165243","targetHints":{"allow":["GET"]}}],"collection":[{"href":"https:\/\/horecacenter.com\/fr\/wp-json\/wp\/v2\/product"}],"about":[{"href":"https:\/\/horecacenter.com\/fr\/wp-json\/wp\/v2\/types\/product"}],"replies":[{"embeddable":true,"href":"https:\/\/horecacenter.com\/fr\/wp-json\/wp\/v2\/comments?post=165243"}],"version-history":[{"count":3,"href":"https:\/\/horecacenter.com\/fr\/wp-json\/wp\/v2\/product\/165243\/revisions"}],"predecessor-version":[{"id":188593,"href":"https:\/\/horecacenter.com\/fr\/wp-json\/wp\/v2\/product\/165243\/revisions\/188593"}],"wp:featuredmedia":[{"embeddable":true,"href":"https:\/\/horecacenter.com\/fr\/wp-json\/wp\/v2\/media\/122859"}],"wp:attachment":[{"href":"https:\/\/horecacenter.com\/fr\/wp-json\/wp\/v2\/media?parent=165243"}],"wp:term":[{"taxonomy":"product_brand","embeddable":true,"href":"https:\/\/horecacenter.com\/fr\/wp-json\/wp\/v2\/product_brand?post=165243"},{"taxonomy":"product_cat","embeddable":true,"href":"https:\/\/horecacenter.com\/fr\/wp-json\/wp\/v2\/product_cat?post=165243"},{"taxonomy":"product_tag","embeddable":true,"href":"https:\/\/horecacenter.com\/fr\/wp-json\/wp\/v2\/product_tag?post=165243"}],"curies":[{"name":"wp","href":"https:\/\/api.w.org\/{rel}","templated":true}]}}