{"id":165389,"date":"2025-11-26T13:52:46","date_gmt":"2025-11-26T13:52:46","guid":{"rendered":"https:\/\/horecacenter.com\/?post_type=product&#038;p=165389"},"modified":"2026-03-13T12:30:21","modified_gmt":"2026-03-13T12:30:21","slug":"chaise-de-restaurant-avec-accoudoirs-dinner-tissu-respirant-hunter","status":"publish","type":"product","link":"https:\/\/horecacenter.com\/fr\/produit\/chaise-de-restaurant-avec-accoudoirs-dinner-tissu-respirant-hunter\/","title":{"rendered":"Chaise de Restaurant Avec Accoudoirs &#8211; DINNER &#8211; Tissu Respirant Hunter"},"content":{"rendered":"<p>Ce fauteuil est recouvert de <strong>tissu respirant hunter<\/strong>, une mati\u00e8re confortable et durable qui assure une bonne circulation de l\u2019air et un excellent confort d\u2019assise.<\/p>\n<p><strong>Fauteuil Horeca Moderne et Confortable<\/strong><\/p>\n<p>Le <strong>Fauteuil Horeca DINNER \u2013 Tissu Respirant Hunter<\/strong> combine un design moderne avec des accoudoirs confortables et une forme ergonomique. La couleur hunter apporte une ambiance chaleureuse et \u00e9l\u00e9gante aux restaurants, caf\u00e9s et h\u00f4tels. Le pi\u00e8tement m\u00e9tallique noir garantit stabilit\u00e9 et style contemporain. Le tissu respirant assure un confort optimal m\u00eame lors d\u2019une utilisation intensive dans les \u00e9tablissements horeca. Pour l\u2019entretien, nettoyez le tissu avec un chiffon l\u00e9g\u00e8rement humide ou une brosse douce. \u00c9vitez les produits agressifs.<\/p>\n<p><span style=\"color: #000000;\"><strong>Informations suppl\u00e9mentaires :<\/strong><\/span><\/p>\n<ul>\n<li><span style=\"color: #000000;\">Les chaises ne sont pas assembl\u00e9es et sont toujours emball\u00e9es par paires dans des bo\u00eetes en carton.<\/span><\/li>\n<li><span style=\"color: #000000;\">L&rsquo;assise est fix\u00e9e au cadre \u00e0 l&rsquo;aide de 4 vis.<\/span><\/li>\n<li><span style=\"color: #000000;\">Le mat\u00e9riel n\u00e9cessaire pour l&rsquo;assemblage est inclus dans la bo\u00eete.<\/span><\/li>\n<li><span style=\"color: #000000;\">Les chaises sont faciles \u00e0 assembler.<\/span><\/li>\n<\/ul>\n","protected":false},"excerpt":{"rendered":"<p>Ce fauteuil est recouvert de tissu respirant hunter, une mati\u00e8re confortable et durable qui assure une bonne circulation de l\u2019air<\/p>\n","protected":false},"featured_media":140264,"comment_status":"closed","ping_status":"closed","template":"","meta":[],"product_brand":[],"product_cat":[17402,17399,10052],"product_tag":[10579,10582,10583,10585,10586,10587,10589,10590,10591,10593,10610,10663,10664,10535,10665,10540,10927,10578,13000],"class_list":{"0":"post-165389","1":"product","2":"type-product","3":"status-publish","4":"has-post-thumbnail","6":"product_cat-chaises-en-metal-tissu-vintage","7":"product_cat-chaises-en-metal-tissu","8":"product_cat-chaise-avec-accoudoir","9":"product_tag-horeca-stoelen","10":"product_tag-chaises-2","11":"product_tag-chaises-industrielles","12":"product_tag-chaises-horeca","13":"product_tag-chairs-2","14":"product_tag-industrial-chairs","15":"product_tag-horeca-chairs","16":"product_tag-st-hle","17":"product_tag-industriest-hle","18":"product_tag-horeca-st-hle","19":"product_tag-meubles-horeca","20":"product_tag-meubles-de-restaurant","21":"product_tag-restaurant-furniture","22":"product_tag-horeca-m-bel","23":"product_tag-restaurant-m-bel","24":"product_tag-horeca-furniture","25":"product_tag-restaurant-inrichting","26":"product_tag-stoelen-2","27":"product_tag-restaurant-meubels","28":"pa_armrest-armrest-oui-fr","29":"pa_frame-non-empilable-frame-fr","30":"pa_product-arm-height-cm-64-arm-height-cm-fr","31":"pa_product-color-color-hunter-fr","32":"pa_product-frame-color-noir-framecolor-fr","33":"pa_product-material-cadre-en-metal-material-fr","34":"pa_product-more-colors-oui-fr","35":"pa_product-seat-depth-cm-44-seat-depth-cm-fr","36":"pa_product-seat-height-cm-48-seat-height-cm-fr","37":"pa_product-seats-1-seats-fr","38":"pa_product-upholstery-upholstery-tissu-fr","39":"pa_product-usage-usage-interieur-fr","41":"first","42":"onbackorder","43":"sale","44":"taxable","45":"shipping-taxable","46":"purchasable","47":"product-type-simple"},"_links":{"self":[{"href":"https:\/\/horecacenter.com\/fr\/wp-json\/wp\/v2\/product\/165389","targetHints":{"allow":["GET"]}}],"collection":[{"href":"https:\/\/horecacenter.com\/fr\/wp-json\/wp\/v2\/product"}],"about":[{"href":"https:\/\/horecacenter.com\/fr\/wp-json\/wp\/v2\/types\/product"}],"replies":[{"embeddable":true,"href":"https:\/\/horecacenter.com\/fr\/wp-json\/wp\/v2\/comments?post=165389"}],"version-history":[{"count":3,"href":"https:\/\/horecacenter.com\/fr\/wp-json\/wp\/v2\/product\/165389\/revisions"}],"predecessor-version":[{"id":189638,"href":"https:\/\/horecacenter.com\/fr\/wp-json\/wp\/v2\/product\/165389\/revisions\/189638"}],"wp:featuredmedia":[{"embeddable":true,"href":"https:\/\/horecacenter.com\/fr\/wp-json\/wp\/v2\/media\/140264"}],"wp:attachment":[{"href":"https:\/\/horecacenter.com\/fr\/wp-json\/wp\/v2\/media?parent=165389"}],"wp:term":[{"taxonomy":"product_brand","embeddable":true,"href":"https:\/\/horecacenter.com\/fr\/wp-json\/wp\/v2\/product_brand?post=165389"},{"taxonomy":"product_cat","embeddable":true,"href":"https:\/\/horecacenter.com\/fr\/wp-json\/wp\/v2\/product_cat?post=165389"},{"taxonomy":"product_tag","embeddable":true,"href":"https:\/\/horecacenter.com\/fr\/wp-json\/wp\/v2\/product_tag?post=165389"}],"curies":[{"name":"wp","href":"https:\/\/api.w.org\/{rel}","templated":true}]}}