{"id":165413,"date":"2025-11-26T13:58:15","date_gmt":"2025-11-26T13:58:15","guid":{"rendered":"https:\/\/horecacenter.com\/?post_type=product&#038;p=165413"},"modified":"2026-03-24T12:44:12","modified_gmt":"2026-03-24T12:44:12","slug":"chaise-empilable-avec-accoudoirs-pour-terrasse-de-restaurant-porto-plastique-rouge","status":"publish","type":"product","link":"https:\/\/horecacenter.com\/fr\/produit\/chaise-empilable-avec-accoudoirs-pour-terrasse-de-restaurant-porto-plastique-rouge\/","title":{"rendered":"Chaise de Terrasse PORTO &#8211; Avec Accoudoirs &#8211; Empilable &#8211; Plastique Rouge"},"content":{"rendered":"<p>Cette <strong>chaise de terrasse en plastique rouge avec accoudoirs<\/strong> est fabriqu\u00e9e en polypropyl\u00e8ne inject\u00e9 assist\u00e9 au gaz et renforc\u00e9e en fibre de verre, garantissant robustesse et durabilit\u00e9. Ce mat\u00e9riau l\u00e9ger mais solide est id\u00e9al pour un usage horeca intensif sur terrasses, restaurants et caf\u00e9s.<\/p>\n<p><strong>Design Moderne et Confortable<\/strong><\/p>\n<p>La <strong>Chaise Terrasse PORTO \u2013 Accoudoirs \u2013 Empilable \u2013 Plastique Rouge<\/strong> associe des lignes \u00e9l\u00e9gantes \u00e0 une couleur vive et dynamique. L\u2019assise ergonomique et les accoudoirs int\u00e9gr\u00e9s offrent un excellent confort. Le dossier perfor\u00e9 assure une bonne ventilation. Cette chaise moderne est con\u00e7ue pour les environnements horeca dynamiques. Gr\u00e2ce \u00e0 sa fonction empilable, elle permet un rangement rapide et un gain de place optimal. Id\u00e9ale pour les terrasses et espaces flexibles. L\u2019entretien est simple : un chiffon humide ou un rin\u00e7age \u00e0 l\u2019eau suffit. La surface lisse limite l\u2019accumulation de salet\u00e9 et garantit une hygi\u00e8ne optimale. \u00c9vitez les produits agressifs pour pr\u00e9server la qualit\u00e9 du mat\u00e9riau.<\/p>\n<p>Minimum de commande 20 pcs. Contactez-nous pour une commande inf\u00e9rieure. Selon stock, une livraison en plus petite quantit\u00e9 est possible. Contactez-nous via <strong>T\u00e9l\u00e9phone<\/strong>, <strong>WhatsApp<\/strong> ou <strong>e-mail<\/strong> ou visitez notre showroom.<\/p>\n","protected":false},"excerpt":{"rendered":"<p>Cette chaise de terrasse en plastique rouge avec accoudoirs est fabriqu\u00e9e en polypropyl\u00e8ne inject\u00e9 assist\u00e9 au gaz et renforc\u00e9e en<\/p>\n","protected":false},"featured_media":78393,"comment_status":"closed","ping_status":"closed","template":"","meta":[],"product_brand":[],"product_cat":[9784,9776,10044],"product_tag":[],"class_list":{"0":"post-165413","1":"product","2":"type-product","3":"status-publish","4":"has-post-thumbnail","6":"product_cat-chaises-de-terrasse","7":"product_cat-chaises-en-plastique","8":"product_cat-chaises-empilable","9":"pa_armrest-armrest-oui-fr","10":"pa_product-color-color-rouge-fr","11":"pa_product-frame-color-rouge-frame-color-fr","12":"pa_product-material-material-synthetique","13":"pa_product-more-colors-oui-fr","14":"pa_product-seat-height-cm-46-seat-height-cm-fr","15":"pa_product-seat-width-cm-41-seat-width-cm-fr","16":"pa_product-seats-1-seats-fr","17":"pa_product-usage-usage-interieur-fr","18":"pa_product-usage-usage-exterieur-fr","20":"first","21":"onbackorder","22":"sale","23":"taxable","24":"shipping-taxable","25":"purchasable","26":"product-type-simple"},"_links":{"self":[{"href":"https:\/\/horecacenter.com\/fr\/wp-json\/wp\/v2\/product\/165413","targetHints":{"allow":["GET"]}}],"collection":[{"href":"https:\/\/horecacenter.com\/fr\/wp-json\/wp\/v2\/product"}],"about":[{"href":"https:\/\/horecacenter.com\/fr\/wp-json\/wp\/v2\/types\/product"}],"replies":[{"embeddable":true,"href":"https:\/\/horecacenter.com\/fr\/wp-json\/wp\/v2\/comments?post=165413"}],"version-history":[{"count":4,"href":"https:\/\/horecacenter.com\/fr\/wp-json\/wp\/v2\/product\/165413\/revisions"}],"predecessor-version":[{"id":191045,"href":"https:\/\/horecacenter.com\/fr\/wp-json\/wp\/v2\/product\/165413\/revisions\/191045"}],"wp:featuredmedia":[{"embeddable":true,"href":"https:\/\/horecacenter.com\/fr\/wp-json\/wp\/v2\/media\/78393"}],"wp:attachment":[{"href":"https:\/\/horecacenter.com\/fr\/wp-json\/wp\/v2\/media?parent=165413"}],"wp:term":[{"taxonomy":"product_brand","embeddable":true,"href":"https:\/\/horecacenter.com\/fr\/wp-json\/wp\/v2\/product_brand?post=165413"},{"taxonomy":"product_cat","embeddable":true,"href":"https:\/\/horecacenter.com\/fr\/wp-json\/wp\/v2\/product_cat?post=165413"},{"taxonomy":"product_tag","embeddable":true,"href":"https:\/\/horecacenter.com\/fr\/wp-json\/wp\/v2\/product_tag?post=165413"}],"curies":[{"name":"wp","href":"https:\/\/api.w.org\/{rel}","templated":true}]}}