{"id":165445,"date":"2025-11-26T14:14:43","date_gmt":"2025-11-26T14:14:43","guid":{"rendered":"https:\/\/horecacenter.com\/?post_type=product&#038;p=165445"},"modified":"2026-03-10T14:48:53","modified_gmt":"2026-03-10T14:48:53","slug":"chaise-de-restaurant-avec-accoudoirs-flore-velours-hunter","status":"publish","type":"product","link":"https:\/\/horecacenter.com\/fr\/produit\/chaise-de-restaurant-avec-accoudoirs-flore-velours-hunter\/","title":{"rendered":"Chaise de Restaurant Avec Accoudoirs &#8211; FLORE &#8211; Velours Hunter"},"content":{"rendered":"<p><strong>Tissu Luxor<\/strong> est un velours haut de gamme reconnu pour sa texture douce et son aspect chic. Ce tissu est compos\u00e9 d\u2019un m\u00e9lange de coton et de viscose, offrant une texture luxueuse et une l\u00e9g\u00e8re brillance.<\/p>\n<p><strong>Fauteuil Horeca \u00c9l\u00e9gant avec Confort Sup\u00e9rieur<\/strong><\/p>\n<p>Le <strong>Fauteuil Horeca FLORE \u2013 Velours Hunter<\/strong> combine un design moderne avec une assise ergonomique et des accoudoirs confortables. Les clients profitent ainsi d\u2019une excellente exp\u00e9rience d\u2019assise. Ce fauteuil en velours \u00e9l\u00e9gant est disponible dans des couleurs chaleureuses comme Luxor anthracite, rouille et hunter. Le velours cr\u00e9e une ambiance raffin\u00e9e et accueillante. Le pi\u00e8tement m\u00e9tallique noir assure un style moderne et robuste. Id\u00e9al pour les restaurants et caf\u00e9s souhaitant un int\u00e9rieur tendance et durable. Offrez \u00e0 vos clients une assise confortable qui les invite \u00e0 rester plus longtemps. Parfait pour un usage intensif et facile \u00e0 int\u00e9grer dans diff\u00e9rents styles d\u2019int\u00e9rieur.<\/p>\n<p><span style=\"color: #000000;\"><strong>Informations suppl\u00e9mentaires :<\/strong><\/span><\/p>\n<ul>\n<li><span style=\"color: #000000;\">Les chaises ne sont pas assembl\u00e9es et sont toujours emball\u00e9es par 2 dans des bo\u00eetes en carton.<\/span><\/li>\n<li><span style=\"color: #000000;\">Le si\u00e8ge est viss\u00e9 au ch\u00e2ssis au moyen de 4 vis.<\/span><\/li>\n<li><span style=\"color: #000000;\">Le mat\u00e9riel n\u00e9cessaire pour l&rsquo;assemblage est inclus dans la bo\u00eete.<\/span><\/li>\n<li><span style=\"color: #000000;\"> Les chaises sont faciles \u00e0 assembler.<\/span><\/li>\n<\/ul>\n","protected":false},"excerpt":{"rendered":"<p>Tissu Luxor est un velours haut de gamme reconnu pour sa texture douce et son aspect chic. Ce tissu est<\/p>\n","protected":false},"featured_media":126318,"comment_status":"closed","ping_status":"closed","template":"","meta":[],"product_brand":[],"product_cat":[17402,17399,10052],"product_tag":[],"class_list":{"0":"post-165445","1":"product","2":"type-product","3":"status-publish","4":"has-post-thumbnail","6":"product_cat-chaises-en-metal-tissu-vintage","7":"product_cat-chaises-en-metal-tissu","8":"product_cat-chaise-avec-accoudoir","9":"pa_armrest-armrest-oui-fr","10":"pa_frame-non-empilable-frame-fr","11":"pa_leg-height-43-leg-height-fr","12":"pa_product-arm-height-cm-65-arm-height-cm-fr","13":"pa_product-backrest-cm-87-backrest-cm-fr","14":"pa_product-color-color-hunter-fr","15":"pa_product-frame-color-noir-framecolor-fr","16":"pa_product-material-cadre-en-metal-material-fr","17":"pa_product-more-colors-oui-fr","18":"pa_product-seat-depth-cm-44-seat-depth-cm-fr","19":"pa_product-seat-height-cm-48-seat-height-cm-fr","20":"pa_product-seat-width-cm-37-seat-width-cm-fr","21":"pa_product-seats-1-seats-fr","22":"pa_product-upholstery-upholstery-velours-fr","23":"pa_product-usage-usage-interieur-fr","25":"first","26":"instock","27":"sale","28":"taxable","29":"shipping-taxable","30":"purchasable","31":"product-type-simple"},"_links":{"self":[{"href":"https:\/\/horecacenter.com\/fr\/wp-json\/wp\/v2\/product\/165445","targetHints":{"allow":["GET"]}}],"collection":[{"href":"https:\/\/horecacenter.com\/fr\/wp-json\/wp\/v2\/product"}],"about":[{"href":"https:\/\/horecacenter.com\/fr\/wp-json\/wp\/v2\/types\/product"}],"replies":[{"embeddable":true,"href":"https:\/\/horecacenter.com\/fr\/wp-json\/wp\/v2\/comments?post=165445"}],"version-history":[{"count":2,"href":"https:\/\/horecacenter.com\/fr\/wp-json\/wp\/v2\/product\/165445\/revisions"}],"predecessor-version":[{"id":188704,"href":"https:\/\/horecacenter.com\/fr\/wp-json\/wp\/v2\/product\/165445\/revisions\/188704"}],"wp:featuredmedia":[{"embeddable":true,"href":"https:\/\/horecacenter.com\/fr\/wp-json\/wp\/v2\/media\/126318"}],"wp:attachment":[{"href":"https:\/\/horecacenter.com\/fr\/wp-json\/wp\/v2\/media?parent=165445"}],"wp:term":[{"taxonomy":"product_brand","embeddable":true,"href":"https:\/\/horecacenter.com\/fr\/wp-json\/wp\/v2\/product_brand?post=165445"},{"taxonomy":"product_cat","embeddable":true,"href":"https:\/\/horecacenter.com\/fr\/wp-json\/wp\/v2\/product_cat?post=165445"},{"taxonomy":"product_tag","embeddable":true,"href":"https:\/\/horecacenter.com\/fr\/wp-json\/wp\/v2\/product_tag?post=165445"}],"curies":[{"name":"wp","href":"https:\/\/api.w.org\/{rel}","templated":true}]}}