{"id":165474,"date":"2025-11-27T05:57:46","date_gmt":"2025-11-27T05:57:46","guid":{"rendered":"https:\/\/horecacenter.com\/?post_type=product&#038;p=165474"},"modified":"2026-03-13T13:06:10","modified_gmt":"2026-03-13T13:06:10","slug":"chaise-de-restaurant-bistro-vintage-microfibre-anthracite","status":"publish","type":"product","link":"https:\/\/horecacenter.com\/fr\/produit\/chaise-de-restaurant-bistro-vintage-microfibre-anthracite\/","title":{"rendered":"Chaise de Restaurant &#8211; BISTRO &#8211;  Microfibre Anthracite"},"content":{"rendered":"<p>Le rev\u00eatement en <strong>microfibre anthracite<\/strong> poss\u00e8de une texture douce et \u00e9l\u00e9gante. La microfibre est appr\u00e9ci\u00e9e dans les int\u00e9rieurs horeca pour son confort et sa durabilit\u00e9. La couleur anthracite apporte une ambiance moderne.<\/p>\n<p><strong>Chaise Horeca Moderne<\/strong><\/p>\n<p>La <strong>Chaise Horeca BISTRO \u2013 Microfibre Anthracite<\/strong> associe design moderne et confort. L\u2019assise ergonomique et le dossier matelass\u00e9 offrent un bon soutien. Id\u00e9ale pour restaurants, caf\u00e9s et h\u00f4tels. Le pi\u00e8tement m\u00e9tallique noir assure stabilit\u00e9 et durabilit\u00e9. Son style intemporel s\u2019int\u00e8gre facilement dans diff\u00e9rents concepts horeca. Une solution \u00e9l\u00e9gante et fonctionnelle. Nettoyez r\u00e9guli\u00e8rement la microfibre avec une brosse douce ou un aspirateur. Les taches peuvent \u00eatre retir\u00e9es avec un chiffon l\u00e9g\u00e8rement humide. \u00c9vitez les produits agressifs. Vous ouvrez un restaurant ou r\u00e9am\u00e9nagez votre \u00e9tablissement ? Notre \u00e9quipe vous accompagne avec plaisir. Contactez-nous par <strong>T\u00e9l\u00e9phone<\/strong>, <strong>WhatsApp<\/strong> ou <strong>e-mail<\/strong> ou visitez notre showroom.<\/p>\n<p><span style=\"color: #000000;\"><strong>Informations suppl\u00e9mentaires :<\/strong><\/span><\/p>\n<ul>\n<li><span style=\"color: #000000;\">Les chaises ne sont pas assembl\u00e9es et sont toujours emball\u00e9es par paires dans des bo\u00eetes en carton.<\/span><\/li>\n<li><span style=\"color: #000000;\">L&rsquo;assise est fix\u00e9e au cadre \u00e0 l&rsquo;aide de 4 vis.<\/span><\/li>\n<li><span style=\"color: #000000;\">Le mat\u00e9riel n\u00e9cessaire pour l&rsquo;assemblage est inclus dans la bo\u00eete.<\/span><\/li>\n<li><span style=\"color: #000000;\">Les chaises sont faciles \u00e0 assembler.<\/span><\/li>\n<\/ul>\n","protected":false},"excerpt":{"rendered":"<p>Le rev\u00eatement en microfibre anthracite poss\u00e8de une texture douce et \u00e9l\u00e9gante. La microfibre est appr\u00e9ci\u00e9e dans les int\u00e9rieurs horeca pour<\/p>\n","protected":false},"featured_media":140294,"comment_status":"closed","ping_status":"closed","template":"","meta":[],"product_brand":[],"product_cat":[17402,17399],"product_tag":[10610,10663,10664,10535,10665,10540,10927,10578,13000,10579,10582,10583,10585,10586,10587,10589,10590,10591,10593],"class_list":{"0":"post-165474","1":"product","2":"type-product","3":"status-publish","4":"has-post-thumbnail","6":"product_cat-chaises-en-metal-tissu-vintage","7":"product_cat-chaises-en-metal-tissu","8":"product_tag-meubles-horeca","9":"product_tag-meubles-de-restaurant","10":"product_tag-restaurant-furniture","11":"product_tag-horeca-m-bel","12":"product_tag-restaurant-m-bel","13":"product_tag-horeca-furniture","14":"product_tag-restaurant-inrichting","15":"product_tag-stoelen-2","16":"product_tag-restaurant-meubels","17":"product_tag-horeca-stoelen","18":"product_tag-chaises-2","19":"product_tag-chaises-industrielles","20":"product_tag-chaises-horeca","21":"product_tag-chairs-2","22":"product_tag-industrial-chairs","23":"product_tag-horeca-chairs","24":"product_tag-st-hle","25":"product_tag-industriest-hle","26":"product_tag-horeca-st-hle","27":"pa_armrest-armrest-oui-fr","28":"pa_frame-non-empilable-frame-fr","29":"pa_product-color-color-anthracite-fr","30":"pa_product-frame-color-noir-framecolor-fr","31":"pa_product-material-cadre-en-metal-material-fr","32":"pa_product-more-colors-oui-fr","33":"pa_product-seat-depth-cm-3750-seat-depth-cm-fr","34":"pa_product-seat-height-cm-50-seat-height-cm-fr","35":"pa_product-seat-width-cm-46-seat-width-cm-fr","36":"pa_product-seats-1-seats-fr","37":"pa_product-upholstery-upholstery-microfibre-fr","38":"pa_product-usage-usage-interieur-fr","40":"first","41":"outofstock","42":"sale","43":"taxable","44":"shipping-taxable","45":"purchasable","46":"product-type-simple"},"_links":{"self":[{"href":"https:\/\/horecacenter.com\/fr\/wp-json\/wp\/v2\/product\/165474","targetHints":{"allow":["GET"]}}],"collection":[{"href":"https:\/\/horecacenter.com\/fr\/wp-json\/wp\/v2\/product"}],"about":[{"href":"https:\/\/horecacenter.com\/fr\/wp-json\/wp\/v2\/types\/product"}],"replies":[{"embeddable":true,"href":"https:\/\/horecacenter.com\/fr\/wp-json\/wp\/v2\/comments?post=165474"}],"version-history":[{"count":3,"href":"https:\/\/horecacenter.com\/fr\/wp-json\/wp\/v2\/product\/165474\/revisions"}],"predecessor-version":[{"id":189731,"href":"https:\/\/horecacenter.com\/fr\/wp-json\/wp\/v2\/product\/165474\/revisions\/189731"}],"wp:featuredmedia":[{"embeddable":true,"href":"https:\/\/horecacenter.com\/fr\/wp-json\/wp\/v2\/media\/140294"}],"wp:attachment":[{"href":"https:\/\/horecacenter.com\/fr\/wp-json\/wp\/v2\/media?parent=165474"}],"wp:term":[{"taxonomy":"product_brand","embeddable":true,"href":"https:\/\/horecacenter.com\/fr\/wp-json\/wp\/v2\/product_brand?post=165474"},{"taxonomy":"product_cat","embeddable":true,"href":"https:\/\/horecacenter.com\/fr\/wp-json\/wp\/v2\/product_cat?post=165474"},{"taxonomy":"product_tag","embeddable":true,"href":"https:\/\/horecacenter.com\/fr\/wp-json\/wp\/v2\/product_tag?post=165474"}],"curies":[{"name":"wp","href":"https:\/\/api.w.org\/{rel}","templated":true}]}}