{"id":166227,"date":"2025-11-28T09:10:56","date_gmt":"2025-11-28T09:10:56","guid":{"rendered":"https:\/\/horecacenter.com\/?post_type=product&#038;p=166227"},"modified":"2026-03-13T13:37:42","modified_gmt":"2026-03-13T13:37:42","slug":"chaise-de-restaurant-alessia-simili-cuir-brun","status":"publish","type":"product","link":"https:\/\/horecacenter.com\/fr\/produit\/chaise-de-restaurant-alessia-simili-cuir-brun\/","title":{"rendered":"Chaise de Restaurant &#8211; ALESSIA &#8211; Simili Cuir Brun"},"content":{"rendered":"<p>Cette chaise horeca est rev\u00eatue de <strong>similicuir brun<\/strong>, un mat\u00e9riau durable reconnu pour son entretien facile et son apparence \u00e9l\u00e9gante. Le similicuir est souvent utilis\u00e9 dans les restaurants, caf\u00e9s et h\u00f4tels gr\u00e2ce \u00e0 sa r\u00e9sistance et sa facilit\u00e9 de nettoyage. Il reste ainsi pratique et esth\u00e9tique m\u00eame en cas d\u2019utilisation intensive.<\/p>\n<p><strong>Chaise Horeca \u00c9l\u00e9gante au Design Intemporel<\/strong><\/p>\n<p>La <strong>Chaise Horeca ALESSIA \u2013 Similicuir Brun<\/strong> associe un design classique \u00e0 une assise confortable. Le dossier en bois au style \u00e9pur\u00e9 apporte une touche chaleureuse et \u00e9l\u00e9gante. Cette chaise s\u2019int\u00e8gre parfaitement dans les restaurants, bistrots et caf\u00e9s qui recherchent une atmosph\u00e8re intemporelle. La structure en bois robuste garantit stabilit\u00e9 et durabilit\u00e9 pour une utilisation quotidienne. Elle constitue ainsi un excellent choix pour les \u00e9tablissements horeca qui souhaitent combiner confort et style authentique. Pour l\u2019entretien, nettoyez simplement le similicuir avec un chiffon doux l\u00e9g\u00e8rement humide. \u00c9vitez les produits agressifs afin de pr\u00e9server la couleur et la texture du mat\u00e9riau. Vous lancez un projet horeca ou souhaitez renouveler votre int\u00e9rieur ? Contactez-nous par <strong>T\u00e9l\u00e9phone<\/strong>, <strong>WhatsApp<\/strong> ou <strong>e-mail<\/strong> ou visitez notre showroom pour un conseil professionnel.<\/p>\n<p><span style=\"color: #000000;\"><strong>Informations suppl\u00e9mentaires :<\/strong><\/span><\/p>\n<ul>\n<li><span style=\"color: #000000;\">Livr\u00e9 avec un clou de glissement en plastique standard.<\/span><\/li>\n<li><span style=\"color: #000000;\">Livr\u00e9 enti\u00e8rement pr\u00eat \u00e0 l&#8217;emploi.<\/span><\/li>\n<li><span style=\"color: #000000;\">Produit europ\u00e9en garantie.<\/span><\/li>\n<li><span style=\"color: #000000;\">1 an de garantie.<\/span><\/li>\n<\/ul>\n","protected":false},"excerpt":{"rendered":"<p>Cette chaise horeca est rev\u00eatue de similicuir brun, un mat\u00e9riau durable reconnu pour son entretien facile et son apparence \u00e9l\u00e9gante.<\/p>\n","protected":false},"featured_media":126587,"comment_status":"open","ping_status":"closed","template":"","meta":[],"product_brand":[],"product_cat":[10048],"product_tag":[10579,10590,10580,10591,10581,10592,10582,10593,10583,10584,10585,10586,10587,10588,10578,10589],"class_list":{"0":"post-166227","1":"product","2":"type-product","3":"status-publish","4":"has-post-thumbnail","6":"product_cat-chaises-classiques","7":"product_tag-horeca-stoelen","8":"product_tag-st-hle","9":"product_tag-restaurant-stoelen","10":"product_tag-industriest-hle","11":"product_tag-industrieel-stoelen","12":"product_tag-restaurantst-hle","13":"product_tag-chaises-2","14":"product_tag-horeca-st-hle","15":"product_tag-chaises-industrielles","16":"product_tag-chaises-de-restaurant","17":"product_tag-chaises-horeca","18":"product_tag-chairs-2","19":"product_tag-industrial-chairs","20":"product_tag-restaurant-chairs","21":"product_tag-stoelen-2","22":"product_tag-horeca-chairs","23":"pa_armrest-armrest-non-fr","24":"pa_frame-non-empilable-frame-fr","25":"pa_product-color-color-brun-fr","26":"pa_product-frame-color-wenge-frame-color-fr","27":"pa_product-material-material-cadre-en-bois-fr","28":"pa_product-more-colors-oui-fr","29":"pa_product-seat-cm-40x39-seat-cm-fr","30":"pa_product-seat-height-cm-50-seat-height-cm-fr","31":"pa_product-seat-width-cm-41-50-seat-width-cm-fr","32":"pa_product-seats-1-seats-fr","33":"pa_product-upholstery-upholstery-simili-cuir-fr","34":"pa_product-usage-usage-interieur-fr","36":"first","37":"outofstock","38":"sale","39":"taxable","40":"shipping-taxable","41":"purchasable","42":"product-type-simple"},"_links":{"self":[{"href":"https:\/\/horecacenter.com\/fr\/wp-json\/wp\/v2\/product\/166227","targetHints":{"allow":["GET"]}}],"collection":[{"href":"https:\/\/horecacenter.com\/fr\/wp-json\/wp\/v2\/product"}],"about":[{"href":"https:\/\/horecacenter.com\/fr\/wp-json\/wp\/v2\/types\/product"}],"replies":[{"embeddable":true,"href":"https:\/\/horecacenter.com\/fr\/wp-json\/wp\/v2\/comments?post=166227"}],"version-history":[{"count":3,"href":"https:\/\/horecacenter.com\/fr\/wp-json\/wp\/v2\/product\/166227\/revisions"}],"predecessor-version":[{"id":189757,"href":"https:\/\/horecacenter.com\/fr\/wp-json\/wp\/v2\/product\/166227\/revisions\/189757"}],"wp:featuredmedia":[{"embeddable":true,"href":"https:\/\/horecacenter.com\/fr\/wp-json\/wp\/v2\/media\/126587"}],"wp:attachment":[{"href":"https:\/\/horecacenter.com\/fr\/wp-json\/wp\/v2\/media?parent=166227"}],"wp:term":[{"taxonomy":"product_brand","embeddable":true,"href":"https:\/\/horecacenter.com\/fr\/wp-json\/wp\/v2\/product_brand?post=166227"},{"taxonomy":"product_cat","embeddable":true,"href":"https:\/\/horecacenter.com\/fr\/wp-json\/wp\/v2\/product_cat?post=166227"},{"taxonomy":"product_tag","embeddable":true,"href":"https:\/\/horecacenter.com\/fr\/wp-json\/wp\/v2\/product_tag?post=166227"}],"curies":[{"name":"wp","href":"https:\/\/api.w.org\/{rel}","templated":true}]}}