{"id":166321,"date":"2025-11-24T12:48:52","date_gmt":"2025-11-24T12:48:52","guid":{"rendered":"https:\/\/horecacenter.com\/?post_type=product&#038;p=166321"},"modified":"2026-01-06T11:22:07","modified_gmt":"2026-01-06T11:22:07","slug":"chaise-empilable-avec-accoudoirs-pour-terrasse-de-restaurant-volga-aluminium-rotin-vert","status":"publish","type":"product","link":"https:\/\/horecacenter.com\/fr\/produit\/chaise-empilable-avec-accoudoirs-pour-terrasse-de-restaurant-volga-aluminium-rotin-vert\/","title":{"rendered":"Chaise de Terrasse VOLGA &#8211; Avec Accoudoirs &#8211; Empilable &#8211; Rotin Vert"},"content":{"rendered":"<p><span style=\"color: #000000;\">D\u00e9couvrez cette \u00e9l\u00e9gante chaise de terrasse, fabriqu\u00e9e en aluminium durable avec un look rotin tendance, parfaite pour une utilisation dans divers espaces ext\u00e9rieurs, disponible en plusieurs couleurs. Cette chaise est l\u00e9g\u00e8re, empilable et facile \u00e0 entretenir, id\u00e9ale pour une utilisation intensive en terrasse. La chaise de terrasse Volga allie design moderne et \u00e9l\u00e9ments naturels. Avec un cadre soud\u00e9 robuste enduit de poudre et un si\u00e8ge confortable en rotin en aluminium authentique, cette chaise offre durabilit\u00e9 et style. Cette chaise de terrasse apporte une atmosph\u00e8re moderne et accueillante \u00e0 tout caf\u00e9, restaurant ou \u00e9tablissement h\u00f4telier. Avec son assise confortable et son apparence \u00e9l\u00e9gante, elle offre non seulement fonctionnalit\u00e9, mais aussi une touche raffin\u00e9e \u00e0 votre d\u00e9coration d&rsquo;accueil. Ce fauteuil est le choix id\u00e9al pour ceux qui recherchent un m\u00e9lange de fonctionnalit\u00e9 et d&rsquo;attrait esth\u00e9tique.<\/span><\/p>\n<p><span style=\"color: #000000;\"><strong>Informations suppl\u00e9mentaires :<\/strong><\/span><\/p>\n<ul>\n<li><span style=\"color: #000000;\">Dossier incurv\u00e9 pour plus de confort.<\/span><\/li>\n<li><span style=\"color: #000000;\">Nettoyez avec un chiffon humide.<\/span><\/li>\n<li><span style=\"color: #000000;\">\u00c0 conserver dans un endroit sec pendant les mois\u00a0d&rsquo;hiver.<\/span><\/li>\n<\/ul>\n","protected":false},"excerpt":{"rendered":"<p>D\u00e9couvrez cette \u00e9l\u00e9gante chaise de terrasse, fabriqu\u00e9e en aluminium durable avec un look rotin tendance, parfaite pour une utilisation dans<\/p>\n","protected":false},"featured_media":92669,"comment_status":"closed","ping_status":"closed","template":"","meta":[],"product_brand":[],"product_cat":[9784,17953],"product_tag":[],"class_list":{"0":"post-166321","1":"product","2":"type-product","3":"status-publish","4":"has-post-thumbnail","6":"product_cat-chaises-de-terrasse","7":"product_cat-chaises-de-terrasse-indoor-category","8":"pa_armrest-armrest-oui-fr","9":"pa_buisstructuur-cm-210x015-3x015-buisstructuur-cm-fr","10":"pa_frame-empilable-frame-fr","11":"pa_product-arm-height-cm-6350-arm-height-cm-fr","12":"pa_product-color-color-vert-fr","13":"pa_product-frame-color-noir-framecolor-fr","14":"pa_product-material-material-aluminium-fr","15":"pa_product-material-material-rotin","16":"pa_product-more-colors-oui-fr","17":"pa_product-seat-depth-cm-4450-seat-depth-cm-fr","18":"pa_product-seat-height-cm-43-seat-height-cm-fr","19":"pa_product-seat-width-cm-38-seat-width-cm-fr","20":"pa_product-seats-1-seats-fr","21":"pa_product-usage-usage-interieur-fr","22":"pa_product-usage-usage-exterieur-fr","24":"first","25":"outofstock","26":"sale","27":"taxable","28":"shipping-taxable","29":"purchasable","30":"product-type-simple"},"_links":{"self":[{"href":"https:\/\/horecacenter.com\/fr\/wp-json\/wp\/v2\/product\/166321","targetHints":{"allow":["GET"]}}],"collection":[{"href":"https:\/\/horecacenter.com\/fr\/wp-json\/wp\/v2\/product"}],"about":[{"href":"https:\/\/horecacenter.com\/fr\/wp-json\/wp\/v2\/types\/product"}],"replies":[{"embeddable":true,"href":"https:\/\/horecacenter.com\/fr\/wp-json\/wp\/v2\/comments?post=166321"}],"version-history":[{"count":4,"href":"https:\/\/horecacenter.com\/fr\/wp-json\/wp\/v2\/product\/166321\/revisions"}],"predecessor-version":[{"id":171799,"href":"https:\/\/horecacenter.com\/fr\/wp-json\/wp\/v2\/product\/166321\/revisions\/171799"}],"wp:featuredmedia":[{"embeddable":true,"href":"https:\/\/horecacenter.com\/fr\/wp-json\/wp\/v2\/media\/92669"}],"wp:attachment":[{"href":"https:\/\/horecacenter.com\/fr\/wp-json\/wp\/v2\/media?parent=166321"}],"wp:term":[{"taxonomy":"product_brand","embeddable":true,"href":"https:\/\/horecacenter.com\/fr\/wp-json\/wp\/v2\/product_brand?post=166321"},{"taxonomy":"product_cat","embeddable":true,"href":"https:\/\/horecacenter.com\/fr\/wp-json\/wp\/v2\/product_cat?post=166321"},{"taxonomy":"product_tag","embeddable":true,"href":"https:\/\/horecacenter.com\/fr\/wp-json\/wp\/v2\/product_tag?post=166321"}],"curies":[{"name":"wp","href":"https:\/\/api.w.org\/{rel}","templated":true}]}}