{"id":166642,"date":"2025-11-28T13:21:03","date_gmt":"2025-11-28T13:21:03","guid":{"rendered":"https:\/\/horecacenter.com\/?post_type=product&#038;p=166642"},"modified":"2026-03-16T10:48:48","modified_gmt":"2026-03-16T10:48:48","slug":"chaise-de-restaurant-tara-simili-cuir-bordeaux","status":"publish","type":"product","link":"https:\/\/horecacenter.com\/fr\/produit\/chaise-de-restaurant-tara-simili-cuir-bordeaux\/","title":{"rendered":"Chaise de Restaurant &#8211; TARA &#8211; Simili Cuir Bordeaux"},"content":{"rendered":"<p>Cette chaise horeca est rev\u00eatue de <strong>simili cuir bordeaux<\/strong>, un mat\u00e9riau durable reconnu pour son entretien facile et son apparence \u00e9l\u00e9gante. Le similicuir est souvent utilis\u00e9 dans les restaurants, caf\u00e9s et h\u00f4tels gr\u00e2ce \u00e0 sa r\u00e9sistance et sa facilit\u00e9 de nettoyage. Ainsi, la chaise reste esth\u00e9tique et pratique m\u00eame en cas d\u2019utilisation intensive.<\/p>\n<p><strong>Chaise Horeca \u00c9l\u00e9gante au Style Moderne<\/strong><\/p>\n<p>La <strong>Chaise Horeca TARA \u2013 Simili cuir Bordeaux<\/strong> associe un design moderne \u00e0 une assise confortable. La couleur bordeaux profonde apporte une ambiance chaleureuse et luxueuse dans les restaurants, bistrots et h\u00f4tels. Son style minimaliste permet de l\u2019int\u00e9grer facilement dans diff\u00e9rents concepts d\u2019int\u00e9rieur. La structure solide assure stabilit\u00e9 et durabilit\u00e9 pour une utilisation quotidienne. Cette chaise constitue un excellent choix pour les \u00e9tablissements horeca recherchant confort et style. Pour l\u2019entretien du similicuir, nettoyez simplement l\u2019assise avec un chiffon doux l\u00e9g\u00e8rement humide. \u00c9vitez les produits agressifs afin de pr\u00e9server la couleur et la texture. Vous d\u00e9marrez un projet horeca ou souhaitez renouveler votre int\u00e9rieur ? Contactez-nous par <strong>T\u00e9l\u00e9phone<\/strong>, <strong>WhatsApp<\/strong> ou <strong>e-mail<\/strong> ou visitez notre showroom pour un conseil professionnel.<\/p>\n<p><span style=\"color: #000000;\"><strong>Informations suppl\u00e9mentaires :<\/strong><\/span><\/p>\n<ul>\n<li><span style=\"color: #000000;\">Livr\u00e9 avec un clou de glissement en plastique standard.<\/span><\/li>\n<li><span style=\"color: #000000;\">Livr\u00e9 enti\u00e8rement pr\u00eat \u00e0 l&#8217;emploi.<\/span><\/li>\n<li><span style=\"color: #000000;\">Produit europ\u00e9en garantie.<\/span><\/li>\n<li><span style=\"color: #000000;\">1 an de garantie.<\/span><\/li>\n<\/ul>\n","protected":false},"excerpt":{"rendered":"<p>Cette chaise horeca est rev\u00eatue de simili cuir bordeaux, un mat\u00e9riau durable reconnu pour son entretien facile et son apparence<\/p>\n","protected":false},"featured_media":149739,"comment_status":"closed","ping_status":"closed","template":"","meta":[],"product_brand":[],"product_cat":[9856],"product_tag":[10535,10540,10580,10584,10588,10592,10610,10651],"class_list":{"0":"post-166642","1":"product","2":"type-product","3":"status-publish","4":"has-post-thumbnail","6":"product_cat-chaises-en-cuir","7":"product_tag-horeca-m-bel","8":"product_tag-horeca-furniture","9":"product_tag-restaurant-stoelen","10":"product_tag-chaises-de-restaurant","11":"product_tag-restaurant-chairs","12":"product_tag-restaurantst-hle","13":"product_tag-meubles-horeca","14":"product_tag-horeca-inrichting","15":"pa_armrest-armrest-non-fr","16":"pa_frame-non-empilable-frame-fr","17":"pa_product-color-color-bordeaux-fr","18":"pa_product-frame-color-wenge-frame-color-fr","19":"pa_product-material-material-cadre-en-bois-fr","20":"pa_product-more-colors-oui-fr","21":"pa_product-more-dimensions-oui-fr","22":"pa_product-seat-cm-45x45-seat-cm-fr","23":"pa_product-seat-height-cm-49-seat-height-cm-fr","24":"pa_product-seat-width-cm-44-50-seat-width-cm-fr","25":"pa_product-seats-1-seats-fr","26":"pa_product-upholstery-upholstery-simili-cuir-fr","27":"pa_product-usage-usage-interieur-fr","29":"first","30":"instock","31":"sale","32":"taxable","33":"shipping-taxable","34":"purchasable","35":"product-type-simple"},"_links":{"self":[{"href":"https:\/\/horecacenter.com\/fr\/wp-json\/wp\/v2\/product\/166642","targetHints":{"allow":["GET"]}}],"collection":[{"href":"https:\/\/horecacenter.com\/fr\/wp-json\/wp\/v2\/product"}],"about":[{"href":"https:\/\/horecacenter.com\/fr\/wp-json\/wp\/v2\/types\/product"}],"replies":[{"embeddable":true,"href":"https:\/\/horecacenter.com\/fr\/wp-json\/wp\/v2\/comments?post=166642"}],"version-history":[{"count":3,"href":"https:\/\/horecacenter.com\/fr\/wp-json\/wp\/v2\/product\/166642\/revisions"}],"predecessor-version":[{"id":189825,"href":"https:\/\/horecacenter.com\/fr\/wp-json\/wp\/v2\/product\/166642\/revisions\/189825"}],"wp:featuredmedia":[{"embeddable":true,"href":"https:\/\/horecacenter.com\/fr\/wp-json\/wp\/v2\/media\/149739"}],"wp:attachment":[{"href":"https:\/\/horecacenter.com\/fr\/wp-json\/wp\/v2\/media?parent=166642"}],"wp:term":[{"taxonomy":"product_brand","embeddable":true,"href":"https:\/\/horecacenter.com\/fr\/wp-json\/wp\/v2\/product_brand?post=166642"},{"taxonomy":"product_cat","embeddable":true,"href":"https:\/\/horecacenter.com\/fr\/wp-json\/wp\/v2\/product_cat?post=166642"},{"taxonomy":"product_tag","embeddable":true,"href":"https:\/\/horecacenter.com\/fr\/wp-json\/wp\/v2\/product_tag?post=166642"}],"curies":[{"name":"wp","href":"https:\/\/api.w.org\/{rel}","templated":true}]}}