{"id":166727,"date":"2025-11-28T13:46:38","date_gmt":"2025-11-28T13:46:38","guid":{"rendered":"https:\/\/horecacenter.com\/?post_type=product&#038;p=166727"},"modified":"2026-03-25T09:30:30","modified_gmt":"2026-03-25T09:30:30","slug":"pouf-de-restaurant-rond-simili-cuir-taupe","status":"publish","type":"product","link":"https:\/\/horecacenter.com\/fr\/produit\/pouf-de-restaurant-rond-simili-cuir-taupe\/","title":{"rendered":"Pouf de Restaurant &#8211; Rond &#8211; Simili Cuir Taupe"},"content":{"rendered":"<p>Ce pouf est recouvert de <strong>similicuir taupe<\/strong>, un mat\u00e9riau durable et facile d\u2019entretien. Il offre une apparence \u00e9l\u00e9gante et convient parfaitement \u00e0 un usage intensif.<\/p>\n<p><strong>Pouf Horeca Moderne et Compact<\/strong><\/p>\n<p>Ce pouf rond en similicuir, disponible en taupe et noir, est un meuble polyvalent. Sa structure assure stabilit\u00e9 et un style contemporain. Le <strong>Pouf Horeca \u2013 Rond \u2013 Similicuir Taupe<\/strong> offre une assise confortable et \u00e9l\u00e9gante. Id\u00e9al pour caf\u00e9s et restaurants. Gr\u00e2ce \u00e0 son format compact, il est facile \u00e0 d\u00e9placer. Id\u00e9al pour cr\u00e9er des places assises suppl\u00e9mentaires rapidement. Pour l\u2019entretien, nettoyer avec un chiffon doux l\u00e9g\u00e8rement humide. \u00c9vitez les produits agressifs pour pr\u00e9server la qualit\u00e9.<\/p>\n","protected":false},"excerpt":{"rendered":"<p>Ce pouf est recouvert de similicuir taupe, un mat\u00e9riau durable et facile d\u2019entretien. Il offre une apparence \u00e9l\u00e9gante et convient<\/p>\n","protected":false},"featured_media":72199,"comment_status":"open","ping_status":"closed","template":"","meta":[],"product_brand":[],"product_cat":[9804],"product_tag":[10540,10610,10651,10660,10664,10665,10927,10533,10534,10535],"class_list":{"0":"post-166727","1":"product","2":"type-product","3":"status-publish","4":"has-post-thumbnail","6":"product_cat-pouf-2","7":"product_tag-horeca-furniture","8":"product_tag-meubles-horeca","9":"product_tag-horeca-inrichting","10":"product_tag-restaurant-meubelen","11":"product_tag-restaurant-furniture","12":"product_tag-restaurant-m-bel","13":"product_tag-restaurant-inrichting","14":"product_tag-horeca-meubelen","15":"product_tag-meuble-horeca","16":"product_tag-horeca-m-bel","17":"pa_frame-non-empilable-frame-fr","18":"pa_product-color-color-taupe-fr","19":"pa_product-frame-color-noir-framecolor-fr","20":"pa_product-more-colors-oui-fr","21":"pa_product-more-dimensions-oui-fr","22":"pa_product-seat-height-cm-45-seat-height-cm-fr","23":"pa_product-seat-width-cm-37-seat-width-cm-fr","24":"pa_product-seats-1-seats-fr","25":"pa_product-upholstery-upholstery-simili-cuir-fr","26":"pa_product-usage-usage-interieur-fr","28":"first","29":"outofstock","30":"sale","31":"taxable","32":"shipping-taxable","33":"purchasable","34":"product-type-simple"},"_links":{"self":[{"href":"https:\/\/horecacenter.com\/fr\/wp-json\/wp\/v2\/product\/166727","targetHints":{"allow":["GET"]}}],"collection":[{"href":"https:\/\/horecacenter.com\/fr\/wp-json\/wp\/v2\/product"}],"about":[{"href":"https:\/\/horecacenter.com\/fr\/wp-json\/wp\/v2\/types\/product"}],"replies":[{"embeddable":true,"href":"https:\/\/horecacenter.com\/fr\/wp-json\/wp\/v2\/comments?post=166727"}],"version-history":[{"count":3,"href":"https:\/\/horecacenter.com\/fr\/wp-json\/wp\/v2\/product\/166727\/revisions"}],"predecessor-version":[{"id":191302,"href":"https:\/\/horecacenter.com\/fr\/wp-json\/wp\/v2\/product\/166727\/revisions\/191302"}],"wp:featuredmedia":[{"embeddable":true,"href":"https:\/\/horecacenter.com\/fr\/wp-json\/wp\/v2\/media\/72199"}],"wp:attachment":[{"href":"https:\/\/horecacenter.com\/fr\/wp-json\/wp\/v2\/media?parent=166727"}],"wp:term":[{"taxonomy":"product_brand","embeddable":true,"href":"https:\/\/horecacenter.com\/fr\/wp-json\/wp\/v2\/product_brand?post=166727"},{"taxonomy":"product_cat","embeddable":true,"href":"https:\/\/horecacenter.com\/fr\/wp-json\/wp\/v2\/product_cat?post=166727"},{"taxonomy":"product_tag","embeddable":true,"href":"https:\/\/horecacenter.com\/fr\/wp-json\/wp\/v2\/product_tag?post=166727"}],"curies":[{"name":"wp","href":"https:\/\/api.w.org\/{rel}","templated":true}]}}