{"id":166777,"date":"2025-11-28T14:02:43","date_gmt":"2025-11-28T14:02:43","guid":{"rendered":"https:\/\/horecacenter.com\/?post_type=product&#038;p=166777"},"modified":"2026-03-25T09:24:49","modified_gmt":"2026-03-25T09:24:49","slug":"pouf-de-restaurant-carre-microfibre-vintage-cognac","status":"publish","type":"product","link":"https:\/\/horecacenter.com\/fr\/produit\/pouf-de-restaurant-carre-microfibre-vintage-cognac\/","title":{"rendered":"Pouf de Restaurant &#8211; Carr\u00e9 &#8211; Microfibre  Cognac"},"content":{"rendered":"<p>Ce pouf est recouvert de <strong>microfibre vintage cognac<\/strong>, une mati\u00e8re douce et durable offrant une apparence chaleureuse et \u00e9l\u00e9gante. Il est parfaitement adapt\u00e9 \u00e0 un usage intensif.<\/p>\n<p><strong>Pouf Horeca \u00c9l\u00e9gant et Compact<\/strong><\/p>\n<p>Ce pouf carr\u00e9, disponible en cognac, brun et anthracite, combine style et confort. Sa structure assure stabilit\u00e9 et un design moderne. Le <strong>Pouf Horeca \u2013 Carr\u00e9 \u2013 Microfibre Vintage Cognac<\/strong> est id\u00e9al comme si\u00e8ge d\u2019appoint ou \u00e9l\u00e9ment d\u00e9coratif. Parfait pour caf\u00e9s et restaurants. Gr\u00e2ce \u00e0 son format compact, il est facile \u00e0 d\u00e9placer. Id\u00e9al pour cr\u00e9er rapidement des places assises suppl\u00e9mentaires. Pour l\u2019entretien, nettoyer avec une brosse douce ou un chiffon l\u00e9g\u00e8rement humide. \u00c9vitez les produits agressifs.<\/p>\n","protected":false},"excerpt":{"rendered":"<p>Ce pouf est recouvert de microfibre vintage cognac, une mati\u00e8re douce et durable offrant une apparence chaleureuse et \u00e9l\u00e9gante. Il<\/p>\n","protected":false},"featured_media":74568,"comment_status":"open","ping_status":"closed","template":"","meta":[],"product_brand":[],"product_cat":[10164,9804],"product_tag":[10610,10651,10660,10664,10665,10927,10533,10535,10540],"class_list":{"0":"post-166777","1":"product","2":"type-product","3":"status-publish","4":"has-post-thumbnail","6":"product_cat-vintage-pouf-2","7":"product_cat-pouf-2","8":"product_tag-meubles-horeca","9":"product_tag-horeca-inrichting","10":"product_tag-restaurant-meubelen","11":"product_tag-restaurant-furniture","12":"product_tag-restaurant-m-bel","13":"product_tag-restaurant-inrichting","14":"product_tag-horeca-meubelen","15":"product_tag-horeca-m-bel","16":"product_tag-horeca-furniture","17":"pa_frame-non-empilable-frame-fr","18":"pa_product-color-color-cognac-fr","19":"pa_product-frame-color-noir-framecolor-fr","20":"pa_product-more-colors-oui-fr","21":"pa_product-more-dimensions-oui-fr","22":"pa_product-seat-height-cm-45-seat-height-cm-fr","23":"pa_product-seat-width-cm-37-seat-width-cm-fr","24":"pa_product-seats-1-seats-fr","25":"pa_product-upholstery-upholstery-microfibre-fr","26":"pa_product-usage-usage-interieur-fr","28":"first","29":"instock","30":"sale","31":"taxable","32":"shipping-taxable","33":"purchasable","34":"product-type-simple"},"_links":{"self":[{"href":"https:\/\/horecacenter.com\/fr\/wp-json\/wp\/v2\/product\/166777","targetHints":{"allow":["GET"]}}],"collection":[{"href":"https:\/\/horecacenter.com\/fr\/wp-json\/wp\/v2\/product"}],"about":[{"href":"https:\/\/horecacenter.com\/fr\/wp-json\/wp\/v2\/types\/product"}],"replies":[{"embeddable":true,"href":"https:\/\/horecacenter.com\/fr\/wp-json\/wp\/v2\/comments?post=166777"}],"version-history":[{"count":3,"href":"https:\/\/horecacenter.com\/fr\/wp-json\/wp\/v2\/product\/166777\/revisions"}],"predecessor-version":[{"id":191295,"href":"https:\/\/horecacenter.com\/fr\/wp-json\/wp\/v2\/product\/166777\/revisions\/191295"}],"wp:featuredmedia":[{"embeddable":true,"href":"https:\/\/horecacenter.com\/fr\/wp-json\/wp\/v2\/media\/74568"}],"wp:attachment":[{"href":"https:\/\/horecacenter.com\/fr\/wp-json\/wp\/v2\/media?parent=166777"}],"wp:term":[{"taxonomy":"product_brand","embeddable":true,"href":"https:\/\/horecacenter.com\/fr\/wp-json\/wp\/v2\/product_brand?post=166777"},{"taxonomy":"product_cat","embeddable":true,"href":"https:\/\/horecacenter.com\/fr\/wp-json\/wp\/v2\/product_cat?post=166777"},{"taxonomy":"product_tag","embeddable":true,"href":"https:\/\/horecacenter.com\/fr\/wp-json\/wp\/v2\/product_tag?post=166777"}],"curies":[{"name":"wp","href":"https:\/\/api.w.org\/{rel}","templated":true}]}}