{"id":167256,"date":"2025-11-29T06:50:22","date_gmt":"2025-11-29T06:50:22","guid":{"rendered":"https:\/\/horecacenter.com\/?post_type=product&#038;p=167256"},"modified":"2026-03-16T12:32:42","modified_gmt":"2026-03-16T12:32:42","slug":"chaise-de-restaurant-basic-simili-cuir-bordeaux","status":"publish","type":"product","link":"https:\/\/horecacenter.com\/fr\/produit\/chaise-de-restaurant-basic-simili-cuir-bordeaux\/","title":{"rendered":"Chaise de Restaurant &#8211; BASIC &#8211; Simili Cuir Bordeaux"},"content":{"rendered":"<p>Cette chaise \u00e9l\u00e9gante est rev\u00eatue de <strong>similicuir Bronco bordeaux<\/strong>, un mat\u00e9riau de haute qualit\u00e9 qui combine l\u2019apparence du cuir v\u00e9ritable avec les avantages pratiques des mat\u00e9riaux synth\u00e9tiques. Le tissu Bronco est reconnu pour sa durabilit\u00e9, son entretien facile et son confort. Il constitue donc un excellent choix pour le mobilier horeca utilis\u00e9 intensivement.<\/p>\n<p><strong>Chaise Horeca \u00c9l\u00e9gante avec Confort<\/strong><\/p>\n<p>La <strong>Chaise Horeca BASIC \u2013 Similicuir Bordeaux<\/strong> associe un design moderne \u00e0 une assise confortable. Le cadre en h\u00eatre noir apporte une base solide et une finition \u00e9l\u00e9gante. Le similicuir de haute qualit\u00e9 garantit une assise douce et durable, id\u00e9ale pour les restaurants, caf\u00e9s et \u00e9tablissements horeca. Les chaises pour votre \u00e9tablissement existent dans de nombreuses formes, tailles et couleurs. Horeca Center propose une large s\u00e9lection avec diff\u00e9rents mat\u00e9riaux, styles et niveaux de confort. Vous pouvez choisir entre bois, m\u00e9tal ou diff\u00e9rentes couleurs selon votre int\u00e9rieur.<\/p>\n<p><strong>Tissu Bronco :<\/strong> le Bronco est un type de similicuir qui combine l\u2019esth\u00e9tique du cuir v\u00e9ritable avec les avantages pratiques des mat\u00e9riaux synth\u00e9tiques. Il est durable, facile \u00e0 entretenir et confortable, ce qui en fait un choix populaire pour les chaises et autres meubles.<\/p>\n<p>Vous recherchez du mobilier horeca sur mesure ou des conseils professionnels ? Horeca Center est \u00e0 votre disposition. Contactez-nous par <strong>T\u00e9l\u00e9phone<\/strong>, <strong>WhatsApp<\/strong> ou <strong>e-mail<\/strong> ou visitez notre showroom.<\/p>\n<p><span style=\"color: #000000;\"><strong>Informations suppl\u00e9mentaires :<\/strong><\/span><\/p>\n<ul>\n<li><span style=\"color: #000000;\">Livr\u00e9 avec un clou de glissement en plastique standard.<\/span><\/li>\n<li><span style=\"color: #000000;\">Livr\u00e9 enti\u00e8rement pr\u00eat \u00e0 l&#8217;emploi.<\/span><\/li>\n<li><span style=\"color: #000000;\">Produit europ\u00e9en garantie.<\/span><\/li>\n<li><span style=\"color: #000000;\">1 an de garantie.<\/span><\/li>\n<\/ul>\n","protected":false},"excerpt":{"rendered":"<p>Cette chaise \u00e9l\u00e9gante est rev\u00eatue de similicuir Bronco bordeaux, un mat\u00e9riau de haute qualit\u00e9 qui combine l\u2019apparence du cuir v\u00e9ritable<\/p>\n","protected":false},"featured_media":72392,"comment_status":"open","ping_status":"closed","template":"","meta":[],"product_brand":[],"product_cat":[9856],"product_tag":[10593,10610,10651,10652,10653,10654,10655,10533,10656,10535,10540,10579,10580,10584,10585,10588,10589],"class_list":{"0":"post-167256","1":"product","2":"type-product","3":"status-publish","4":"has-post-thumbnail","6":"product_cat-chaises-en-cuir","7":"product_tag-horeca-st-hle","8":"product_tag-meubles-horeca","9":"product_tag-horeca-inrichting","10":"product_tag-stoel","11":"product_tag-stuhl","12":"product_tag-restaurant-st-hle","13":"product_tag-chair-2","14":"product_tag-horeca-meubelen","15":"product_tag-chaise","16":"product_tag-horeca-m-bel","17":"product_tag-horeca-furniture","18":"product_tag-horeca-stoelen","19":"product_tag-restaurant-stoelen","20":"product_tag-chaises-de-restaurant","21":"product_tag-chaises-horeca","22":"product_tag-restaurant-chairs","23":"product_tag-horeca-chairs","24":"pa_armrest-armrest-non-fr","25":"pa_frame-non-empilable-frame-fr","26":"pa_product-color-color-bordeaux-fr","27":"pa_product-frame-color-noir-framecolor-fr","28":"pa_product-material-material-cadre-en-bois-fr","29":"pa_product-more-colors-oui-fr","30":"pa_product-seat-cm-42x42-seat-cm-fr","31":"pa_product-seat-height-cm-50-seat-height-cm-fr","32":"pa_product-seat-width-cm-45-seat-width-cm-fr","33":"pa_product-seats-1-seats-fr","34":"pa_product-upholstery-upholstery-simili-cuir-fr","35":"pa_product-usage-usage-interieur-fr","37":"first","38":"instock","39":"sale","40":"featured","41":"taxable","42":"shipping-taxable","43":"purchasable","44":"product-type-simple"},"_links":{"self":[{"href":"https:\/\/horecacenter.com\/fr\/wp-json\/wp\/v2\/product\/167256","targetHints":{"allow":["GET"]}}],"collection":[{"href":"https:\/\/horecacenter.com\/fr\/wp-json\/wp\/v2\/product"}],"about":[{"href":"https:\/\/horecacenter.com\/fr\/wp-json\/wp\/v2\/types\/product"}],"replies":[{"embeddable":true,"href":"https:\/\/horecacenter.com\/fr\/wp-json\/wp\/v2\/comments?post=167256"}],"version-history":[{"count":4,"href":"https:\/\/horecacenter.com\/fr\/wp-json\/wp\/v2\/product\/167256\/revisions"}],"predecessor-version":[{"id":189846,"href":"https:\/\/horecacenter.com\/fr\/wp-json\/wp\/v2\/product\/167256\/revisions\/189846"}],"wp:featuredmedia":[{"embeddable":true,"href":"https:\/\/horecacenter.com\/fr\/wp-json\/wp\/v2\/media\/72392"}],"wp:attachment":[{"href":"https:\/\/horecacenter.com\/fr\/wp-json\/wp\/v2\/media?parent=167256"}],"wp:term":[{"taxonomy":"product_brand","embeddable":true,"href":"https:\/\/horecacenter.com\/fr\/wp-json\/wp\/v2\/product_brand?post=167256"},{"taxonomy":"product_cat","embeddable":true,"href":"https:\/\/horecacenter.com\/fr\/wp-json\/wp\/v2\/product_cat?post=167256"},{"taxonomy":"product_tag","embeddable":true,"href":"https:\/\/horecacenter.com\/fr\/wp-json\/wp\/v2\/product_tag?post=167256"}],"curies":[{"name":"wp","href":"https:\/\/api.w.org\/{rel}","templated":true}]}}