{"id":167743,"date":"2025-11-29T09:34:17","date_gmt":"2025-11-29T09:34:17","guid":{"rendered":"https:\/\/horecacenter.com\/?post_type=product&#038;p=167743"},"modified":"2026-03-17T11:06:31","modified_gmt":"2026-03-17T11:06:31","slug":"chaise-de-restaurant-avec-accoudoirs-omega-microfibre-vintage-brun","status":"publish","type":"product","link":"https:\/\/horecacenter.com\/fr\/produit\/chaise-de-restaurant-avec-accoudoirs-omega-microfibre-vintage-brun\/","title":{"rendered":"Chaise de Restaurant Avec Accoudoirs &#8211; OMEGA &#8211; Microfibre  Brun"},"content":{"rendered":"<p>Ce fauteuil horeca est rev\u00eatu de <strong>microfibre brune<\/strong>, un mat\u00e9riau de haute qualit\u00e9 reconnu pour sa douceur et sa durabilit\u00e9. La microfibre offre un excellent confort et convient parfaitement \u00e0 une utilisation intensive dans les restaurants, caf\u00e9s et h\u00f4tels. La couleur brune apporte une ambiance chaleureuse et \u00e9l\u00e9gante.<\/p>\n<p><strong>Fauteuil Horeca \u00c9l\u00e9gant avec Confort Sup\u00e9rieur<\/strong><\/p>\n<p>Le <strong>Fauteuil Horeca OMEGA \u2013 Microfibre Brune<\/strong> associe un design \u00e9l\u00e9gant \u00e0 un confort optimal gr\u00e2ce aux accoudoirs int\u00e9gr\u00e9s. Le rev\u00eatement doux garantit une assise agr\u00e9able, tandis que le pi\u00e8tement noir assure stabilit\u00e9 et style contemporain. Gr\u00e2ce \u00e0 son design intemporel, ce fauteuil s\u2019int\u00e8gre facilement dans diff\u00e9rents styles d\u2019int\u00e9rieur horeca. Il est id\u00e9al pour les restaurants et espaces lounge recherchant confort et \u00e9l\u00e9gance. Pour l\u2019entretien, nettoyez la microfibre avec une brosse douce ou un chiffon l\u00e9g\u00e8rement humide. \u00c9vitez les produits agressifs afin de pr\u00e9server la qualit\u00e9 du tissu. Vous d\u00e9marrez un projet horeca ou souhaitez renouveler votre int\u00e9rieur ? Contactez-nous par <strong>T\u00e9l\u00e9phone<\/strong>, <strong>WhatsApp<\/strong> ou <strong>e-mail<\/strong> ou visitez notre showroom pour un conseil professionnel.<\/p>\n<p><span style=\"color: #000000;\"><strong>Informations suppl\u00e9mentaires :<\/strong><\/span><\/p>\n<ul>\n<li><span style=\"color: #000000;\">Livr\u00e9 avec un clou de glissement en plastique standard.<\/span><\/li>\n<li><span style=\"color: #000000;\">Livr\u00e9 enti\u00e8rement pr\u00eat \u00e0 l&#8217;emploi.<\/span><\/li>\n<li><span style=\"color: #000000;\">Produit europ\u00e9en garantie.<\/span><\/li>\n<li><span style=\"color: #000000;\">1 an de garantie.<\/span><\/li>\n<\/ul>\n","protected":false},"excerpt":{"rendered":"<p>Ce fauteuil horeca est rev\u00eatu de microfibre brune, un mat\u00e9riau de haute qualit\u00e9 reconnu pour sa douceur et sa durabilit\u00e9.<\/p>\n","protected":false},"featured_media":122649,"comment_status":"open","ping_status":"closed","template":"","meta":[],"product_brand":[],"product_cat":[10052,9856],"product_tag":[10592,10593,10578,10579,10580,10581,10582,10583,10584,10585,10586,10587,10588,10589,10590,10591],"class_list":{"0":"post-167743","1":"product","2":"type-product","3":"status-publish","4":"has-post-thumbnail","6":"product_cat-chaise-avec-accoudoir","7":"product_cat-chaises-en-cuir","8":"product_tag-restaurantst-hle","9":"product_tag-horeca-st-hle","10":"product_tag-stoelen-2","11":"product_tag-horeca-stoelen","12":"product_tag-restaurant-stoelen","13":"product_tag-industrieel-stoelen","14":"product_tag-chaises-2","15":"product_tag-chaises-industrielles","16":"product_tag-chaises-de-restaurant","17":"product_tag-chaises-horeca","18":"product_tag-chairs-2","19":"product_tag-industrial-chairs","20":"product_tag-restaurant-chairs","21":"product_tag-horeca-chairs","22":"product_tag-st-hle","23":"product_tag-industriest-hle","24":"pa_armrest-armrest-oui-fr","25":"pa_frame-non-empilable-frame-fr","26":"pa_product-arm-height-cm-7050-arm-height-cm-fr","27":"pa_product-color-color-brun-fr","28":"pa_product-frame-color-wenge-frame-color-fr","29":"pa_product-material-material-cadre-en-bois-fr","30":"pa_product-more-colors-oui-fr","31":"pa_product-seat-height-cm-49-seat-height-cm-fr","32":"pa_product-seat-width-cm-41-50-seat-width-cm-fr","33":"pa_product-seats-1-seats-fr","34":"pa_product-upholstery-upholstery-microfibre-fr","35":"pa_product-usage-usage-interieur-fr","37":"first","38":"onbackorder","39":"sale","40":"taxable","41":"shipping-taxable","42":"purchasable","43":"product-type-simple"},"_links":{"self":[{"href":"https:\/\/horecacenter.com\/fr\/wp-json\/wp\/v2\/product\/167743","targetHints":{"allow":["GET"]}}],"collection":[{"href":"https:\/\/horecacenter.com\/fr\/wp-json\/wp\/v2\/product"}],"about":[{"href":"https:\/\/horecacenter.com\/fr\/wp-json\/wp\/v2\/types\/product"}],"replies":[{"embeddable":true,"href":"https:\/\/horecacenter.com\/fr\/wp-json\/wp\/v2\/comments?post=167743"}],"version-history":[{"count":3,"href":"https:\/\/horecacenter.com\/fr\/wp-json\/wp\/v2\/product\/167743\/revisions"}],"predecessor-version":[{"id":189947,"href":"https:\/\/horecacenter.com\/fr\/wp-json\/wp\/v2\/product\/167743\/revisions\/189947"}],"wp:featuredmedia":[{"embeddable":true,"href":"https:\/\/horecacenter.com\/fr\/wp-json\/wp\/v2\/media\/122649"}],"wp:attachment":[{"href":"https:\/\/horecacenter.com\/fr\/wp-json\/wp\/v2\/media?parent=167743"}],"wp:term":[{"taxonomy":"product_brand","embeddable":true,"href":"https:\/\/horecacenter.com\/fr\/wp-json\/wp\/v2\/product_brand?post=167743"},{"taxonomy":"product_cat","embeddable":true,"href":"https:\/\/horecacenter.com\/fr\/wp-json\/wp\/v2\/product_cat?post=167743"},{"taxonomy":"product_tag","embeddable":true,"href":"https:\/\/horecacenter.com\/fr\/wp-json\/wp\/v2\/product_tag?post=167743"}],"curies":[{"name":"wp","href":"https:\/\/api.w.org\/{rel}","templated":true}]}}